{"id":184882,"date":"2025-12-21T23:57:10","date_gmt":"2025-12-21T20:57:10","guid":{"rendered":"https:\/\/baldumarket.lt\/product\/uszczelka-do-cokolow\/"},"modified":"2026-04-14T10:01:53","modified_gmt":"2026-04-14T07:01:53","slug":"uszczelka-do-cokolow","status":"publish","type":"product","link":"https:\/\/baldumarket.lt\/lt\/product\/uszczelka-do-cokolow\/","title":{"rendered":"Cokolinis sandariklis"},"content":{"rendered":"<p>2,2 m cokolio sandariklis.<br \/>\nPASTABA \u2013 \u0160io produkto \u012fsigyti negalima neu\u017esakius gamintojo virtuv\u0117s 028.<\/p>","protected":false},"excerpt":{"rendered":"<p>2,2 m cokolio sandariklis. PASTABA \u2013 \u0160io gaminio \u012fsigyti negalima neu\u017esakius gamintojo virtuv\u0117s komplekto 028.<\/p>","protected":false},"featured_media":184883,"comment_status":"open","ping_status":"open","template":"","meta":[],"product_brand":[],"product_cat":[1043,4746],"product_tag":[],"class_list":{"0":"post-184882","1":"product","2":"type-product","3":"status-publish","4":"has-post-thumbnail","6":"product_cat-extras","7":"product_cat-fadome","9":"first","10":"instock","11":"purchasable","12":"product-type-simple"},"_links":{"self":[{"href":"https:\/\/baldumarket.lt\/lt\/wp-json\/wp\/v2\/product\/184882","targetHints":{"allow":["GET"]}}],"collection":[{"href":"https:\/\/baldumarket.lt\/lt\/wp-json\/wp\/v2\/product"}],"about":[{"href":"https:\/\/baldumarket.lt\/lt\/wp-json\/wp\/v2\/types\/product"}],"replies":[{"embeddable":true,"href":"https:\/\/baldumarket.lt\/lt\/wp-json\/wp\/v2\/comments?post=184882"}],"wp:featuredmedia":[{"embeddable":true,"href":"https:\/\/baldumarket.lt\/lt\/wp-json\/wp\/v2\/media\/184883"}],"wp:attachment":[{"href":"https:\/\/baldumarket.lt\/lt\/wp-json\/wp\/v2\/media?parent=184882"}],"wp:term":[{"taxonomy":"product_brand","embeddable":true,"href":"https:\/\/baldumarket.lt\/lt\/wp-json\/wp\/v2\/product_brand?post=184882"},{"taxonomy":"product_cat","embeddable":true,"href":"https:\/\/baldumarket.lt\/lt\/wp-json\/wp\/v2\/product_cat?post=184882"},{"taxonomy":"product_tag","embeddable":true,"href":"https:\/\/baldumarket.lt\/lt\/wp-json\/wp\/v2\/product_tag?post=184882"}],"curies":[{"name":"wp","href":"https:\/\/api.w.org\/{rel}","templated":true}]}}