{"id":184861,"date":"2025-12-21T23:56:42","date_gmt":"2025-12-21T20:56:42","guid":{"rendered":"https:\/\/baldumarket.lt\/product\/szafka-slupek-komin-60-cm-na-lodowke-premio-pre-21d\/"},"modified":"2026-04-14T15:50:18","modified_gmt":"2026-04-14T12:50:18","slug":"szafka-slupek-komin-60-cm-na-lodowke-premio-pre-21d","status":"publish","type":"product","link":"https:\/\/baldumarket.lt\/lt\/product\/szafka-slupek-komin-60-cm-na-lodowke-premio-pre-21d\/","title":{"rendered":"60 cm kamino kolonos spintel\u0117 Premio PRE-21D \u0161aldytuvui"},"content":{"rendered":"<p>\u201ePremio Kitchen\u201c \u2013 tai modernus ir ergonomi\u0161kas virtuv\u0117s bald\u0173 komplektas, kur\u012f sudaro:<br \/>\nMetaliniai stal\u010diai su stabd\u017eiais, galintys i\u0161laikyti iki 30 kg<br \/>\nDujiniai keltuvai \u012f vir\u0161\u0173 atidaromose spintel\u0117se<br \/>\n\u0160velniai u\u017esidarantys vyriai, kurie u\u017edaro duris j\u0173 neu\u017etrenkdami<br \/>\nVir\u0161utin\u0117s spintel\u0117s su reguliuojamo auk\u0161\u010dio ir kampo pakabomis<br \/>\nPriekin\u0117s dalys pagamintos i\u0161 laminuotos plok\u0161t\u0117s<br \/>\nKorpusas pagamintas i\u0161 laminuotos plok\u0161t\u0117s<br \/>\n\u012e komplekt\u0105 \u012feina cokoliai<br \/>\nReguliuojamos kojel\u0117s ne\u012fskai\u010diuotos<br \/>\nMetalin\u0117s ranken\u0117l\u0117s \u2013 pastaba: kiekviena Sonoma spalvos lentos ranken\u0117l\u0117 turi frezavimo i\u0161pjov\u0105. Tai taikoma tiek vir\u0161utin\u0117ms, tiek apatin\u0117ms spintel\u0117ms.<br \/>\nSpalvos:<br \/>\nKorpusas ir cokolio apdaila \u2013 Sonoma \u0105\u017euolas<br \/>\nVir\u0161utiniai fasadai \u2013 Sonoma \u0105\u017euolas + blizgi balta<br \/>\nApatiniai fasadai \u2013 Sonoma \u0105\u017euolas + kapu\u010dino<br \/>\n\u00a0<br \/>\n\u201ePremio PRE-21D\u201c sudedama \u0161aldytuvo spintel\u0117.<\/p>","protected":false},"excerpt":{"rendered":"<p>Gylis [cm] 58<br \/>\nPlotis [cm] 60<br \/>\n\u016agis [cm] 211<\/p>","protected":false},"featured_media":184862,"comment_status":"open","ping_status":"open","template":"","meta":[],"product_brand":[],"product_cat":[9582,4746,9118],"product_tag":[],"class_list":{"0":"post-184861","1":"product","2":"type-product","3":"status-publish","4":"has-post-thumbnail","6":"product_cat-kitchen-furniture-premio-fadome","7":"product_cat-fadome","8":"product_cat-kitchen-cabinets","10":"first","11":"instock","12":"purchasable","13":"product-type-simple"},"_links":{"self":[{"href":"https:\/\/baldumarket.lt\/lt\/wp-json\/wp\/v2\/product\/184861","targetHints":{"allow":["GET"]}}],"collection":[{"href":"https:\/\/baldumarket.lt\/lt\/wp-json\/wp\/v2\/product"}],"about":[{"href":"https:\/\/baldumarket.lt\/lt\/wp-json\/wp\/v2\/types\/product"}],"replies":[{"embeddable":true,"href":"https:\/\/baldumarket.lt\/lt\/wp-json\/wp\/v2\/comments?post=184861"}],"wp:featuredmedia":[{"embeddable":true,"href":"https:\/\/baldumarket.lt\/lt\/wp-json\/wp\/v2\/media\/184862"}],"wp:attachment":[{"href":"https:\/\/baldumarket.lt\/lt\/wp-json\/wp\/v2\/media?parent=184861"}],"wp:term":[{"taxonomy":"product_brand","embeddable":true,"href":"https:\/\/baldumarket.lt\/lt\/wp-json\/wp\/v2\/product_brand?post=184861"},{"taxonomy":"product_cat","embeddable":true,"href":"https:\/\/baldumarket.lt\/lt\/wp-json\/wp\/v2\/product_cat?post=184861"},{"taxonomy":"product_tag","embeddable":true,"href":"https:\/\/baldumarket.lt\/lt\/wp-json\/wp\/v2\/product_tag?post=184861"}],"curies":[{"name":"wp","href":"https:\/\/api.w.org\/{rel}","templated":true}]}}