{"id":184837,"date":"2025-12-21T23:56:07","date_gmt":"2025-12-21T20:56:07","guid":{"rendered":"https:\/\/baldumarket.lt\/product\/szafka-slupek-60-cm-pod-piekarnik-infinity-inf-20d\/"},"modified":"2026-04-14T09:39:50","modified_gmt":"2026-04-14T06:39:50","slug":"szafka-slupek-60-cm-pod-piekarnik-infinity-inf-20d","status":"publish","type":"product","link":"https:\/\/baldumarket.lt\/lt\/product\/szafka-slupek-60-cm-pod-piekarnik-infinity-inf-20d\/","title":{"rendered":"60 cm kolonos spintel\u0117 \u201eInfinity INF-20D\u201c krosniai"},"content":{"rendered":"<p>\u201eInfinity Kitchen\u201c \u2013 tai modernus ir ergonomi\u0161kas virtuv\u0117s bald\u0173 komplektas, kur\u012f sudaro:<br \/>\nlaminuot\u0173 plok\u0161\u010di\u0173 korpusai<br \/>\nlaminuot\u0173 plok\u0161\u010di\u0173 pagrindai<br \/>\nlaminuot\u0173 plok\u0161\u010di\u0173 fasadai<br \/>\n10 cm auk\u0161\u010dio reguliuojamo auk\u0161\u010dio kojel\u0117s (9,5\u201313 cm reguliuojamos)<br \/>\njuodos metalin\u0117s rankenos<br \/>\n\u0161velniai u\u017esidarantys vyriai, kurie u\u017edaro duris neu\u017etrenkdami<br \/>\nvir\u0161utin\u0117s spintel\u0117s su reguliuojamo auk\u0161\u010dio ir kampo pakabomis<br \/>\nPapildomos funkcijos:<br \/>\nPagrindin\u0117 aparatin\u0117 \u012franga:<br \/>\nGTV arba NTP b\u0117giai (metalin\u0117 d\u0117\u017e\u0117 su stabd\u017eiais)<br \/>\nduj\u0173 keltuvai<br \/>\nPrabangi \u012franga galima \u012fsigyti u\u017e papildom\u0105 mokest\u012f:<br \/>\nHafele b\u0117geliai (\u0161velniai u\u017esidarantys)<br \/>\nBlum keltuvai<br \/>\nGalimos spalv\u0173 parinktys:<br \/>\nfasadai \u2013 blizgi balta + \u201eArtisan\u201c, blizgi latte + mediena, matin\u0117 pilka + \u201eArtisan\u201c (vir\u0161utin\u0117s spintel\u0117s) (be \u012fd\u0117kl\u0173)<br \/>\nR\u0117mas \u2013 galima rinktis i\u0161 trij\u0173 spalv\u0173 \u2013 Sonoma \u0105\u017euolo, Artisan \u0105\u017euolo arba Andersen pu\u0161ies<br \/>\nCokolin\u0117s grindys \u2013 trij\u0173 spalv\u0173 pasirinkimas \u2013 Sonoma \u0105\u017euolas, Artisan \u0105\u017euolas arba Andersen pu\u0161is<br \/>\n60 cm \u201eInfinity INF-20D\u201c orkait\u0117s spintel\u0117<\/p>","protected":false},"excerpt":{"rendered":"<p>Virtuv\u0117s spalvos: blizgi balta + \u201eArtisan\u201c, blizgi latte + med\u017eio, matin\u0117 pilka + \u201eArtisan\u201c<br \/>\nVirtuv\u0117s stilius: Modernus<br \/>\nPriekin\u0117s dalies tipas: laminuota plok\u0161t\u0117 \/ MDF \/ lakuota laminuota plok\u0161t\u0117<\/p>","protected":false},"featured_media":184838,"comment_status":"open","ping_status":"open","template":"","meta":[],"product_brand":[],"product_cat":[9581,4746,9118],"product_tag":[],"class_list":{"0":"post-184837","1":"product","2":"type-product","3":"status-publish","4":"has-post-thumbnail","6":"product_cat-kitchen-furniture-infinity-fadome","7":"product_cat-fadome","8":"product_cat-kitchen-cabinets","10":"first","11":"instock","12":"purchasable","13":"product-type-simple"},"_links":{"self":[{"href":"https:\/\/baldumarket.lt\/lt\/wp-json\/wp\/v2\/product\/184837","targetHints":{"allow":["GET"]}}],"collection":[{"href":"https:\/\/baldumarket.lt\/lt\/wp-json\/wp\/v2\/product"}],"about":[{"href":"https:\/\/baldumarket.lt\/lt\/wp-json\/wp\/v2\/types\/product"}],"replies":[{"embeddable":true,"href":"https:\/\/baldumarket.lt\/lt\/wp-json\/wp\/v2\/comments?post=184837"}],"wp:featuredmedia":[{"embeddable":true,"href":"https:\/\/baldumarket.lt\/lt\/wp-json\/wp\/v2\/media\/184838"}],"wp:attachment":[{"href":"https:\/\/baldumarket.lt\/lt\/wp-json\/wp\/v2\/media?parent=184837"}],"wp:term":[{"taxonomy":"product_brand","embeddable":true,"href":"https:\/\/baldumarket.lt\/lt\/wp-json\/wp\/v2\/product_brand?post=184837"},{"taxonomy":"product_cat","embeddable":true,"href":"https:\/\/baldumarket.lt\/lt\/wp-json\/wp\/v2\/product_cat?post=184837"},{"taxonomy":"product_tag","embeddable":true,"href":"https:\/\/baldumarket.lt\/lt\/wp-json\/wp\/v2\/product_tag?post=184837"}],"curies":[{"name":"wp","href":"https:\/\/api.w.org\/{rel}","templated":true}]}}