{"id":184813,"date":"2025-12-21T23:55:33","date_gmt":"2025-12-21T20:55:33","guid":{"rendered":"https:\/\/baldumarket.lt\/product\/szafka-slupek-60-cm-pod-piekarnik-creativa-cre-20d\/"},"modified":"2026-04-14T09:48:27","modified_gmt":"2026-04-14T06:48:27","slug":"szafka-slupek-60-cm-pod-piekarnik-creativa-cre-20d","status":"publish","type":"product","link":"https:\/\/baldumarket.lt\/lt\/product\/szafka-slupek-60-cm-pod-piekarnik-creativa-cre-20d\/","title":{"rendered":"60 cm kolonos spintel\u0117 \u201eCreativa CRE 20D\u201c orkaitei"},"content":{"rendered":"<p>\u201eCreativa\u201c virtuv\u0117 \u2013 tai modernus ir ergonomi\u0161kas virtuv\u0117s bald\u0173 komplektas, kuriam b\u016bdingos:<br \/>\nlaminuot\u0173 plok\u0161\u010di\u0173 korpusai<br \/>\nlaminuot\u0173 plok\u0161\u010di\u0173 pagrindai<br \/>\nlaminuot\u0173 plok\u0161\u010di\u0173 fasadai<br \/>\n10 cm auk\u0161\u010dio reguliuojamo auk\u0161\u010dio kojel\u0117s (9,5\u201313 cm reguliuojamos)<br \/>\nmetalin\u0117s rankenos<br \/>\n\u0161velniai u\u017esidarantys vyriai, leid\u017eiantys durims u\u017esidaryti be trenksmo<br \/>\nvir\u0161utin\u0117s spintel\u0117s su reguliuojamo auk\u0161\u010dio ir kampo pakabomis<br \/>\nPapildomos funkcijos:<br \/>\nPagrindin\u0117 aparatin\u0117 \u012franga:<br \/>\nGTV arba NTP b\u0117giai (metalin\u0117 d\u0117\u017e\u0117 su stabd\u017eiais)<br \/>\nduj\u0173 keltuvai<br \/>\nPrabangi \u012franga galima \u012fsigyti u\u017e papildom\u0105 mokest\u012f:<br \/>\nHafele b\u0117geliai (\u0161velniai u\u017esidarantys)<br \/>\nBlum keltuvai<br \/>\nSpalvos:<br \/>\nVir\u0161utini\u0173 spinteli\u0173 fasadai \u2013 tik blizgios baltos spalvos<br \/>\napatini\u0173 spinteli\u0173 fasadai \u2013 blizgios baltos arba blizgios pilkos spalvos<br \/>\nr\u0117mas \u2013 iki Pasirinkite i\u0161 trij\u0173 spalv\u0173 \u2013 Sonoma Oak, Artisan Oak arba Andersen Pine<br \/>\nCokolin\u0117s grindys \u2013 pasirinkite i\u0161 trij\u0173 spalv\u0173 \u2013 Sonoma \u0105\u017euolo, Artisan \u0105\u017euolo arba Andersen pu\u0161ies<br \/>\n\u201eCreativa CRE 20D\u201c 60 cm sudedama orkait\u0117s spintel\u0117 su papildomu stal\u010diumi.<\/p>","protected":false},"excerpt":{"rendered":"<p>Virtuv\u0117s spalvos: blizgios baltos spalvos fasadai, \u0161viesaus med\u017eio imitacijos fasadai<br \/>\nModernus virtuv\u0117s stilius<br \/>\nKomplekto plotis: laminuota plok\u0161t\u0117, PVC<\/p>","protected":false},"featured_media":184814,"comment_status":"open","ping_status":"open","template":"","meta":[],"product_brand":[],"product_cat":[9579,4746,9118],"product_tag":[],"class_list":{"0":"post-184813","1":"product","2":"type-product","3":"status-publish","4":"has-post-thumbnail","6":"product_cat-kitchen-furniture-creativa-fadome","7":"product_cat-fadome","8":"product_cat-kitchen-cabinets","10":"first","11":"instock","12":"purchasable","13":"product-type-simple"},"_links":{"self":[{"href":"https:\/\/baldumarket.lt\/lt\/wp-json\/wp\/v2\/product\/184813","targetHints":{"allow":["GET"]}}],"collection":[{"href":"https:\/\/baldumarket.lt\/lt\/wp-json\/wp\/v2\/product"}],"about":[{"href":"https:\/\/baldumarket.lt\/lt\/wp-json\/wp\/v2\/types\/product"}],"replies":[{"embeddable":true,"href":"https:\/\/baldumarket.lt\/lt\/wp-json\/wp\/v2\/comments?post=184813"}],"wp:featuredmedia":[{"embeddable":true,"href":"https:\/\/baldumarket.lt\/lt\/wp-json\/wp\/v2\/media\/184814"}],"wp:attachment":[{"href":"https:\/\/baldumarket.lt\/lt\/wp-json\/wp\/v2\/media?parent=184813"}],"wp:term":[{"taxonomy":"product_brand","embeddable":true,"href":"https:\/\/baldumarket.lt\/lt\/wp-json\/wp\/v2\/product_brand?post=184813"},{"taxonomy":"product_cat","embeddable":true,"href":"https:\/\/baldumarket.lt\/lt\/wp-json\/wp\/v2\/product_cat?post=184813"},{"taxonomy":"product_tag","embeddable":true,"href":"https:\/\/baldumarket.lt\/lt\/wp-json\/wp\/v2\/product_tag?post=184813"}],"curies":[{"name":"wp","href":"https:\/\/api.w.org\/{rel}","templated":true}]}}