{"id":184677,"date":"2025-12-21T23:52:23","date_gmt":"2025-12-21T20:52:23","guid":{"rendered":"https:\/\/baldumarket.lt\/product\/szafka-slupek-40-cm-spizarka-viva-viv-19d\/"},"modified":"2026-04-14T10:01:53","modified_gmt":"2026-04-14T07:01:53","slug":"szafka-slupek-40-cm-spizarka-viva-viv-19d","status":"publish","type":"product","link":"https:\/\/baldumarket.lt\/lt\/product\/szafka-slupek-40-cm-spizarka-viva-viv-19d\/","title":{"rendered":"40 cm kolonin\u0117 spintel\u0117, sand\u0117liukas, Viva VIV-19D"},"content":{"rendered":"<p>\u201eViva\u201c virtuv\u0117 \u2013 tai modernus ir ergonomi\u0161kas virtuv\u0117s bald\u0173 komplektas, kuriam b\u016bdingos:<br \/>\nlaminuot\u0173 plok\u0161\u010di\u0173 korpusai<br \/>\nlaminuot\u0173 plok\u0161\u010di\u0173 pagrindai<br \/>\nlaminuotos plok\u0161t\u0117s fasadai + MDF (apatin\u0117s spintel\u0117s ir stovai)<br \/>\n10 cm auk\u0161\u010dio reguliuojamo auk\u0161\u010dio kojel\u0117s (reguliuojamos 9,5\u201313 cm)<br \/>\njuodos metalin\u0117s rankenos<br \/>\n\u0161velniai u\u017esidarantys vyriai, kurie u\u017edaro duris neu\u017etrenkdami<br \/>\nvir\u0161utin\u0117s spintel\u0117s su reguliuojamo auk\u0161\u010dio ir kampo pakabomis<br \/>\nPapildomos funkcijos:<br \/>\nPagrindin\u0117 aparatin\u0117 \u012franga:<br \/>\nGTV arba NTP b\u0117giai (metalin\u0117 d\u0117\u017e\u0117 su stabd\u017eiais)<br \/>\nduj\u0173 keltuvai<br \/>\nPrabangi \u012franga galima \u012fsigyti u\u017e papildom\u0105 mokest\u012f:<br \/>\nHafele b\u0117geliai (\u0161velniai u\u017esidarantys)<br \/>\nBlum keltuvai<br \/>\nGalimos spalv\u0173 parinktys:<br \/>\nPriekin\u0117s dalys \u2013 grioveliai apa\u010dioje \u2013 \u201eArtisan\u201c, vir\u0161utin\u0117; blizgi balta, blizgi latte ir matin\u0117 pilka korpuso spalvos \u2013 trys spalvos: Sonoma \u0105\u017euolas, artisan \u0105\u017euolas arba Andersen pu\u0161is.<br \/>\nCokolin\u0117s grindys \u2013 trij\u0173 spalv\u0173: Sonoma \u0105\u017euolo, artisan \u0105\u017euolo arba Anderseno pu\u0161ies<br \/>\n40 cm Viva VIV-19D kolonin\u0117 spintel\u0117 su sand\u0117liuku \u2013 lentynos u\u017e fasad\u0173<br \/>\nPASTABA \u2013 \u201eInfinity\u201c vir\u0161utin\u0117s spintel\u0117s yra skirtos \u201eViva\u201c virtuvei.<\/p>","protected":false},"excerpt":{"rendered":"<p>Virtuv\u0117s spalvos: blizgi balta, blizgi latte, matin\u0117 pilka ir \u201eartisan\u201c dugnas.<br \/>\nVirtuv\u0117s stilius: modernus.<br \/>\nGylis [cm] 58<\/p>","protected":false},"featured_media":184678,"comment_status":"open","ping_status":"open","template":"","meta":[],"product_brand":[],"product_cat":[9588,4746,9118],"product_tag":[],"class_list":{"0":"post-184677","1":"product","2":"type-product","3":"status-publish","4":"has-post-thumbnail","6":"product_cat-kitchen-furniture-viva-fadome","7":"product_cat-fadome","8":"product_cat-kitchen-cabinets","10":"first","11":"instock","12":"purchasable","13":"product-type-simple"},"_links":{"self":[{"href":"https:\/\/baldumarket.lt\/lt\/wp-json\/wp\/v2\/product\/184677","targetHints":{"allow":["GET"]}}],"collection":[{"href":"https:\/\/baldumarket.lt\/lt\/wp-json\/wp\/v2\/product"}],"about":[{"href":"https:\/\/baldumarket.lt\/lt\/wp-json\/wp\/v2\/types\/product"}],"replies":[{"embeddable":true,"href":"https:\/\/baldumarket.lt\/lt\/wp-json\/wp\/v2\/comments?post=184677"}],"wp:featuredmedia":[{"embeddable":true,"href":"https:\/\/baldumarket.lt\/lt\/wp-json\/wp\/v2\/media\/184678"}],"wp:attachment":[{"href":"https:\/\/baldumarket.lt\/lt\/wp-json\/wp\/v2\/media?parent=184677"}],"wp:term":[{"taxonomy":"product_brand","embeddable":true,"href":"https:\/\/baldumarket.lt\/lt\/wp-json\/wp\/v2\/product_brand?post=184677"},{"taxonomy":"product_cat","embeddable":true,"href":"https:\/\/baldumarket.lt\/lt\/wp-json\/wp\/v2\/product_cat?post=184677"},{"taxonomy":"product_tag","embeddable":true,"href":"https:\/\/baldumarket.lt\/lt\/wp-json\/wp\/v2\/product_tag?post=184677"}],"curies":[{"name":"wp","href":"https:\/\/api.w.org\/{rel}","templated":true}]}}