{"id":184629,"date":"2025-12-21T23:51:11","date_gmt":"2025-12-21T20:51:11","guid":{"rendered":"https:\/\/baldumarket.lt\/product\/szafka-slupek-40-cm-spizarka-favorit-ribbeck-fr-19d\/"},"modified":"2026-04-14T09:59:51","modified_gmt":"2026-04-14T06:59:51","slug":"szafka-slupek-40-cm-spizarka-favorit-ribbeck-fr-19d","status":"publish","type":"product","link":"https:\/\/baldumarket.lt\/lt\/product\/szafka-slupek-40-cm-spizarka-favorit-ribbeck-fr-19d\/","title":{"rendered":"40 cm kolonin\u0117 spintel\u0117 sand\u0117liukui Favorit Ribbeck FR-19D"},"content":{"rendered":"<p>\u201eFavorit\u201c virtuv\u0117 \u2013 tai modernus ir ergonomi\u0161kas virtuv\u0117s bald\u0173 komplektas, kuriam b\u016bdingos:<br \/>\nlaminuot\u0173 plok\u0161\u010di\u0173 korpusai<br \/>\nlaminuot\u0173 plok\u0161\u010di\u0173 pagrindai<br \/>\nlaminuot\u0173 plok\u0161\u010di\u0173 fasadai<br \/>\n10 cm auk\u0161\u010dio reguliuojamo auk\u0161\u010dio kojel\u0117s (reguliuojamos 9,5\u201313 cm)<br \/>\nmetalin\u0117s rankenos<br \/>\npastaba \u2013 frezavimas ant kiekvienos rankenos<br \/>\n\u0161velniai u\u017esidarantys vyriai, leid\u017eiantys durims u\u017esidaryti be trenksmo<br \/>\nvir\u0161utin\u0117s spintel\u0117s su auk\u0161\u010dio ir kampo reguliavimu<br \/>\nPapildomos funkcijos:<br \/>\nPagrindin\u0117 aparatin\u0117 \u012franga:<br \/>\nGTV arba NTP b\u0117giai (metalin\u0117 d\u0117\u017e\u0117 su stabd\u017eiais)<br \/>\nduj\u0173 keltuvai<br \/>\nPrabangi \u012franga galima \u012fsigyti u\u017e papildom\u0105 mokest\u012f:<br \/>\nHafele b\u0117geliai (\u0161velniai u\u017esidarantys)<br \/>\nBlum keltuvai<br \/>\nSpalvos:<br \/>\nfasadai \u2013 baltai blizgus PVC + \u201eRibbeck\u201c \u012fd\u0117klai<br \/>\nkorpusas \u2013 galima rinktis i\u0161 trij\u0173 spalv\u0173; spalvos \u2013 Sonoma \u0105\u017euolas, Artisan \u0105\u017euolas arba Andersen pu\u0161is<br \/>\nCokolin\u0117s grindys \u2013 pasirinkite i\u0161 trij\u0173 spalv\u0173 \u2013 Sonoma \u0105\u017euolo, Artisan \u0105\u017euolo arba Andersen pu\u0161ies<br \/>\n40 cm kolonin\u0117 spintel\u0117, \u201eFavorit Ribbeck FR-19D\u201c, sand\u0117liuko spintel\u0117 su lentynomis.<\/p>","protected":false},"excerpt":{"rendered":"<p>Gylis [cm] 58<br \/>\nPlotis [cm] 40<br \/>\n\u016agis [cm] 211<\/p>","protected":false},"featured_media":184630,"comment_status":"open","ping_status":"open","template":"","meta":[],"product_brand":[],"product_cat":[9584,4746,9118],"product_tag":[],"class_list":{"0":"post-184629","1":"product","2":"type-product","3":"status-publish","4":"has-post-thumbnail","6":"product_cat-kitchen-furniture-favorit-fadome","7":"product_cat-fadome","8":"product_cat-kitchen-cabinets","10":"first","11":"instock","12":"purchasable","13":"product-type-simple"},"_links":{"self":[{"href":"https:\/\/baldumarket.lt\/lt\/wp-json\/wp\/v2\/product\/184629","targetHints":{"allow":["GET"]}}],"collection":[{"href":"https:\/\/baldumarket.lt\/lt\/wp-json\/wp\/v2\/product"}],"about":[{"href":"https:\/\/baldumarket.lt\/lt\/wp-json\/wp\/v2\/types\/product"}],"replies":[{"embeddable":true,"href":"https:\/\/baldumarket.lt\/lt\/wp-json\/wp\/v2\/comments?post=184629"}],"wp:featuredmedia":[{"embeddable":true,"href":"https:\/\/baldumarket.lt\/lt\/wp-json\/wp\/v2\/media\/184630"}],"wp:attachment":[{"href":"https:\/\/baldumarket.lt\/lt\/wp-json\/wp\/v2\/media?parent=184629"}],"wp:term":[{"taxonomy":"product_brand","embeddable":true,"href":"https:\/\/baldumarket.lt\/lt\/wp-json\/wp\/v2\/product_brand?post=184629"},{"taxonomy":"product_cat","embeddable":true,"href":"https:\/\/baldumarket.lt\/lt\/wp-json\/wp\/v2\/product_cat?post=184629"},{"taxonomy":"product_tag","embeddable":true,"href":"https:\/\/baldumarket.lt\/lt\/wp-json\/wp\/v2\/product_tag?post=184629"}],"curies":[{"name":"wp","href":"https:\/\/api.w.org\/{rel}","templated":true}]}}