{"id":184547,"date":"2025-12-21T23:49:22","date_gmt":"2025-12-21T20:49:22","guid":{"rendered":"https:\/\/baldumarket.lt\/product\/szafka-rtv-roma-rom4\/"},"modified":"2026-04-14T09:58:49","modified_gmt":"2026-04-14T06:58:49","slug":"szafka-rtv-roma-rom4","status":"publish","type":"product","link":"https:\/\/baldumarket.lt\/lt\/product\/szafka-rtv-roma-rom4\/","title":{"rendered":"Roma ROM4 televizoriaus spintel\u0117"},"content":{"rendered":"<p>\u201eRoma ROM4\u201c televizoriaus staliukas \u2013 staliukas turi tris stal\u010dius ir tris ni\u0161as.<br \/>\nSpalva:<br \/>\nK\u016bnas \u2013 guoba<br \/>\nFasadai \u2013 blizgi balta + matin\u0117s pilkos spalvos intarpai<br \/>\nLED foninis ap\u0161vietimas<br \/>\n\u201eRoma\u201c sistemos baldai \u2013 tai unikal\u016bs svetain\u0117s ar jaunimo kambario baldai. J\u0173 savyb\u0117s:<br \/>\nModernus dizainas<br \/>\nTvirta konstrukcija, pagaminta i\u0161 auk\u0161tos kokyb\u0117s laminuotos plok\u0161t\u0117s su MDF apdaila<br \/>\nPatentuotas dizainas garantuoja auk\u0161\u010diausi\u0105 kokyb\u0119 ir d\u0117mes\u012f detal\u0117ms<br \/>\nGalimyb\u0117 pasirinkti atskirus elementus<br \/>\nLED ap\u0161vietimas kaip standartin\u0117 \u012franga<br \/>\nKorpusas: laminuota bald\u0173 plok\u0161t\u0117<br \/>\nPriekin\u0117 dalis: laminuota bald\u0173 plok\u0161t\u0117 + PVC laminatas<\/p>","protected":false},"excerpt":{"rendered":"<p>Gylis [cm] 53<br \/>\nPlotis [cm] 120<br \/>\n\u016agis [cm] 44<\/p>","protected":false},"featured_media":184548,"comment_status":"open","ping_status":"open","template":"","meta":[],"product_brand":[],"product_cat":[9583,4746,1175],"product_tag":[],"class_list":{"0":"post-184547","1":"product","2":"type-product","3":"status-publish","4":"has-post-thumbnail","6":"product_cat-furniture-system-roma-fadome","7":"product_cat-fadome","8":"product_cat-tv-stands","10":"first","11":"instock","12":"purchasable","13":"product-type-simple"},"_links":{"self":[{"href":"https:\/\/baldumarket.lt\/lt\/wp-json\/wp\/v2\/product\/184547","targetHints":{"allow":["GET"]}}],"collection":[{"href":"https:\/\/baldumarket.lt\/lt\/wp-json\/wp\/v2\/product"}],"about":[{"href":"https:\/\/baldumarket.lt\/lt\/wp-json\/wp\/v2\/types\/product"}],"replies":[{"embeddable":true,"href":"https:\/\/baldumarket.lt\/lt\/wp-json\/wp\/v2\/comments?post=184547"}],"wp:featuredmedia":[{"embeddable":true,"href":"https:\/\/baldumarket.lt\/lt\/wp-json\/wp\/v2\/media\/184548"}],"wp:attachment":[{"href":"https:\/\/baldumarket.lt\/lt\/wp-json\/wp\/v2\/media?parent=184547"}],"wp:term":[{"taxonomy":"product_brand","embeddable":true,"href":"https:\/\/baldumarket.lt\/lt\/wp-json\/wp\/v2\/product_brand?post=184547"},{"taxonomy":"product_cat","embeddable":true,"href":"https:\/\/baldumarket.lt\/lt\/wp-json\/wp\/v2\/product_cat?post=184547"},{"taxonomy":"product_tag","embeddable":true,"href":"https:\/\/baldumarket.lt\/lt\/wp-json\/wp\/v2\/product_tag?post=184547"}],"curies":[{"name":"wp","href":"https:\/\/api.w.org\/{rel}","templated":true}]}}