{"id":184545,"date":"2025-12-21T23:49:20","date_gmt":"2025-12-21T20:49:20","guid":{"rendered":"https:\/\/baldumarket.lt\/product\/szafka-nocna-z-szuflada-i-wneka-canada-ca-1sn\/"},"modified":"2026-03-30T19:23:04","modified_gmt":"2026-03-30T16:23:04","slug":"szafka-nocna-z-szuflada-i-wneka-canada-ca-1sn","status":"publish","type":"product","link":"https:\/\/baldumarket.lt\/lt\/product\/szafka-nocna-z-szuflada-i-wneka-canada-ca-1sn\/","title":{"rendered":"CANADA CA-1SN naktinis staliukas su stal\u010diumi ir \u012fduba"},"content":{"rendered":"<p>Naktinis staliukas \u201eCanada CA-1SN\u201c \u2013 su \u012fduba ir stal\u010diumi.<br \/>\n\u0160is naktinis staliukas yra \u201eCanada\u201c miegamojo sistemos dalis \u2013 galima \u012fsigyti spint\u0173, komod\u0173 ir lov\u0173.<br \/>\nSavyb\u0117s:<br \/>\nK\u016bnas \u2013 Artisan Oak<br \/>\nFasadai \u2013 Artisan Oak<br \/>\nRankenos \u2013 Artisan Oak<br \/>\nModernus dizainas<br \/>\nTvirta konstrukcija, pagaminta i\u0161 auk\u0161tos kokyb\u0117s laminuotos PVC plok\u0161t\u0117s<br \/>\nPatentuotas dizainas garantuoja auk\u0161\u010diausi\u0105 kokyb\u0119 ir d\u0117mes\u012f detal\u0117ms<br \/>\nKorpusas: laminuota bald\u0173 plok\u0161t\u0117<br \/>\nPriekin\u0117 dalis: PVC laminuota MDF plok\u0161t\u0117<\/p>","protected":false},"excerpt":{"rendered":"<p>Plotis [cm] 50<br \/>\n\u016agis [cm] 48<br \/>\ngylis [cm] 37<\/p>","protected":false},"featured_media":184546,"comment_status":"open","ping_status":"open","template":"","meta":[],"product_brand":[],"product_cat":[9577,1176,4746],"product_tag":[],"class_list":{"0":"post-184545","1":"product","2":"type-product","3":"status-publish","4":"has-post-thumbnail","6":"product_cat-wardrobes-canada-fadome","7":"product_cat-bedside-tables","8":"product_cat-fadome","10":"first","11":"instock","12":"purchasable","13":"product-type-simple"},"_links":{"self":[{"href":"https:\/\/baldumarket.lt\/lt\/wp-json\/wp\/v2\/product\/184545","targetHints":{"allow":["GET"]}}],"collection":[{"href":"https:\/\/baldumarket.lt\/lt\/wp-json\/wp\/v2\/product"}],"about":[{"href":"https:\/\/baldumarket.lt\/lt\/wp-json\/wp\/v2\/types\/product"}],"replies":[{"embeddable":true,"href":"https:\/\/baldumarket.lt\/lt\/wp-json\/wp\/v2\/comments?post=184545"}],"wp:featuredmedia":[{"embeddable":true,"href":"https:\/\/baldumarket.lt\/lt\/wp-json\/wp\/v2\/media\/184546"}],"wp:attachment":[{"href":"https:\/\/baldumarket.lt\/lt\/wp-json\/wp\/v2\/media?parent=184545"}],"wp:term":[{"taxonomy":"product_brand","embeddable":true,"href":"https:\/\/baldumarket.lt\/lt\/wp-json\/wp\/v2\/product_brand?post=184545"},{"taxonomy":"product_cat","embeddable":true,"href":"https:\/\/baldumarket.lt\/lt\/wp-json\/wp\/v2\/product_cat?post=184545"},{"taxonomy":"product_tag","embeddable":true,"href":"https:\/\/baldumarket.lt\/lt\/wp-json\/wp\/v2\/product_tag?post=184545"}],"curies":[{"name":"wp","href":"https:\/\/api.w.org\/{rel}","templated":true}]}}