{"id":184537,"date":"2025-12-21T23:49:09","date_gmt":"2025-12-21T20:49:09","guid":{"rendered":"https:\/\/baldumarket.lt\/product\/szafka-loftowa-rtv-molto-black-ml4\/"},"modified":"2026-04-14T09:58:49","modified_gmt":"2026-04-14T06:58:49","slug":"szafka-loftowa-rtv-molto-black-ml4","status":"publish","type":"product","link":"https:\/\/baldumarket.lt\/lt\/product\/szafka-loftowa-rtv-molto-black-ml4\/","title":{"rendered":"Molto juoda ML4 pal\u0117p\u0117s televizoriaus spintel\u0117"},"content":{"rendered":"<p>\u201eMolto 4 Loft\u201c televizoriaus staliukas \u2013 su spintele ir dviem stal\u010diais.<br \/>\nSpalva:<br \/>\nK\u016bnas \u2013 Artisan Oak<br \/>\nFasadai \u2013 Artisan Oak + matin\u0117 juoda<br \/>\nGroteli\u0173 \u012fd\u0117klai<br \/>\nRankenos \u2013 juodos<br \/>\n\u012etrauktas LED ap\u0161vietimas<br \/>\n\u201eMolto\u201c sistemos baldai yra unikal\u016bs svetain\u0117s baldai. J\u0173 savyb\u0117s:<br \/>\nModernus dizainas<br \/>\nTvirta konstrukcija, pagaminta i\u0161 auk\u0161tos kokyb\u0117s laminuotos PVC plok\u0161t\u0117s<br \/>\nPatentuotas dizainas, garantuojantis auk\u0161\u010diausi\u0105 kokyb\u0119 ir d\u0117mes\u012f detal\u0117ms<br \/>\nGalimyb\u0117 pasirinkti atskirus elementus<br \/>\nLED ap\u0161vietimas kaip standartin\u0117 \u012franga<br \/>\nKorpusas: laminuota bald\u0173 plok\u0161t\u0117<br \/>\nPriekin\u0117 dalis: PVC dengta MDF plok\u0161t\u0117<br \/>\n\u0160velniai u\u017esidarantys vyriai<br \/>\n3\/4 prailginimo stal\u010di\u0173 b\u0117geliai, tvirtinami apa\u010dioje, \u0161velnaus u\u017edarymo<\/p>","protected":false},"excerpt":{"rendered":"<p>Plotis [cm] 150<br \/>\n\u016agis [cm] 59<br \/>\ngylis [cm] 37<\/p>","protected":false},"featured_media":184538,"comment_status":"open","ping_status":"open","template":"","meta":[],"product_brand":[],"product_cat":[9594,1173,4746],"product_tag":[],"class_list":{"0":"post-184537","1":"product","2":"type-product","3":"status-publish","4":"has-post-thumbnail","6":"product_cat-furniture-system-molto-fadome","7":"product_cat-chests-of-drawers","8":"product_cat-fadome","10":"first","11":"instock","12":"purchasable","13":"product-type-simple"},"_links":{"self":[{"href":"https:\/\/baldumarket.lt\/lt\/wp-json\/wp\/v2\/product\/184537","targetHints":{"allow":["GET"]}}],"collection":[{"href":"https:\/\/baldumarket.lt\/lt\/wp-json\/wp\/v2\/product"}],"about":[{"href":"https:\/\/baldumarket.lt\/lt\/wp-json\/wp\/v2\/types\/product"}],"replies":[{"embeddable":true,"href":"https:\/\/baldumarket.lt\/lt\/wp-json\/wp\/v2\/comments?post=184537"}],"wp:featuredmedia":[{"embeddable":true,"href":"https:\/\/baldumarket.lt\/lt\/wp-json\/wp\/v2\/media\/184538"}],"wp:attachment":[{"href":"https:\/\/baldumarket.lt\/lt\/wp-json\/wp\/v2\/media?parent=184537"}],"wp:term":[{"taxonomy":"product_brand","embeddable":true,"href":"https:\/\/baldumarket.lt\/lt\/wp-json\/wp\/v2\/product_brand?post=184537"},{"taxonomy":"product_cat","embeddable":true,"href":"https:\/\/baldumarket.lt\/lt\/wp-json\/wp\/v2\/product_cat?post=184537"},{"taxonomy":"product_tag","embeddable":true,"href":"https:\/\/baldumarket.lt\/lt\/wp-json\/wp\/v2\/product_tag?post=184537"}],"curies":[{"name":"wp","href":"https:\/\/api.w.org\/{rel}","templated":true}]}}