{"id":184529,"date":"2025-12-21T23:48:58","date_gmt":"2025-12-21T20:48:58","guid":{"rendered":"https:\/\/baldumarket.lt\/product\/szafka-gorna-niska-60-cm-premio-pre-36g\/"},"modified":"2026-04-14T10:04:52","modified_gmt":"2026-04-14T07:04:52","slug":"szafka-gorna-niska-60-cm-premio-pre-36g","status":"publish","type":"product","link":"https:\/\/baldumarket.lt\/lt\/product\/szafka-gorna-niska-60-cm-premio-pre-36g\/","title":{"rendered":"\u017dema vir\u0161utin\u0117 spintel\u0117 60 cm Premio PRE-36G"},"content":{"rendered":"<p>\u201ePremio Kitchen\u201c \u2013 tai modernus ir ergonomi\u0161kas virtuv\u0117s bald\u0173 komplektas, kur\u012f sudaro:<br \/>\nlaminuot\u0173 plok\u0161\u010di\u0173 korpusai<br \/>\nlaminuot\u0173 plok\u0161\u010di\u0173 pagrindai<br \/>\nlaminuot\u0173 plok\u0161\u010di\u0173 fasadai<br \/>\n10 cm auk\u0161\u010dio reguliuojamo auk\u0161\u010dio kojel\u0117s (reguliuojamas nuo 9,5 iki 13 cm)<br \/>\nmetalin\u0117s rankenos<br \/>\npastaba: frezavimas ant kiekvienos rankenos<br \/>\n\u0161velniai u\u017esidarantys vyriai, leid\u017eiantys durims u\u017esidaryti be trenksmo<br \/>\nvir\u0161utin\u0117s spintel\u0117s su auk\u0161\u010dio ir kampo reguliavimu<br \/>\nPapildomos funkcijos:<br \/>\nPagrindin\u0117 aparatin\u0117 \u012franga:<br \/>\nGTV arba NTP b\u0117giai (metalin\u0117 d\u0117\u017e\u0117 su stabd\u017eiais)<br \/>\nduj\u0173 keltuvai<br \/>\nPrabangi \u012franga galima \u012fsigyti u\u017e papildom\u0105 mokest\u012f:<br \/>\nHafele b\u0117geliai (\u0161velniai u\u017esidarantys)<br \/>\nBlum keltuvai<br \/>\nSpalvos:<br \/>\nvir\u0161utiniai fasadai \u2013 Sonoma \u0105\u017euolas + blizgi balta<br \/>\napatiniai fasadai \u2013 \u0105\u017euolas Sonoma + kapu\u010dino<br \/>\nR\u0117mas \u2013 galima rinktis i\u0161 trij\u0173 spalv\u0173 \u2013 Sonoma \u0105\u017euolo, Artisan \u0105\u017euolo arba Andersen pu\u0161ies<br \/>\nCokolin\u0117s grindys \u2013 trij\u0173 spalv\u0173 pasirinkimas \u2013 Sonoma \u0105\u017euolas, Artisan \u0105\u017euolas arba Andersen pu\u0161is<br \/>\n\u201ePremio PRE-36G\u201c \u017eema vir\u0161utin\u0117 spintel\u0117.<br \/>\nPASTABA \u2013 Spintel\u0117s auk\u0161tis: 36 cm.<\/p>","protected":false},"excerpt":{"rendered":"<p>Gylis [cm] 32<br \/>\nPlotis [cm] 60<br \/>\n\u016agis [cm] 36<\/p>","protected":false},"featured_media":184530,"comment_status":"open","ping_status":"open","template":"","meta":[],"product_brand":[],"product_cat":[9582,4746,9118],"product_tag":[],"class_list":{"0":"post-184529","1":"product","2":"type-product","3":"status-publish","4":"has-post-thumbnail","6":"product_cat-kitchen-furniture-premio-fadome","7":"product_cat-fadome","8":"product_cat-kitchen-cabinets","10":"first","11":"instock","12":"purchasable","13":"product-type-simple"},"_links":{"self":[{"href":"https:\/\/baldumarket.lt\/lt\/wp-json\/wp\/v2\/product\/184529","targetHints":{"allow":["GET"]}}],"collection":[{"href":"https:\/\/baldumarket.lt\/lt\/wp-json\/wp\/v2\/product"}],"about":[{"href":"https:\/\/baldumarket.lt\/lt\/wp-json\/wp\/v2\/types\/product"}],"replies":[{"embeddable":true,"href":"https:\/\/baldumarket.lt\/lt\/wp-json\/wp\/v2\/comments?post=184529"}],"wp:featuredmedia":[{"embeddable":true,"href":"https:\/\/baldumarket.lt\/lt\/wp-json\/wp\/v2\/media\/184530"}],"wp:attachment":[{"href":"https:\/\/baldumarket.lt\/lt\/wp-json\/wp\/v2\/media?parent=184529"}],"wp:term":[{"taxonomy":"product_brand","embeddable":true,"href":"https:\/\/baldumarket.lt\/lt\/wp-json\/wp\/v2\/product_brand?post=184529"},{"taxonomy":"product_cat","embeddable":true,"href":"https:\/\/baldumarket.lt\/lt\/wp-json\/wp\/v2\/product_cat?post=184529"},{"taxonomy":"product_tag","embeddable":true,"href":"https:\/\/baldumarket.lt\/lt\/wp-json\/wp\/v2\/product_tag?post=184529"}],"curies":[{"name":"wp","href":"https:\/\/api.w.org\/{rel}","templated":true}]}}