{"id":183737,"date":"2025-12-21T23:31:22","date_gmt":"2025-12-21T20:31:22","guid":{"rendered":"https:\/\/baldumarket.lt\/product\/szafka-gorna-60-cm-uchylna-witryna-infinity-inf-40g\/"},"modified":"2026-04-14T10:32:52","modified_gmt":"2026-04-14T07:32:52","slug":"szafka-gorna-60-cm-uchylna-witryna-infinity-inf-40g","status":"publish","type":"product","link":"https:\/\/baldumarket.lt\/lt\/product\/szafka-gorna-60-cm-uchylna-witryna-infinity-inf-40g\/","title":{"rendered":"Vir\u0161utin\u0117 spintel\u0117 60 cm pakreipiama vitrina Infinity INF-40G"},"content":{"rendered":"<p>\u201eInfinity Kitchen\u201c \u2013 tai modernus ir ergonomi\u0161kas virtuv\u0117s bald\u0173 komplektas, kuriam b\u016bdingos \u0161ios savyb\u0117s:<br \/>\nlaminuot\u0173 plok\u0161\u010di\u0173 korpusai<br \/>\nlaminuot\u0173 plok\u0161\u010di\u0173 pagrindai<br \/>\nlaminuot\u0173 plok\u0161\u010di\u0173 fasadai<br \/>\n10 cm auk\u0161\u010dio reguliuojamo auk\u0161\u010dio kojel\u0117s (9,5\u201313 cm reguliuojamos)<br \/>\njuodos metalin\u0117s rankenos<br \/>\n\u0161velniai u\u017esidarantys vyriai, leid\u017eiantys durims u\u017esidaryti be trenksmo<br \/>\nvir\u0161utin\u0117s spintel\u0117s su auk\u0161\u010dio ir kampo reguliavimu<br \/>\nPapildomos funkcijos:<br \/>\nPagrindin\u0117 aparatin\u0117 \u012franga:<br \/>\nGTV arba NTP b\u0117giai (metalin\u0117 d\u0117\u017e\u0117 su stabd\u017eiais)<br \/>\nduj\u0173 keltuvai<br \/>\nPrabangi \u012franga galima \u012fsigyti u\u017e papildom\u0105 mokest\u012f:<br \/>\nHafele b\u0117geliai (\u0161velniai u\u017esidarantys)<br \/>\nBlum keltuvai<br \/>\nSpalvos \u2013 \u017er. parinktis:<br \/>\nfasadai \u2013 blizgi balta + \u201eArtisan\u201c, matin\u0117 pilka + \u201eArtisan\u201c (vir\u0161utin\u0117s spintel\u0117s be \u012fd\u0117kl\u0173)<br \/>\nR\u0117mas \u2013 galima rinktis i\u0161 trij\u0173 spalv\u0173 \u2013 Sonoma \u0105\u017euolo, Artisan \u0105\u017euolo arba Andersen pu\u0161ies<br \/>\nCokolin\u0117s grindys \u2013 trij\u0173 spalv\u0173 pasirinkimas \u2013 Sonoma \u0105\u017euolas, Artisan \u0105\u017euolas arba Andersen pu\u0161is<br \/>\n60 cm \u201eInfinity INF-40G\u201c atlenkiama vitrina<\/p>","protected":false},"excerpt":{"rendered":"<p>Virtuv\u0117s spalvos: blizgi balta + \u201eArtisan\u201c, blizgi latte + med\u017eio, matin\u0117 pilka + \u201eArtisan\u201c<br \/>\nVirtuv\u0117s stilius: Modernus<br \/>\nPriekin\u0117s dalies tipas: laminuota plok\u0161t\u0117 \/ MDF \/ lakuota laminuota plok\u0161t\u0117<\/p>","protected":false},"featured_media":183738,"comment_status":"open","ping_status":"open","template":"","meta":[],"product_brand":[],"product_cat":[9581,4746,9118],"product_tag":[],"class_list":{"0":"post-183737","1":"product","2":"type-product","3":"status-publish","4":"has-post-thumbnail","6":"product_cat-kitchen-furniture-infinity-fadome","7":"product_cat-fadome","8":"product_cat-kitchen-cabinets","10":"first","11":"instock","12":"purchasable","13":"product-type-simple"},"_links":{"self":[{"href":"https:\/\/baldumarket.lt\/lt\/wp-json\/wp\/v2\/product\/183737","targetHints":{"allow":["GET"]}}],"collection":[{"href":"https:\/\/baldumarket.lt\/lt\/wp-json\/wp\/v2\/product"}],"about":[{"href":"https:\/\/baldumarket.lt\/lt\/wp-json\/wp\/v2\/types\/product"}],"replies":[{"embeddable":true,"href":"https:\/\/baldumarket.lt\/lt\/wp-json\/wp\/v2\/comments?post=183737"}],"wp:featuredmedia":[{"embeddable":true,"href":"https:\/\/baldumarket.lt\/lt\/wp-json\/wp\/v2\/media\/183738"}],"wp:attachment":[{"href":"https:\/\/baldumarket.lt\/lt\/wp-json\/wp\/v2\/media?parent=183737"}],"wp:term":[{"taxonomy":"product_brand","embeddable":true,"href":"https:\/\/baldumarket.lt\/lt\/wp-json\/wp\/v2\/product_brand?post=183737"},{"taxonomy":"product_cat","embeddable":true,"href":"https:\/\/baldumarket.lt\/lt\/wp-json\/wp\/v2\/product_cat?post=183737"},{"taxonomy":"product_tag","embeddable":true,"href":"https:\/\/baldumarket.lt\/lt\/wp-json\/wp\/v2\/product_tag?post=183737"}],"curies":[{"name":"wp","href":"https:\/\/api.w.org\/{rel}","templated":true}]}}