{"id":182449,"date":"2025-12-21T23:01:19","date_gmt":"2025-12-21T20:01:19","guid":{"rendered":"https:\/\/baldumarket.lt\/product\/szafka-dolna-pod-piekarnik-60-cm-glamour-gla-17d\/"},"modified":"2026-04-14T11:01:15","modified_gmt":"2026-04-14T08:01:15","slug":"szafka-dolna-pod-piekarnik-60-cm-glamour-gla-17d","status":"publish","type":"product","link":"https:\/\/baldumarket.lt\/lt\/product\/szafka-dolna-pod-piekarnik-60-cm-glamour-gla-17d\/","title":{"rendered":"Apatin\u0117 orkait\u0117s spintel\u0117 60 cm Glamour GLA-17D"},"content":{"rendered":"<p>\u201eGlamour Kitchen\u201c \u2013 tai modernus ir ergonomi\u0161kas virtuv\u0117s bald\u0173 komplektas, kuriam b\u016bdingos \u0161ios savyb\u0117s:<br \/>\nLaminuot\u0173 plok\u0161\u010di\u0173 korpusai<br \/>\nLaminuot\u0173 plok\u0161\u010di\u0173 pagrindai<br \/>\nMatin\u0117s laminuotos plok\u0161t\u0117s fasadai<br \/>\n10 cm auk\u0161\u010dio reguliuojamo auk\u0161\u010dio kojel\u0117s (reguliuojamas nuo 9,5 iki 13 cm)<br \/>\nTik auksin\u0117s ranken\u0117l\u0117s<br \/>\nPastaba: Priekin\u0117s dalys su frezuotomis ranken\u0117l\u0117mis<br \/>\n\u0160velniai u\u017esidarantys vyriai, leid\u017eiantys durims u\u017esidaryti be trenksmo<br \/>\nVir\u0161utin\u0117s spintel\u0117s su reguliuojamo auk\u0161\u010dio ir kampo pakabomis<br \/>\nPapildomos funkcijos:<br \/>\nPagrindin\u0117 aparatin\u0117 \u012franga:<br \/>\nGTV arba NTP (metalin\u0117s d\u0117\u017e\u0117s) b\u0117giai<br \/>\nDujiniai keltuvai<br \/>\nPrabangi \u012franga galima \u012fsigyti u\u017e papildom\u0105 mokest\u012f:<br \/>\nHafele b\u0117geliai (\u0161velniai u\u017esidarantys)<br \/>\nBlum keltuvai<br \/>\nSpalvos \u2013 pasirinkite savo pageidaujam\u0105 spalv\u0105:<br \/>\nPriekin\u0117s dalys \u2013 matin\u0117 balta, matin\u0117 \u017ealia arba matin\u0117 tamsiai m\u0117lyna<br \/>\nR\u0117mas \u2013 trij\u0173 spalv\u0173 \u2013 Sonoma \u0105\u017euolas, Artisan \u0105\u017euolas arba Andersen pu\u0161is<br \/>\nCokolin\u0117s grindys \u2013 trij\u0173 spalv\u0173 pasirinkimas \u2013 Sonoma \u0105\u017euolas, Artisan \u0105\u017euolas arba Andersen pu\u0161is<br \/>\n60 cm \u201eGlamour GLA-17D\u201c apatin\u0117 orkait\u0117s spintel\u0117<\/p>","protected":false},"excerpt":{"rendered":"<p>Virtuv\u0117s spalvos: balta, \u017ealia ir matin\u0117 tamsiai m\u0117lyna<br \/>\nVirtuv\u0117s stilius: modernus<br \/>\nFasad\u0173 tipai: laminuota plok\u0161t\u0117 \/ MDF \/ lakuota laminuota plok\u0161t\u0117<\/p>","protected":false},"featured_media":182450,"comment_status":"open","ping_status":"open","template":"","meta":[],"product_brand":[],"product_cat":[9587,4746,9118],"product_tag":[],"class_list":{"0":"post-182449","1":"product","2":"type-product","3":"status-publish","4":"has-post-thumbnail","6":"product_cat-kitchen-furniture-glamour-fadome","7":"product_cat-fadome","8":"product_cat-kitchen-cabinets","10":"first","11":"instock","12":"purchasable","13":"product-type-simple"},"_links":{"self":[{"href":"https:\/\/baldumarket.lt\/lt\/wp-json\/wp\/v2\/product\/182449","targetHints":{"allow":["GET"]}}],"collection":[{"href":"https:\/\/baldumarket.lt\/lt\/wp-json\/wp\/v2\/product"}],"about":[{"href":"https:\/\/baldumarket.lt\/lt\/wp-json\/wp\/v2\/types\/product"}],"replies":[{"embeddable":true,"href":"https:\/\/baldumarket.lt\/lt\/wp-json\/wp\/v2\/comments?post=182449"}],"wp:featuredmedia":[{"embeddable":true,"href":"https:\/\/baldumarket.lt\/lt\/wp-json\/wp\/v2\/media\/182450"}],"wp:attachment":[{"href":"https:\/\/baldumarket.lt\/lt\/wp-json\/wp\/v2\/media?parent=182449"}],"wp:term":[{"taxonomy":"product_brand","embeddable":true,"href":"https:\/\/baldumarket.lt\/lt\/wp-json\/wp\/v2\/product_brand?post=182449"},{"taxonomy":"product_cat","embeddable":true,"href":"https:\/\/baldumarket.lt\/lt\/wp-json\/wp\/v2\/product_cat?post=182449"},{"taxonomy":"product_tag","embeddable":true,"href":"https:\/\/baldumarket.lt\/lt\/wp-json\/wp\/v2\/product_tag?post=182449"}],"curies":[{"name":"wp","href":"https:\/\/api.w.org\/{rel}","templated":true}]}}