{"id":18187,"date":"2025-11-14T10:27:26","date_gmt":"2025-11-14T07:27:26","guid":{"rendered":"https:\/\/baldumarket.lt\/product\/inversa\/"},"modified":"2026-03-24T17:11:52","modified_gmt":"2026-03-24T14:11:52","slug":"inversa","status":"publish","type":"product","link":"https:\/\/baldumarket.lt\/lt\/product\/inversa\/","title":{"rendered":"Inversa"},"content":{"rendered":"<p>\u201eInversa\u201c \u2013 tai paprasta ir stilinga 220 x 83 x 89 cm dyd\u017eio sofa, sukurta minimalistinio stiliaus m\u0117g\u0117jams. Paprastas dizainas, patikrinta, tvirta konstrukcija ir d\u0117mesys detal\u0117ms \u2013 \u0161tai kas yra \u201eInversa\u201c. Ji puikiai tinka poilsiui dien\u0105 ar nakt\u012f, nes gali transformuotis \u012f 183 x 140 cm dyd\u017eio lov\u0105. Visa tai d\u0117ka i\u0161traukiamo dugno. Taip pat verta pamin\u0117ti erdv\u0173 patalyn\u0117s skyri\u0173 ir dideles pagalves. Papildomos savyb\u0117s: auk\u0161tos atlo\u0161ai, patog\u016bs porankiai, erdvi s\u0117dyn\u0117, kuri pagerina j\u016bs\u0173 poilsio kokyb\u0119, o baldai yra dviej\u0173 spalv\u0173: vienspalviai ir dviej\u0173 spalv\u0173. Be apdailos, verta atkreipti d\u0117mes\u012f \u012f m\u016bs\u0173 sofos u\u017epild\u0105, kurio s\u0117dyn\u0117 u\u017epildyta T25 putomis. \u201eInversa\u201c \u017eavi savo paprastumu ir minimalizmu. Toks i\u0161d\u0117stymas taip pat derina jaukum\u0105, komfort\u0105 ir funkcionalum\u0105.<\/p>","protected":false},"excerpt":{"rendered":"<p>\u201eInversa\u201c \u2013 tai paprasta ir stilinga 220 x 83 x 89 cm dyd\u017eio sofa, sukurta minimalistinio stiliaus gerb\u0117jams. Paprastas dizainas, patikrinta, tvirta konstrukcija ir d\u0117mesys detal\u0117ms \u2013 \u0161tai kas yra \u201eInversa\u201c. Ji puikiai tinka poilsiui dien\u0105 ar nakt\u012f, nes gali transformuotis \u012f 183 x 140 cm dyd\u017eio lov\u0105. [\u2026]<\/p>","protected":false},"featured_media":18188,"comment_status":"open","ping_status":"open","template":"","meta":[],"product_brand":[],"product_cat":[2012,9170,560],"product_tag":[],"class_list":{"0":"post-18187","1":"product","2":"type-product","3":"status-publish","4":"has-post-thumbnail","6":"product_cat-eltap","7":"product_cat-sofy-i-kanapy-eltap","8":"product_cat-sofas-and-couches","10":"first","11":"instock","12":"purchasable","13":"product-type-variable","14":"wvs-archive-product-wrapper"},"_links":{"self":[{"href":"https:\/\/baldumarket.lt\/lt\/wp-json\/wp\/v2\/product\/18187","targetHints":{"allow":["GET"]}}],"collection":[{"href":"https:\/\/baldumarket.lt\/lt\/wp-json\/wp\/v2\/product"}],"about":[{"href":"https:\/\/baldumarket.lt\/lt\/wp-json\/wp\/v2\/types\/product"}],"replies":[{"embeddable":true,"href":"https:\/\/baldumarket.lt\/lt\/wp-json\/wp\/v2\/comments?post=18187"}],"wp:featuredmedia":[{"embeddable":true,"href":"https:\/\/baldumarket.lt\/lt\/wp-json\/wp\/v2\/media\/18188"}],"wp:attachment":[{"href":"https:\/\/baldumarket.lt\/lt\/wp-json\/wp\/v2\/media?parent=18187"}],"wp:term":[{"taxonomy":"product_brand","embeddable":true,"href":"https:\/\/baldumarket.lt\/lt\/wp-json\/wp\/v2\/product_brand?post=18187"},{"taxonomy":"product_cat","embeddable":true,"href":"https:\/\/baldumarket.lt\/lt\/wp-json\/wp\/v2\/product_cat?post=18187"},{"taxonomy":"product_tag","embeddable":true,"href":"https:\/\/baldumarket.lt\/lt\/wp-json\/wp\/v2\/product_tag?post=18187"}],"curies":[{"name":"wp","href":"https:\/\/api.w.org\/{rel}","templated":true}]}}