{"id":181385,"date":"2025-12-21T22:37:03","date_gmt":"2025-12-21T19:37:03","guid":{"rendered":"https:\/\/baldumarket.lt\/product\/szafka-dolna-60-cm-piekarnik-smart-sc-17d-congo\/"},"modified":"2026-04-14T11:34:21","modified_gmt":"2026-04-14T08:34:21","slug":"szafka-dolna-60-cm-piekarnik-smart-sc-17d-congo","status":"publish","type":"product","link":"https:\/\/baldumarket.lt\/lt\/product\/szafka-dolna-60-cm-piekarnik-smart-sc-17d-congo\/","title":{"rendered":"Apatin\u0117 spintel\u0117 60 cm Smart SC-17D Kongo orkait\u0117"},"content":{"rendered":"<p>\u201eSmart Kitchen\u201c \u2013 tai modernus ir ergonomi\u0161kas virtuv\u0117s bald\u0173 komplektas, kuriam b\u016bdingos \u0161ios savyb\u0117s:<br \/>\nlaminuot\u0173 plok\u0161\u010di\u0173 korpusai<br \/>\nlaminuot\u0173 plok\u0161\u010di\u0173 pagrindai<br \/>\nlaminuot\u0173 plok\u0161\u010di\u0173 fasadai<br \/>\n10 cm auk\u0161\u010dio reguliuojamo auk\u0161\u010dio kojel\u0117s (9,5\u201313 cm reguliuojamos)<br \/>\nmetalin\u0117s rankenos<br \/>\n\u0161velniai u\u017esidarantys vyriai, kurie u\u017edaro duris neu\u017etrenkdami<br \/>\nvir\u0161utin\u0117s spintel\u0117s su auk\u0161\u010dio ir kampo reguliavimu<br \/>\nPapildomos funkcijos:<br \/>\nPagrindin\u0117 aparatin\u0117 \u012franga:<br \/>\nGTV arba NTP b\u0117giai (metalin\u0117 d\u0117\u017e\u0117 su stabd\u017eiais)<br \/>\nduj\u0173 keltuvai<br \/>\nPrabangi \u012franga galima \u012fsigyti u\u017e papildom\u0105 mokest\u012f:<br \/>\nHafele b\u0117geliai (\u0161velniai u\u017esidarantys)<br \/>\nBlum keltuvai<br \/>\nSpalvos:<br \/>\nKongo frezuoti fasadai<br \/>\nKorpuso spalv\u0173 pasirinkimas i\u0161 trij\u0173: Sonoma Oak, Artisan Oak arba Andersen Pine<br \/>\nCokolin\u0117s grindys \u2013 trij\u0173 spalv\u0173 pasirinkimas \u2013 Sonoma \u0105\u017euolas, Artisan \u0105\u017euolas arba Andersen pu\u0161is<br \/>\n60 cm apatin\u0117 spintel\u0117, skirta \u201eSmart SC-17D\u201c orkaitei.<\/p>","protected":false},"excerpt":{"rendered":"<p>plotis [cm] 60<br \/>\nGylis be vir\u0161utinio pavir\u0161iaus [cm] 51<br \/>\ngylis su stalvir\u0161iu [cm] 60<\/p>","protected":false},"featured_media":181386,"comment_status":"open","ping_status":"open","template":"","meta":[],"product_brand":[],"product_cat":[9585,4746,9118],"product_tag":[],"class_list":{"0":"post-181385","1":"product","2":"type-product","3":"status-publish","4":"has-post-thumbnail","6":"product_cat-kitchen-furniture-smart-fadome","7":"product_cat-fadome","8":"product_cat-kitchen-cabinets","10":"first","11":"instock","12":"purchasable","13":"product-type-simple"},"_links":{"self":[{"href":"https:\/\/baldumarket.lt\/lt\/wp-json\/wp\/v2\/product\/181385","targetHints":{"allow":["GET"]}}],"collection":[{"href":"https:\/\/baldumarket.lt\/lt\/wp-json\/wp\/v2\/product"}],"about":[{"href":"https:\/\/baldumarket.lt\/lt\/wp-json\/wp\/v2\/types\/product"}],"replies":[{"embeddable":true,"href":"https:\/\/baldumarket.lt\/lt\/wp-json\/wp\/v2\/comments?post=181385"}],"wp:featuredmedia":[{"embeddable":true,"href":"https:\/\/baldumarket.lt\/lt\/wp-json\/wp\/v2\/media\/181386"}],"wp:attachment":[{"href":"https:\/\/baldumarket.lt\/lt\/wp-json\/wp\/v2\/media?parent=181385"}],"wp:term":[{"taxonomy":"product_brand","embeddable":true,"href":"https:\/\/baldumarket.lt\/lt\/wp-json\/wp\/v2\/product_brand?post=181385"},{"taxonomy":"product_cat","embeddable":true,"href":"https:\/\/baldumarket.lt\/lt\/wp-json\/wp\/v2\/product_cat?post=181385"},{"taxonomy":"product_tag","embeddable":true,"href":"https:\/\/baldumarket.lt\/lt\/wp-json\/wp\/v2\/product_tag?post=181385"}],"curies":[{"name":"wp","href":"https:\/\/api.w.org\/{rel}","templated":true}]}}