{"id":181153,"date":"2025-12-21T22:32:01","date_gmt":"2025-12-21T19:32:01","guid":{"rendered":"https:\/\/baldumarket.lt\/product\/szafka-dolna-45-cm-z-szuflada-creativa-cre-3d\/"},"modified":"2026-04-14T11:48:26","modified_gmt":"2026-04-14T08:48:26","slug":"szafka-dolna-45-cm-z-szuflada-creativa-cre-3d","status":"publish","type":"product","link":"https:\/\/baldumarket.lt\/lt\/product\/szafka-dolna-45-cm-z-szuflada-creativa-cre-3d\/","title":{"rendered":"45 cm apatin\u0117 spintel\u0117 su \u201eCreativa CRE 3D\u201c stal\u010diumi"},"content":{"rendered":"<p>\u201eCreativa\u201c virtuv\u0117 \u2013 tai modernus ir ergonomi\u0161kas virtuv\u0117s bald\u0173 komplektas, kuriam b\u016bdingos:<br \/>\nlaminuot\u0173 plok\u0161\u010di\u0173 korpusai<br \/>\nlaminuot\u0173 plok\u0161\u010di\u0173 pagrindai<br \/>\nlaminuot\u0173 plok\u0161\u010di\u0173 fasadai<br \/>\n10 cm auk\u0161\u010dio reguliuojamo auk\u0161\u010dio kojel\u0117s (9,5\u201313 cm reguliuojamos)<br \/>\nmetalin\u0117s rankenos<br \/>\n\u0161velniai u\u017esidarantys vyriai, kurie u\u017edaro duris neu\u017etrenkdami<br \/>\nvir\u0161utin\u0117s spintel\u0117s su reguliuojamo auk\u0161\u010dio ir kampo pakabomis<br \/>\nPapildomos funkcijos:<br \/>\nPagrindin\u0117 aparatin\u0117 \u012franga:<br \/>\nGTV arba NTP b\u0117giai (metalin\u0117 d\u0117\u017e\u0117 su stabd\u017eiais)<br \/>\nduj\u0173 keltuvai<br \/>\nPrabangi \u012franga galima \u012fsigyti u\u017e papildom\u0105 mokest\u012f:<br \/>\nHafele b\u0117geliai (\u0161velniai u\u017esidarantys)<br \/>\nBlum keltuvai<br \/>\nSpalvos:<br \/>\nVir\u0161utini\u0173 spinteli\u0173 fasadai \u2013 tik blizgios baltos spalvos<br \/>\napatin\u0117s spintel\u0117s fasadai \u2013 blizgios baltos arba pilkos spalvos<br \/>\nR\u0117mas \u2013 Pasirinkite vien\u0105 i\u0161 trij\u0173 spalv\u0173: Sonoma Oak, Artisan Oak arba Andersen Pine<br \/>\nCokolin\u0117s grindys \u2013 rinkit\u0117s i\u0161 trij\u0173 spalv\u0173: Sonoma \u0105\u017euolo, Artisan \u0105\u017euolo arba Andersen pu\u0161ies<br \/>\n45 cm apatin\u0117 spintel\u0117 su \u201eCreativa CRE 3D\u201c stal\u010diumi \u2013 papildoma lentyna viduje.<\/p>","protected":false},"excerpt":{"rendered":"<p>Virtuv\u0117s spalvos: blizgios baltos spalvos fasadai, \u0161viesaus med\u017eio imitacijos fasadai<br \/>\nModernus virtuv\u0117s stilius<br \/>\nKomplekto plotis: laminuota plok\u0161t\u0117, PVC<\/p>","protected":false},"featured_media":181154,"comment_status":"open","ping_status":"open","template":"","meta":[],"product_brand":[],"product_cat":[9579,4746,9118],"product_tag":[],"class_list":{"0":"post-181153","1":"product","2":"type-product","3":"status-publish","4":"has-post-thumbnail","6":"product_cat-kitchen-furniture-creativa-fadome","7":"product_cat-fadome","8":"product_cat-kitchen-cabinets","10":"first","11":"instock","12":"purchasable","13":"product-type-simple"},"_links":{"self":[{"href":"https:\/\/baldumarket.lt\/lt\/wp-json\/wp\/v2\/product\/181153","targetHints":{"allow":["GET"]}}],"collection":[{"href":"https:\/\/baldumarket.lt\/lt\/wp-json\/wp\/v2\/product"}],"about":[{"href":"https:\/\/baldumarket.lt\/lt\/wp-json\/wp\/v2\/types\/product"}],"replies":[{"embeddable":true,"href":"https:\/\/baldumarket.lt\/lt\/wp-json\/wp\/v2\/comments?post=181153"}],"wp:featuredmedia":[{"embeddable":true,"href":"https:\/\/baldumarket.lt\/lt\/wp-json\/wp\/v2\/media\/181154"}],"wp:attachment":[{"href":"https:\/\/baldumarket.lt\/lt\/wp-json\/wp\/v2\/media?parent=181153"}],"wp:term":[{"taxonomy":"product_brand","embeddable":true,"href":"https:\/\/baldumarket.lt\/lt\/wp-json\/wp\/v2\/product_brand?post=181153"},{"taxonomy":"product_cat","embeddable":true,"href":"https:\/\/baldumarket.lt\/lt\/wp-json\/wp\/v2\/product_cat?post=181153"},{"taxonomy":"product_tag","embeddable":true,"href":"https:\/\/baldumarket.lt\/lt\/wp-json\/wp\/v2\/product_tag?post=181153"}],"curies":[{"name":"wp","href":"https:\/\/api.w.org\/{rel}","templated":true}]}}