{"id":180753,"date":"2025-12-21T22:22:50","date_gmt":"2025-12-21T19:22:50","guid":{"rendered":"https:\/\/baldumarket.lt\/product\/szafa-z-szufladami-oslo-os1-cashmere\/"},"modified":"2026-04-14T12:03:42","modified_gmt":"2026-04-14T09:03:42","slug":"szafa-z-szufladami-oslo-os1-cashmere","status":"publish","type":"product","link":"https:\/\/baldumarket.lt\/lt\/product\/szafa-z-szufladami-oslo-os1-cashmere\/","title":{"rendered":"Oslo OS1 ka\u0161myro spinta su stal\u010diais"},"content":{"rendered":"<p>Moduliniai baldai \u201eOslo\u201c \u2013 modernus pasirinkimas su med\u017eio imitacijos intarpais. Specifikacijos:<br \/>\n16 mm laminuotos med\u017eio dro\u017eli\u0173 plok\u0161t\u0117s korpusas Riva \u0105\u017euolo spalvos, faneruotas 0,3 mm melamino apvadais<br \/>\n25 mm laminuotos med\u017eio dro\u017eli\u0173 plok\u0161t\u0117s korpuso r\u0117mas Riva \u0105\u017euolo spalvos<br \/>\nRiva galin\u0117 panel\u0117<br \/>\nPriekin\u0117 dalis: MDF plok\u0161t\u0117, laminuota ka\u0161myro spalvos PVC<br \/>\nSistema be ranken\u0173<br \/>\n35 mm pasl\u0117pti vyriai su hidrauliniu \u0161velniu u\u017edarymu<br \/>\nStal\u010diai: 35 cm gylio, 3\/4 i\u0161traukiami b\u0117geliai su \u0161velniu u\u017edarymu, montuojami apa\u010dioje<br \/>\nOslo sistemos baldai yra unikal\u016bs svetain\u0117s baldai. J\u0173 specifikacijos apima:<br \/>\nModernus dizainas<br \/>\nTvirta konstrukcija, pagaminta i\u0161 auk\u0161tos kokyb\u0117s laminuoto PVC<br \/>\nPatentuotas dizainas garantuoja auk\u0161\u010diausi\u0105 kokyb\u0119 ir d\u0117mes\u012f detal\u0117ms<br \/>\nGalima rinktis<br \/>\nLED ap\u0161vietimas kaip standartin\u0117 \u012franga<br \/>\nSpinta \u201eOslo OS1\u201c \u2013 su pakaba pakabinimui, lentynomis ir dviem stal\u010diais.<br \/>\nGalerijoje \u2013 tikros nuotraukos i\u0161 antrojo m\u0117nesio.<br \/>\n\u00a0<\/p>","protected":false},"excerpt":{"rendered":"<p>plotis [cm] 78<br \/>\ngylis [cm] 55<br \/>\n\u016agis [cm] 200<\/p>","protected":false},"featured_media":180754,"comment_status":"open","ping_status":"open","template":"","meta":[],"product_brand":[],"product_cat":[9596,4746,1177],"product_tag":[],"class_list":{"0":"post-180753","1":"product","2":"type-product","3":"status-publish","4":"has-post-thumbnail","6":"product_cat-furniture-system-oslo-fadome","7":"product_cat-fadome","8":"product_cat-wardrobes","10":"first","11":"instock","12":"purchasable","13":"product-type-simple"},"_links":{"self":[{"href":"https:\/\/baldumarket.lt\/lt\/wp-json\/wp\/v2\/product\/180753","targetHints":{"allow":["GET"]}}],"collection":[{"href":"https:\/\/baldumarket.lt\/lt\/wp-json\/wp\/v2\/product"}],"about":[{"href":"https:\/\/baldumarket.lt\/lt\/wp-json\/wp\/v2\/types\/product"}],"replies":[{"embeddable":true,"href":"https:\/\/baldumarket.lt\/lt\/wp-json\/wp\/v2\/comments?post=180753"}],"wp:featuredmedia":[{"embeddable":true,"href":"https:\/\/baldumarket.lt\/lt\/wp-json\/wp\/v2\/media\/180754"}],"wp:attachment":[{"href":"https:\/\/baldumarket.lt\/lt\/wp-json\/wp\/v2\/media?parent=180753"}],"wp:term":[{"taxonomy":"product_brand","embeddable":true,"href":"https:\/\/baldumarket.lt\/lt\/wp-json\/wp\/v2\/product_brand?post=180753"},{"taxonomy":"product_cat","embeddable":true,"href":"https:\/\/baldumarket.lt\/lt\/wp-json\/wp\/v2\/product_cat?post=180753"},{"taxonomy":"product_tag","embeddable":true,"href":"https:\/\/baldumarket.lt\/lt\/wp-json\/wp\/v2\/product_tag?post=180753"}],"curies":[{"name":"wp","href":"https:\/\/api.w.org\/{rel}","templated":true}]}}