{"id":180724,"date":"2025-12-21T22:22:12","date_gmt":"2025-12-21T19:22:12","guid":{"rendered":"https:\/\/baldumarket.lt\/product\/szafa-przesuwna-lamele-lustro-i-szuflady-canada-ca1-200\/"},"modified":"2026-04-14T12:01:51","modified_gmt":"2026-04-14T09:01:51","slug":"szafa-przesuwna-lamele-lustro-i-szuflady-canada-ca1-200","status":"publish","type":"product","link":"https:\/\/baldumarket.lt\/lt\/product\/szafa-przesuwna-lamele-lustro-i-szuflady-canada-ca1-200\/","title":{"rendered":"Stumdoma spinta su lamel\u0117mis, veidrod\u017eiu ir stal\u010diais, Canada CA1-200"},"content":{"rendered":"<p>Stumdoma spinta su veidrod\u017eiu \u201eCanada CA1-200\u201c vienoje pus\u0117je turi lentynas, o kitoje \u2013 pakab\u0105 spintel\u0117ms. Priekyje yra veidrodis ir grotel\u0117s.<br \/>\nSpecifikacijos:<br \/>\nK\u016bnas \u2013 Artisan Oak<br \/>\nFasadai \u2013 Artisan Oak<br \/>\nRankenos \u2013 Artisan Oak<br \/>\nModernus dizainas<br \/>\nTvirta konstrukcija, pagaminta i\u0161 auk\u0161tos kokyb\u0117s laminuotos PVC plok\u0161t\u0117s<br \/>\nPatentuotas dizainas garantuoja auk\u0161\u010diausi\u0105 kokyb\u0119 ir d\u0117mes\u012f detal\u0117ms<br \/>\nKorpusas: laminuota bald\u0173 plok\u0161t\u0117<br \/>\nPriekin\u0117 dalis: PVC dengta MDF plok\u0161t\u0117<br \/>\nVietoj pakabinimo b\u0117gelio galima rinktis 3 papildomas lentynas.<\/p>","protected":false},"excerpt":{"rendered":"<p>Plotis [cm] 200<br \/>\n\u016agis [cm] 215<br \/>\ngylis [cm] 60<\/p>","protected":false},"featured_media":180725,"comment_status":"open","ping_status":"open","template":"","meta":[],"product_brand":[],"product_cat":[9577,4746,1177],"product_tag":[],"class_list":{"0":"post-180724","1":"product","2":"type-product","3":"status-publish","4":"has-post-thumbnail","6":"product_cat-wardrobes-canada-fadome","7":"product_cat-fadome","8":"product_cat-wardrobes","10":"first","11":"instock","12":"purchasable","13":"product-type-simple"},"_links":{"self":[{"href":"https:\/\/baldumarket.lt\/lt\/wp-json\/wp\/v2\/product\/180724","targetHints":{"allow":["GET"]}}],"collection":[{"href":"https:\/\/baldumarket.lt\/lt\/wp-json\/wp\/v2\/product"}],"about":[{"href":"https:\/\/baldumarket.lt\/lt\/wp-json\/wp\/v2\/types\/product"}],"replies":[{"embeddable":true,"href":"https:\/\/baldumarket.lt\/lt\/wp-json\/wp\/v2\/comments?post=180724"}],"wp:featuredmedia":[{"embeddable":true,"href":"https:\/\/baldumarket.lt\/lt\/wp-json\/wp\/v2\/media\/180725"}],"wp:attachment":[{"href":"https:\/\/baldumarket.lt\/lt\/wp-json\/wp\/v2\/media?parent=180724"}],"wp:term":[{"taxonomy":"product_brand","embeddable":true,"href":"https:\/\/baldumarket.lt\/lt\/wp-json\/wp\/v2\/product_brand?post=180724"},{"taxonomy":"product_cat","embeddable":true,"href":"https:\/\/baldumarket.lt\/lt\/wp-json\/wp\/v2\/product_cat?post=180724"},{"taxonomy":"product_tag","embeddable":true,"href":"https:\/\/baldumarket.lt\/lt\/wp-json\/wp\/v2\/product_tag?post=180724"}],"curies":[{"name":"wp","href":"https:\/\/api.w.org\/{rel}","templated":true}]}}