{"id":180708,"date":"2025-12-21T22:21:53","date_gmt":"2025-12-21T19:21:53","guid":{"rendered":"https:\/\/baldumarket.lt\/product\/szafa-przesuwna-lamele-lustro-i-szuflady-canada-ca-200-biala\/"},"modified":"2026-04-14T12:01:51","modified_gmt":"2026-04-14T09:01:51","slug":"szafa-przesuwna-lamele-lustro-i-szuflady-canada-ca-200-biala","status":"publish","type":"product","link":"https:\/\/baldumarket.lt\/lt\/product\/szafa-przesuwna-lamele-lustro-i-szuflady-canada-ca-200-biala\/","title":{"rendered":"Stumdoma spinta su lamel\u0117mis, veidrod\u017eiu ir stal\u010diais Canada CA-200 balta"},"content":{"rendered":"<p>Stumdoma spinta su veidrod\u017eiu \u201eCanada CA-200\u201c vienoje pus\u0117je turi lentynas, o kitoje \u2013 skersin\u012f. Priekyje yra veidrodis ir grotel\u0117s.<br \/>\nSpecifikacijos:<br \/>\nKorpusas \u2013 perlin\u0117s baltos spalvos<br \/>\nPriekin\u0117s dalys \u2013 perlin\u0117s baltos spalvos<br \/>\nRankenos \u2013 baltos, juodos arba auksin\u0117s spalvos<br \/>\nModernus dizainas<br \/>\nTvirta konstrukcija, pagaminta i\u0161 auk\u0161tos kokyb\u0117s laminuotos PVC plok\u0161t\u0117s<br \/>\nPatentuotas dizainas garantuoja auk\u0161\u010diausi\u0105 kokyb\u0119 ir d\u0117mes\u012f detal\u0117ms<br \/>\nKorpusas: laminuota bald\u0173 plok\u0161t\u0117<br \/>\nPriekin\u0117 dalis: MDF plok\u0161t\u0117 su PVC fanera<br \/>\nVietoj b\u0117gelio galima \u012fsigyti 3 papildomas lentynas.<\/p>","protected":false},"excerpt":{"rendered":"<p>Plotis [cm] 200<br \/>\n\u016agis [cm] 215<br \/>\ngylis [cm] 60<\/p>","protected":false},"featured_media":180709,"comment_status":"open","ping_status":"open","template":"","meta":[],"product_brand":[],"product_cat":[9577,4746,1177],"product_tag":[],"class_list":{"0":"post-180708","1":"product","2":"type-product","3":"status-publish","4":"has-post-thumbnail","6":"product_cat-wardrobes-canada-fadome","7":"product_cat-fadome","8":"product_cat-wardrobes","10":"first","11":"instock","12":"purchasable","13":"product-type-simple"},"_links":{"self":[{"href":"https:\/\/baldumarket.lt\/lt\/wp-json\/wp\/v2\/product\/180708","targetHints":{"allow":["GET"]}}],"collection":[{"href":"https:\/\/baldumarket.lt\/lt\/wp-json\/wp\/v2\/product"}],"about":[{"href":"https:\/\/baldumarket.lt\/lt\/wp-json\/wp\/v2\/types\/product"}],"replies":[{"embeddable":true,"href":"https:\/\/baldumarket.lt\/lt\/wp-json\/wp\/v2\/comments?post=180708"}],"wp:featuredmedia":[{"embeddable":true,"href":"https:\/\/baldumarket.lt\/lt\/wp-json\/wp\/v2\/media\/180709"}],"wp:attachment":[{"href":"https:\/\/baldumarket.lt\/lt\/wp-json\/wp\/v2\/media?parent=180708"}],"wp:term":[{"taxonomy":"product_brand","embeddable":true,"href":"https:\/\/baldumarket.lt\/lt\/wp-json\/wp\/v2\/product_brand?post=180708"},{"taxonomy":"product_cat","embeddable":true,"href":"https:\/\/baldumarket.lt\/lt\/wp-json\/wp\/v2\/product_cat?post=180708"},{"taxonomy":"product_tag","embeddable":true,"href":"https:\/\/baldumarket.lt\/lt\/wp-json\/wp\/v2\/product_tag?post=180708"}],"curies":[{"name":"wp","href":"https:\/\/api.w.org\/{rel}","templated":true}]}}