{"id":180703,"date":"2025-12-21T22:21:47","date_gmt":"2025-12-21T19:21:47","guid":{"rendered":"https:\/\/baldumarket.lt\/product\/szafa-przesuwna-lamele-lustro-i-szuflady-canada-ca-150-kaszmir\/"},"modified":"2026-04-14T12:01:51","modified_gmt":"2026-04-14T09:01:51","slug":"szafa-przesuwna-lamele-lustro-i-szuflady-canada-ca-150-kaszmir","status":"publish","type":"product","link":"https:\/\/baldumarket.lt\/lt\/product\/szafa-przesuwna-lamele-lustro-i-szuflady-canada-ca-150-kaszmir\/","title":{"rendered":"Stumdoma spinta su veidrodin\u0117mis lamel\u0117mis ir stal\u010diais, Kanada CA-150 ka\u0161myras"},"content":{"rendered":"<p>Stumdoma pal\u0117p\u0117s spinta su veidrod\u017eiu \u201eCanada CA-150\u201c vienoje pus\u0117je turi lentynas, kitoje \u2013 skersin\u012f, o priekyje \u2013 veidrod\u012f ir lenteles.<br \/>\nSpecifikacijos:<br \/>\nR\u0117mas \u2013 ka\u0161myras<br \/>\nPriekin\u0117s dalys \u2013 ka\u0161myras<br \/>\nRankenos \u2013 juodos arba auksin\u0117s spalvos<br \/>\nModernus dizainas<br \/>\nTvirta konstrukcija, pagaminta i\u0161 auk\u0161tos kokyb\u0117s laminuotos PVC plok\u0161t\u0117s<br \/>\nPatentuotas dizainas garantuoja auk\u0161\u010diausi\u0105 kokyb\u0119 ir d\u0117mes\u012f detal\u0117ms<br \/>\nR\u0117mas: laminuota bald\u0173 plok\u0161t\u0117<br \/>\nPriekin\u0117 dalis: PVC dengta MDF plok\u0161t\u0117<br \/>\nVietoj b\u0117gelio galima \u012fsigyti 3 papildomas lentynas.<br \/>\n150 cm spintos vidus yra toks pat kaip 200 cm spintos vidus.<\/p>","protected":false},"excerpt":{"rendered":"<p>Plotis [cm] 150<br \/>\n\u016agis [cm] 215<br \/>\ngylis [cm] 60<\/p>","protected":false},"featured_media":180704,"comment_status":"open","ping_status":"open","template":"","meta":[],"product_brand":[],"product_cat":[9577,4746,1177],"product_tag":[],"class_list":{"0":"post-180703","1":"product","2":"type-product","3":"status-publish","4":"has-post-thumbnail","6":"product_cat-wardrobes-canada-fadome","7":"product_cat-fadome","8":"product_cat-wardrobes","10":"first","11":"instock","12":"purchasable","13":"product-type-simple"},"_links":{"self":[{"href":"https:\/\/baldumarket.lt\/lt\/wp-json\/wp\/v2\/product\/180703","targetHints":{"allow":["GET"]}}],"collection":[{"href":"https:\/\/baldumarket.lt\/lt\/wp-json\/wp\/v2\/product"}],"about":[{"href":"https:\/\/baldumarket.lt\/lt\/wp-json\/wp\/v2\/types\/product"}],"replies":[{"embeddable":true,"href":"https:\/\/baldumarket.lt\/lt\/wp-json\/wp\/v2\/comments?post=180703"}],"wp:featuredmedia":[{"embeddable":true,"href":"https:\/\/baldumarket.lt\/lt\/wp-json\/wp\/v2\/media\/180704"}],"wp:attachment":[{"href":"https:\/\/baldumarket.lt\/lt\/wp-json\/wp\/v2\/media?parent=180703"}],"wp:term":[{"taxonomy":"product_brand","embeddable":true,"href":"https:\/\/baldumarket.lt\/lt\/wp-json\/wp\/v2\/product_brand?post=180703"},{"taxonomy":"product_cat","embeddable":true,"href":"https:\/\/baldumarket.lt\/lt\/wp-json\/wp\/v2\/product_cat?post=180703"},{"taxonomy":"product_tag","embeddable":true,"href":"https:\/\/baldumarket.lt\/lt\/wp-json\/wp\/v2\/product_tag?post=180703"}],"curies":[{"name":"wp","href":"https:\/\/api.w.org\/{rel}","templated":true}]}}