{"id":180676,"date":"2025-12-21T22:21:12","date_gmt":"2025-12-21T19:21:12","guid":{"rendered":"https:\/\/baldumarket.lt\/product\/szafa-przesuwna-effect-ef-4-dab-lancelot\/"},"modified":"2026-04-14T12:00:52","modified_gmt":"2026-04-14T09:00:52","slug":"szafa-przesuwna-effect-ef-4-dab-lancelot","status":"publish","type":"product","link":"https:\/\/baldumarket.lt\/lt\/product\/szafa-przesuwna-effect-ef-4-dab-lancelot\/","title":{"rendered":"Stumdoma spinta \u201eEffect EF-4\u201c, \u0105\u017euolas \u201eLancelot\u201c"},"content":{"rendered":"<p>\u201eEffect Lancelot\u201c stumdoma spinta \u2013 tai didelio dyd\u017eio, itin talpi baldas, puikiai tinkantis miegamajam, svetainei ar prie\u0161kambariui. Funkcionalus vidaus i\u0161planavimas \u2013 lentynos ir pakaba daiktams.<br \/>\nSavyb\u0117s:<br \/>\nPatentuotas dizainas, \u012fregistruotas Lenkijos patent\u0173 biure<br \/>\nPriekin\u0117s dalys padengtos sm\u016bgiams atsparia PVC fanera<br \/>\nStumdomos durys<br \/>\nVeidrodis<br \/>\nPenkios lentynos ir pakabos pakabinimui<br \/>\nSpalva: Lancelot \u0105\u017euolas<br \/>\nKongo \u012fd\u0117klai<br \/>\n3 plo\u010diai, i\u0161 kuri\u0173 galima rinktis<br \/>\n\u0160iai spintai taip pat galite u\u017esisakyti \u201eLancelot Oak\u201c stal\u010di\u0173 blok\u0105 \u2013 teiraukit\u0117s apie galimybes.<br \/>\nMatmenys: 50\/60\/40 cm (plotis\/auk\u0161tis\/gylis)<\/p>","protected":false},"excerpt":{"rendered":"<p>Plotis [cm] 150, 175, 200<br \/>\n\u016agis [cm] 215<br \/>\ngylis [cm] 59<\/p>","protected":false},"featured_media":180677,"comment_status":"open","ping_status":"open","template":"","meta":[],"product_brand":[],"product_cat":[9590,4746,1177],"product_tag":[],"class_list":{"0":"post-180676","1":"product","2":"type-product","3":"status-publish","4":"has-post-thumbnail","6":"product_cat-furniture-system-effect-fadome","7":"product_cat-fadome","8":"product_cat-wardrobes","10":"first","11":"instock","12":"purchasable","13":"product-type-simple"},"_links":{"self":[{"href":"https:\/\/baldumarket.lt\/lt\/wp-json\/wp\/v2\/product\/180676","targetHints":{"allow":["GET"]}}],"collection":[{"href":"https:\/\/baldumarket.lt\/lt\/wp-json\/wp\/v2\/product"}],"about":[{"href":"https:\/\/baldumarket.lt\/lt\/wp-json\/wp\/v2\/types\/product"}],"replies":[{"embeddable":true,"href":"https:\/\/baldumarket.lt\/lt\/wp-json\/wp\/v2\/comments?post=180676"}],"wp:featuredmedia":[{"embeddable":true,"href":"https:\/\/baldumarket.lt\/lt\/wp-json\/wp\/v2\/media\/180677"}],"wp:attachment":[{"href":"https:\/\/baldumarket.lt\/lt\/wp-json\/wp\/v2\/media?parent=180676"}],"wp:term":[{"taxonomy":"product_brand","embeddable":true,"href":"https:\/\/baldumarket.lt\/lt\/wp-json\/wp\/v2\/product_brand?post=180676"},{"taxonomy":"product_cat","embeddable":true,"href":"https:\/\/baldumarket.lt\/lt\/wp-json\/wp\/v2\/product_cat?post=180676"},{"taxonomy":"product_tag","embeddable":true,"href":"https:\/\/baldumarket.lt\/lt\/wp-json\/wp\/v2\/product_tag?post=180676"}],"curies":[{"name":"wp","href":"https:\/\/api.w.org\/{rel}","templated":true}]}}