{"id":180646,"date":"2025-12-21T22:20:31","date_gmt":"2025-12-21T19:20:31","guid":{"rendered":"https:\/\/baldumarket.lt\/product\/szafa-loftowa-z-lamelami-200-cm-artiz\/"},"modified":"2026-04-14T12:00:52","modified_gmt":"2026-04-14T09:00:52","slug":"szafa-loftowa-z-lamelami-200-cm-artiz","status":"publish","type":"product","link":"https:\/\/baldumarket.lt\/lt\/product\/szafa-loftowa-z-lamelami-200-cm-artiz\/","title":{"rendered":"Lofto stiliaus spinta su grotel\u0117mis 200 cm Artiz"},"content":{"rendered":"<p>200 cm \u201eArtiz\u201c pal\u0117p\u0117s tipo spinta su grotel\u0117mis \u2013 vienoje pus\u0117je yra lentyna, apa\u010dioje \u2013 skersinis, kitoje \u2013 lentynos, o priekyje \u2013 veidrodis.<br \/>\nSpalva:<br \/>\nK\u016bnas \u2013 Artisan Oak<br \/>\nFasadai \u2013 Artisan Oak + matin\u0117 juoda<br \/>\n\u012ed\u0117kl\u0173 skersiniai<br \/>\nRankenos \u2013 juodos<br \/>\nModernus dizainas<br \/>\nTvirta konstrukcija, pagaminta i\u0161 auk\u0161tos kokyb\u0117s laminuotos PVC plok\u0161t\u0117s<br \/>\nPatentuotas dizainas garantuoja auk\u0161\u010diausi\u0105 kokyb\u0119 ir d\u0117mes\u012f detal\u0117ms<br \/>\nKorpusas: laminuota bald\u0173 plok\u0161t\u0117<br \/>\nPriekin\u0117 dalis: laminuota bald\u0173 plok\u0161t\u0117<br \/>\nPrie spintos priderinta to paties pavadinimo komoda.<\/p>","protected":false},"excerpt":{"rendered":"<p>Plotis [cm] 200<br \/>\n\u016agis [cm] 215<br \/>\nGylis [cm] 59<br \/>\nGarantija [m\u0117nesi\u0173] 24<br \/>\nSurinkimas Savaranki\u0161kas surinkimas \u2013 baldai pristatomi pakuot\u0117se su instrukcijomis ir surinkimo priedais<\/p>","protected":false},"featured_media":180647,"comment_status":"open","ping_status":"open","template":"","meta":[],"product_brand":[],"product_cat":[9595,4746,1177],"product_tag":[],"class_list":{"0":"post-180646","1":"product","2":"type-product","3":"status-publish","4":"has-post-thumbnail","6":"product_cat-wardrobes-artiz-fadome","7":"product_cat-fadome","8":"product_cat-wardrobes","10":"first","11":"instock","12":"purchasable","13":"product-type-simple"},"_links":{"self":[{"href":"https:\/\/baldumarket.lt\/lt\/wp-json\/wp\/v2\/product\/180646","targetHints":{"allow":["GET"]}}],"collection":[{"href":"https:\/\/baldumarket.lt\/lt\/wp-json\/wp\/v2\/product"}],"about":[{"href":"https:\/\/baldumarket.lt\/lt\/wp-json\/wp\/v2\/types\/product"}],"replies":[{"embeddable":true,"href":"https:\/\/baldumarket.lt\/lt\/wp-json\/wp\/v2\/comments?post=180646"}],"wp:featuredmedia":[{"embeddable":true,"href":"https:\/\/baldumarket.lt\/lt\/wp-json\/wp\/v2\/media\/180647"}],"wp:attachment":[{"href":"https:\/\/baldumarket.lt\/lt\/wp-json\/wp\/v2\/media?parent=180646"}],"wp:term":[{"taxonomy":"product_brand","embeddable":true,"href":"https:\/\/baldumarket.lt\/lt\/wp-json\/wp\/v2\/product_brand?post=180646"},{"taxonomy":"product_cat","embeddable":true,"href":"https:\/\/baldumarket.lt\/lt\/wp-json\/wp\/v2\/product_cat?post=180646"},{"taxonomy":"product_tag","embeddable":true,"href":"https:\/\/baldumarket.lt\/lt\/wp-json\/wp\/v2\/product_tag?post=180646"}],"curies":[{"name":"wp","href":"https:\/\/api.w.org\/{rel}","templated":true}]}}