{"id":180604,"date":"2025-12-21T22:19:32","date_gmt":"2025-12-21T19:19:32","guid":{"rendered":"https:\/\/baldumarket.lt\/product\/szafa-loftowa-molto-black-ml-150\/"},"modified":"2026-04-14T12:13:14","modified_gmt":"2026-04-14T09:13:14","slug":"szafa-loftowa-molto-black-ml-150","status":"publish","type":"product","link":"https:\/\/baldumarket.lt\/lt\/product\/szafa-loftowa-molto-black-ml-150\/","title":{"rendered":"Molto juoda ML-150 pal\u0117p\u0117s spinta"},"content":{"rendered":"<p>\u201eMolto 150 Loft\u201c tipo spinta \u2013 vienoje pus\u0117je yra lentyna, apa\u010dioje \u2013 skersinis, kitoje \u2013 lentynos, priekyje \u2013 veidrodis.<br \/>\nSpalva:<br \/>\nK\u016bnas \u2013 Artisan Oak<br \/>\nFasadai \u2013 Artisan Oak + matin\u0117 juoda<br \/>\n\u012ed\u0117kl\u0173 skersiniai<br \/>\nRankenos \u2013 juodos<br \/>\n\u012etrauktas LED ap\u0161vietimas<br \/>\n\u201eMolto\u201c sistemos baldai yra unikal\u016bs svetain\u0117s baldai, pasi\u017eymintys \u0161iomis savyb\u0117mis:<br \/>\nModernus dizainas<br \/>\nTvirta konstrukcija, pagaminta i\u0161 auk\u0161tos kokyb\u0117s laminuotos PVC plok\u0161t\u0117s<br \/>\nPatentuotas dizainas garantuoja auk\u0161\u010diausi\u0105 kokyb\u0119 ir d\u0117mes\u012f detal\u0117ms<br \/>\nGalima rinktis<br \/>\nLED ap\u0161vietimas kaip standartin\u0117 \u012franga<br \/>\nKorpusas: laminuota bald\u0173 plok\u0161t\u0117<br \/>\nPriekin\u0117 dalis: PVC laminuota MDF plok\u0161t\u0117<\/p>","protected":false},"excerpt":{"rendered":"<p>Plotis [cm] 150<br \/>\n\u016agis [cm] 215<br \/>\ngylis [cm] 59<\/p>","protected":false},"featured_media":180605,"comment_status":"open","ping_status":"open","template":"","meta":[],"product_brand":[],"product_cat":[9594,4746,1177],"product_tag":[],"class_list":{"0":"post-180604","1":"product","2":"type-product","3":"status-publish","4":"has-post-thumbnail","6":"product_cat-furniture-system-molto-fadome","7":"product_cat-fadome","8":"product_cat-wardrobes","10":"first","11":"instock","12":"purchasable","13":"product-type-simple"},"_links":{"self":[{"href":"https:\/\/baldumarket.lt\/lt\/wp-json\/wp\/v2\/product\/180604","targetHints":{"allow":["GET"]}}],"collection":[{"href":"https:\/\/baldumarket.lt\/lt\/wp-json\/wp\/v2\/product"}],"about":[{"href":"https:\/\/baldumarket.lt\/lt\/wp-json\/wp\/v2\/types\/product"}],"replies":[{"embeddable":true,"href":"https:\/\/baldumarket.lt\/lt\/wp-json\/wp\/v2\/comments?post=180604"}],"wp:featuredmedia":[{"embeddable":true,"href":"https:\/\/baldumarket.lt\/lt\/wp-json\/wp\/v2\/media\/180605"}],"wp:attachment":[{"href":"https:\/\/baldumarket.lt\/lt\/wp-json\/wp\/v2\/media?parent=180604"}],"wp:term":[{"taxonomy":"product_brand","embeddable":true,"href":"https:\/\/baldumarket.lt\/lt\/wp-json\/wp\/v2\/product_brand?post=180604"},{"taxonomy":"product_cat","embeddable":true,"href":"https:\/\/baldumarket.lt\/lt\/wp-json\/wp\/v2\/product_cat?post=180604"},{"taxonomy":"product_tag","embeddable":true,"href":"https:\/\/baldumarket.lt\/lt\/wp-json\/wp\/v2\/product_tag?post=180604"}],"curies":[{"name":"wp","href":"https:\/\/api.w.org\/{rel}","templated":true}]}}