{"id":180596,"date":"2025-12-21T22:19:24","date_gmt":"2025-12-21T19:19:24","guid":{"rendered":"https:\/\/baldumarket.lt\/product\/szafa-kaszmirowa-z-czarnymi-uchwytami-denver-200-cm\/"},"modified":"2026-03-30T19:31:28","modified_gmt":"2026-03-30T16:31:28","slug":"szafa-kaszmirowa-z-czarnymi-uchwytami-denver-200-cm","status":"publish","type":"product","link":"https:\/\/baldumarket.lt\/lt\/product\/szafa-kaszmirowa-z-czarnymi-uchwytami-denver-200-cm\/","title":{"rendered":"Ka\u0161myro spinta su juodomis rankenomis Denver 200 cm"},"content":{"rendered":"<p>Denver 200 cm ka\u0161myro spinta su juodomis rankenomis \u2013 su lentynomis i\u0161oriniuose fasaduose ir drabu\u017ei\u0173 kabykla viduryje.<br \/>\nSavyb\u0117s:<br \/>\nR\u0117mas \u2013 ka\u0161myras<br \/>\nPriekin\u0117s dalys \u2013 ka\u0161myras<br \/>\nRankenos \u2013 juodos<br \/>\nModernus dizainas<br \/>\nTvirta konstrukcija, pagaminta i\u0161 auk\u0161tos kokyb\u0117s laminuotos PVC plok\u0161t\u0117s<br \/>\nPatentuotas dizainas garantuoja auk\u0161\u010diausi\u0105 kokyb\u0119 ir d\u0117mes\u012f detal\u0117ms<br \/>\nR\u0117mas: laminuota bald\u0173 plok\u0161t\u0117<br \/>\nPriekin\u0117 dalis: PVC dengta MDF plok\u0161t\u0117<br \/>\nVietoj drabu\u017ei\u0173 kabyklos galima \u012fsigyti 3 papildomas lentynas.<\/p>","protected":false},"excerpt":{"rendered":"<p>Plotis [cm] 200<br \/>\n\u016agis [cm] 215<br \/>\ngylis [cm] 60<\/p>","protected":false},"featured_media":180597,"comment_status":"open","ping_status":"open","template":"","meta":[],"product_brand":[],"product_cat":[9592,4746,1177],"product_tag":[],"class_list":{"0":"post-180596","1":"product","2":"type-product","3":"status-publish","4":"has-post-thumbnail","6":"product_cat-wardrobes-denver-fadome","7":"product_cat-fadome","8":"product_cat-wardrobes","10":"first","11":"instock","12":"purchasable","13":"product-type-simple"},"_links":{"self":[{"href":"https:\/\/baldumarket.lt\/lt\/wp-json\/wp\/v2\/product\/180596","targetHints":{"allow":["GET"]}}],"collection":[{"href":"https:\/\/baldumarket.lt\/lt\/wp-json\/wp\/v2\/product"}],"about":[{"href":"https:\/\/baldumarket.lt\/lt\/wp-json\/wp\/v2\/types\/product"}],"replies":[{"embeddable":true,"href":"https:\/\/baldumarket.lt\/lt\/wp-json\/wp\/v2\/comments?post=180596"}],"wp:featuredmedia":[{"embeddable":true,"href":"https:\/\/baldumarket.lt\/lt\/wp-json\/wp\/v2\/media\/180597"}],"wp:attachment":[{"href":"https:\/\/baldumarket.lt\/lt\/wp-json\/wp\/v2\/media?parent=180596"}],"wp:term":[{"taxonomy":"product_brand","embeddable":true,"href":"https:\/\/baldumarket.lt\/lt\/wp-json\/wp\/v2\/product_brand?post=180596"},{"taxonomy":"product_cat","embeddable":true,"href":"https:\/\/baldumarket.lt\/lt\/wp-json\/wp\/v2\/product_cat?post=180596"},{"taxonomy":"product_tag","embeddable":true,"href":"https:\/\/baldumarket.lt\/lt\/wp-json\/wp\/v2\/product_tag?post=180596"}],"curies":[{"name":"wp","href":"https:\/\/api.w.org\/{rel}","templated":true}]}}