{"id":180578,"date":"2025-12-21T22:18:59","date_gmt":"2025-12-21T19:18:59","guid":{"rendered":"https:\/\/baldumarket.lt\/product\/szafa-kaszmir-przesuwna-z-lustrem-avantgarde-av2-200-cm\/"},"modified":"2026-03-30T19:31:28","modified_gmt":"2026-03-30T16:31:28","slug":"szafa-kaszmir-przesuwna-z-lustrem-avantgarde-av2-200-cm","status":"publish","type":"product","link":"https:\/\/baldumarket.lt\/lt\/product\/szafa-kaszmir-przesuwna-z-lustrem-avantgarde-av2-200-cm\/","title":{"rendered":"Ka\u0161myro stumdoma spinta su veidrod\u017eiu Avantgarde AV2-200 cm"},"content":{"rendered":"<p>\u201eAvantgarde AV2\u201c stumdoma spinta su veidrod\u017eiu \u2013 vienoje pus\u0117je yra lentynos, kitoje \u2013 karnizas, o priekyje \u2013 veidrodis.<br \/>\nSpecifikacijos:<br \/>\nK\u016bnas \u2013 Artisan Oak<br \/>\nFasadai \u2013 Artisan Oak + Cashmere MDF + Natural Oak<br \/>\nRankenos \u2013 Artisan Oak<br \/>\nModernus dizainas<br \/>\nTvirta konstrukcija, pagaminta i\u0161 auk\u0161tos kokyb\u0117s laminuotos PVC plok\u0161t\u0117s<br \/>\nPatentuotas dizainas garantuoja auk\u0161\u010diausi\u0105 kokyb\u0119 ir d\u0117mes\u012f detal\u0117ms<br \/>\nKorpusas: laminuota bald\u0173 plok\u0161t\u0117<br \/>\nPriekin\u0117 dalis: PVC dengta MDF plok\u0161t\u0117<\/p>","protected":false},"excerpt":{"rendered":"<p>Plotis [cm] 200<br \/>\n\u016agis [cm] 215<br \/>\ngylis [cm] 59<\/p>","protected":false},"featured_media":180579,"comment_status":"open","ping_status":"open","template":"","meta":[],"product_brand":[],"product_cat":[9589,4746,1177],"product_tag":[],"class_list":{"0":"post-180578","1":"product","2":"type-product","3":"status-publish","4":"has-post-thumbnail","6":"product_cat-wardrobes-avantgarde-fadome","7":"product_cat-fadome","8":"product_cat-wardrobes","10":"first","11":"instock","12":"purchasable","13":"product-type-simple"},"_links":{"self":[{"href":"https:\/\/baldumarket.lt\/lt\/wp-json\/wp\/v2\/product\/180578","targetHints":{"allow":["GET"]}}],"collection":[{"href":"https:\/\/baldumarket.lt\/lt\/wp-json\/wp\/v2\/product"}],"about":[{"href":"https:\/\/baldumarket.lt\/lt\/wp-json\/wp\/v2\/types\/product"}],"replies":[{"embeddable":true,"href":"https:\/\/baldumarket.lt\/lt\/wp-json\/wp\/v2\/comments?post=180578"}],"wp:featuredmedia":[{"embeddable":true,"href":"https:\/\/baldumarket.lt\/lt\/wp-json\/wp\/v2\/media\/180579"}],"wp:attachment":[{"href":"https:\/\/baldumarket.lt\/lt\/wp-json\/wp\/v2\/media?parent=180578"}],"wp:term":[{"taxonomy":"product_brand","embeddable":true,"href":"https:\/\/baldumarket.lt\/lt\/wp-json\/wp\/v2\/product_brand?post=180578"},{"taxonomy":"product_cat","embeddable":true,"href":"https:\/\/baldumarket.lt\/lt\/wp-json\/wp\/v2\/product_cat?post=180578"},{"taxonomy":"product_tag","embeddable":true,"href":"https:\/\/baldumarket.lt\/lt\/wp-json\/wp\/v2\/product_tag?post=180578"}],"curies":[{"name":"wp","href":"https:\/\/api.w.org\/{rel}","templated":true}]}}