{"id":18057,"date":"2025-11-14T10:19:51","date_gmt":"2025-11-14T07:19:51","guid":{"rendered":"https:\/\/baldumarket.lt\/product\/idris-140x200\/"},"modified":"2026-04-06T23:34:22","modified_gmt":"2026-04-06T20:34:22","slug":"idris-140x200","status":"publish","type":"product","link":"https:\/\/baldumarket.lt\/lt\/product\/idris-140x200\/","title":{"rendered":"Idris 140\u00d7200"},"content":{"rendered":"<p>\u201eIdris\u201c \u2013 tai paprasta, ta\u010diau eleganti\u0161ka, klasikin\u0117 ir gra\u017eiai apdailinta spyruoklin\u0117 lova su miegojimo pavir\u0161iumi, si\u016blomais trij\u0173 skirting\u0173 dyd\u017ei\u0173: 140\/160\/180 x 200 cm. M\u016bs\u0173 lova puikiai tinka tiek didesniems, tiek ma\u017eesniems miegamiesiems ir sve\u010di\u0173 kambariams. \u201eIdris\u201c \u010diu\u017einys yra su 15 cm auk\u0161\u010dio \u201eBonnell\u201c spyruokliniu \u010diu\u017einiu ir 4 cm auk\u0161\u010dio \u010diu\u017einiu. Papildomas m\u016bs\u0173 spyruoklin\u0117s lovos bruo\u017eas \u2013 du erdv\u016bs patalyn\u0117s skyriai ir unikali, originali apdaila. Tai auk\u0161tas, prisi\u016btas galv\u016bgalis, eleganti\u0161kos juodos kojel\u0117s ir platus spalv\u0173 pasirinkimas. Visa tai rei\u0161kia, kad \u0161is baldas bet kokiam interjerui suteiks prabangos. Jei svajojate apie klasikin\u012f interjer\u0105 su \u017eavesiu, \u201eIdris\u201c neabejotinai yra geriausias pasirinkimas.<\/p>","protected":false},"excerpt":{"rendered":"<p>\u201eIdris\u201c \u2013 tai paprasta, ta\u010diau eleganti\u0161ka, klasikinio stiliaus ir gra\u017eiai apdailinta spyruoklin\u0117 lova su miegamuoju pavir\u0161iumi, kur\u012f galima rinktis i\u0161 trij\u0173 skirting\u0173 dyd\u017ei\u0173: 140\/160\/180 x 200 cm. M\u016bs\u0173 lova puikiai tinka tiek didesniems, tiek ma\u017eesniems miegamiesiems ir sve\u010di\u0173 kambariams. \u201eIdris\u201c komplektuojama su 15 cm auk\u0161\u010dio \u201eBonnell\u201c spyruokliniu \u010diu\u017einiu ir 4 [\u2026]<\/p>","protected":false},"featured_media":18058,"comment_status":"open","ping_status":"open","template":"","meta":[],"product_brand":[],"product_cat":[505,514,2012,9174],"product_tag":[],"class_list":{"0":"post-18057","1":"product","2":"type-product","3":"status-publish","4":"has-post-thumbnail","6":"product_cat-bedroom-beds","7":"product_cat-continental-beds","8":"product_cat-eltap","9":"product_cat-lozka-kontynentalne-eltap","11":"first","12":"instock","13":"purchasable","14":"product-type-variable","15":"wvs-archive-product-wrapper"},"_links":{"self":[{"href":"https:\/\/baldumarket.lt\/lt\/wp-json\/wp\/v2\/product\/18057","targetHints":{"allow":["GET"]}}],"collection":[{"href":"https:\/\/baldumarket.lt\/lt\/wp-json\/wp\/v2\/product"}],"about":[{"href":"https:\/\/baldumarket.lt\/lt\/wp-json\/wp\/v2\/types\/product"}],"replies":[{"embeddable":true,"href":"https:\/\/baldumarket.lt\/lt\/wp-json\/wp\/v2\/comments?post=18057"}],"wp:featuredmedia":[{"embeddable":true,"href":"https:\/\/baldumarket.lt\/lt\/wp-json\/wp\/v2\/media\/18058"}],"wp:attachment":[{"href":"https:\/\/baldumarket.lt\/lt\/wp-json\/wp\/v2\/media?parent=18057"}],"wp:term":[{"taxonomy":"product_brand","embeddable":true,"href":"https:\/\/baldumarket.lt\/lt\/wp-json\/wp\/v2\/product_brand?post=18057"},{"taxonomy":"product_cat","embeddable":true,"href":"https:\/\/baldumarket.lt\/lt\/wp-json\/wp\/v2\/product_cat?post=18057"},{"taxonomy":"product_tag","embeddable":true,"href":"https:\/\/baldumarket.lt\/lt\/wp-json\/wp\/v2\/product_tag?post=18057"}],"curies":[{"name":"wp","href":"https:\/\/api.w.org\/{rel}","templated":true}]}}