{"id":180563,"date":"2025-12-21T22:18:38","date_gmt":"2025-12-21T19:18:38","guid":{"rendered":"https:\/\/baldumarket.lt\/product\/sypialnia-loftowa-molto-black\/"},"modified":"2026-03-30T19:31:28","modified_gmt":"2026-03-30T16:31:28","slug":"sypialnia-loftowa-molto-black","status":"publish","type":"product","link":"https:\/\/baldumarket.lt\/lt\/product\/sypialnia-loftowa-molto-black\/","title":{"rendered":"Molto juodas pal\u0117p\u0117s miegamasis"},"content":{"rendered":"<p>\u201eMolto\u201c miegamasis \u2013 lofto stiliaus variantas \u2013 \u012f kain\u0105 \u012fskai\u010diuoti \u0161ie baldai:<br \/>\nMolto lova (275\/101\/208 cm) (plotis\/auk\u0161tis\/gylis)<br \/>\nML-200 stumdoma spinta (200\/215\/59 cm) (plotis\/auk\u0161tis\/gylis)<br \/>\nML13 komoda (180\/86\/37 cm) (plotis\/auk\u0161tis\/gylis)<br \/>\n\u201eMolto\u201c dvigul\u0117 lova \u2013 su mink\u0161tu galv\u016bgaliu ir dviem stal\u010diais naktiniais staliukais. Lova be \u010diu\u017einio \u2013 tinka 160\/200 cm \u010diu\u017einiui.<br \/>\nSpalva:<br \/>\nK\u016bnas \u2013 Artisan Oak<br \/>\nFasadai \u2013 Artisan Oak + matin\u0117 juoda<br \/>\nGroteli\u0173 \u012fd\u0117klai<br \/>\nRankenos \u2013 juodos<br \/>\n\u012etrauktas LED ap\u0161vietimas<br \/>\n\u201eMolto\u201c sistemos baldai yra unikal\u016bs svetain\u0117s baldai. J\u0173 savyb\u0117s:<br \/>\nModernus dizainas<br \/>\nTvirta konstrukcija, pagaminta i\u0161 auk\u0161tos kokyb\u0117s laminuotos PVC plok\u0161t\u0117s<br \/>\nPatentuotas dizainas, garantuojantis auk\u0161\u010diausi\u0105 kokyb\u0119 ir d\u0117mes\u012f detal\u0117ms<br \/>\nGalimyb\u0117 pasirinkti atskirus elementus<br \/>\nLED ap\u0161vietimas kaip standartin\u0117 \u012franga<br \/>\nKorpusas: laminuota bald\u0173 plok\u0161t\u0117<br \/>\nPriekin\u0117 dalis: PVC dengta MDF plok\u0161t\u0117<br \/>\n\u0160velniai u\u017esidarantys vyriai<br \/>\n3\/4 prailginimo stal\u010di\u0173 b\u0117geliai, tvirtinami apa\u010dioje, \u0161velnaus u\u017edarymo<\/p>","protected":false},"excerpt":{"rendered":"<p>\u201eMolto\u201c miegamasis \u2013 lofto stiliaus variantas \u2013 \u012f kain\u0105 \u012fskai\u010diuoti \u0161ie baldai: \u201eMolto\u201c lova (275\/101\/208 cm) (plotis\/auk\u0161tis\/gylis) ML-200 stumdom\u0173 dur\u0173 spinta (200\/215\/59 cm) (plotis\/auk\u0161tis\/gylis) ML13 komoda (180\/86\/37 cm) (plotis\/auk\u0161tis\/gylis) \u201eMolto\u201c lofto stiliaus lova \u2013 su mink\u0161tu galv\u016bgaliu ir dviem stal\u010diais naktiniais staliukais. Lova be \u010diu\u017einio \u2013 tinka 160\/200 cm \u010diu\u017einiui. Spalva: [\u2026]<\/p>","protected":false},"featured_media":180564,"comment_status":"open","ping_status":"open","template":"","meta":[],"product_brand":[],"product_cat":[9594,4746],"product_tag":[],"class_list":{"0":"post-180563","1":"product","2":"type-product","3":"status-publish","4":"has-post-thumbnail","6":"product_cat-furniture-system-molto-fadome","7":"product_cat-fadome","9":"first","10":"instock","11":"purchasable","12":"product-type-simple"},"_links":{"self":[{"href":"https:\/\/baldumarket.lt\/lt\/wp-json\/wp\/v2\/product\/180563","targetHints":{"allow":["GET"]}}],"collection":[{"href":"https:\/\/baldumarket.lt\/lt\/wp-json\/wp\/v2\/product"}],"about":[{"href":"https:\/\/baldumarket.lt\/lt\/wp-json\/wp\/v2\/types\/product"}],"replies":[{"embeddable":true,"href":"https:\/\/baldumarket.lt\/lt\/wp-json\/wp\/v2\/comments?post=180563"}],"wp:featuredmedia":[{"embeddable":true,"href":"https:\/\/baldumarket.lt\/lt\/wp-json\/wp\/v2\/media\/180564"}],"wp:attachment":[{"href":"https:\/\/baldumarket.lt\/lt\/wp-json\/wp\/v2\/media?parent=180563"}],"wp:term":[{"taxonomy":"product_brand","embeddable":true,"href":"https:\/\/baldumarket.lt\/lt\/wp-json\/wp\/v2\/product_brand?post=180563"},{"taxonomy":"product_cat","embeddable":true,"href":"https:\/\/baldumarket.lt\/lt\/wp-json\/wp\/v2\/product_cat?post=180563"},{"taxonomy":"product_tag","embeddable":true,"href":"https:\/\/baldumarket.lt\/lt\/wp-json\/wp\/v2\/product_tag?post=180563"}],"curies":[{"name":"wp","href":"https:\/\/api.w.org\/{rel}","templated":true}]}}