{"id":180559,"date":"2025-12-21T22:18:34","date_gmt":"2025-12-21T19:18:34","guid":{"rendered":"https:\/\/baldumarket.lt\/product\/salon-skandynawski-wstawki-drewniane-evolution-artisan\/"},"modified":"2026-04-14T12:13:14","modified_gmt":"2026-04-14T09:13:14","slug":"salon-skandynawski-wstawki-drewniane-evolution-artisan","status":"publish","type":"product","link":"https:\/\/baldumarket.lt\/lt\/product\/salon-skandynawski-wstawki-drewniane-evolution-artisan\/","title":{"rendered":"Skandinavi\u0161ka svetain\u0117 su \u201eEvolution Artisan\u201c mediniais intarpais"},"content":{"rendered":"<p>\u201eEvolution\u201c sistemos baldai \u2013 modernus pasirinkimas su mediniais intarpais. Specifikacijos:<br \/>\n16 mm \u201eArtisan Oak\u201c laminuotos med\u017eio dro\u017eli\u0173 plok\u0161t\u0117s korpusas, faneruotas 0,3 mm melamino apvadais<br \/>\n25 mm \u201eArtisan Oak\u201c laminuotos med\u017eio dro\u017eli\u0173 plok\u0161t\u0117s r\u0117mas<br \/>\nArtisan Oak galin\u0117 panel\u0117<br \/>\nPriekin\u0117s dalys: MDF plok\u0161t\u0117, laminuota PVC, \u201eArtisan Oak\u201c spalvos<br \/>\nNat\u016bralaus med\u017eio intarpai su stiklu ir ap\u0161vietimu<br \/>\nJuodos rankenos<br \/>\nAuk\u0161tos kojos<br \/>\n35 mm pasl\u0117pti vyriai su hidrauliniu \u0161velnaus u\u017edarymo mechanizmu<br \/>\n35 cm gylio stal\u010diai, 3\/4 i\u0161traukiami b\u0117geliai su \u0161velniu u\u017edarymu, montuojami apa\u010dioje<br \/>\n\u201eEvolution\u201c sistemos baldai yra unikal\u016bs svetain\u0117s baldai. J\u0173 savyb\u0117s:<br \/>\nModernus dizainas<br \/>\nTvirta konstrukcija su auk\u0161tos kokyb\u0117s PVC laminuota plok\u0161te<br \/>\nPatentuotas dizainas garantuoja auk\u0161\u010diausi\u0105 kokyb\u0119 ir d\u0117mes\u012f detal\u0117ms<br \/>\nAtskir\u0173 element\u0173 pasirinkimas<br \/>\nLED ap\u0161vietimas kaip standartin\u0117 \u012franga<br \/>\n\u012e komplekt\u0105 \u012feina:<br \/>\nEV1 spinta \u2013 89\/197\/53 P\/A\/G<br \/>\nEV4a ilgas televizoriaus stovas \u2013 190\/59\/37 P\/A\/G<br \/>\nEV6a lentyna \u2013 180\/24\/20 P\/A\/G<\/p>","protected":false},"excerpt":{"rendered":"<p>\u201eEvolution\u201c sistemos baldai \u2013 modernus pasirinkimas su mediniais intarpais. Specifikacijos: 16 mm \u201eArtisan Oak\u201c laminuotos med\u017eio dro\u017eli\u0173 plok\u0161t\u0117s korpusas, faneruotas 0,3 mm melamino apvadu; 25 mm \u201eArtisan Oak\u201c laminuotos med\u017eio dro\u017eli\u0173 plok\u0161t\u0117s r\u0117mas; \u201eArtisan Oak\u201c galin\u0117 panel\u0117; Priekin\u0117s dalys: MDF plok\u0161t\u0117, laminuota PVC, \u201eArtisan Oak\u201c; Nat\u016bralaus med\u017eio intarpai su stiklu ir ap\u0161vietimu; Juodos ranken\u0117l\u0117s; Auk\u0161tos kojel\u0117s; 35 mm pasl\u0117pti vyriai [\u2026]<\/p>","protected":false},"featured_media":180560,"comment_status":"open","ping_status":"open","template":"","meta":[],"product_brand":[],"product_cat":[9591,4746,2008],"product_tag":[],"class_list":{"0":"post-180559","1":"product","2":"type-product","3":"status-publish","4":"has-post-thumbnail","6":"product_cat-furniture-system-evolution-fadome","7":"product_cat-fadome","8":"product_cat-wall-units","10":"first","11":"instock","12":"purchasable","13":"product-type-simple"},"_links":{"self":[{"href":"https:\/\/baldumarket.lt\/lt\/wp-json\/wp\/v2\/product\/180559","targetHints":{"allow":["GET"]}}],"collection":[{"href":"https:\/\/baldumarket.lt\/lt\/wp-json\/wp\/v2\/product"}],"about":[{"href":"https:\/\/baldumarket.lt\/lt\/wp-json\/wp\/v2\/types\/product"}],"replies":[{"embeddable":true,"href":"https:\/\/baldumarket.lt\/lt\/wp-json\/wp\/v2\/comments?post=180559"}],"wp:featuredmedia":[{"embeddable":true,"href":"https:\/\/baldumarket.lt\/lt\/wp-json\/wp\/v2\/media\/180560"}],"wp:attachment":[{"href":"https:\/\/baldumarket.lt\/lt\/wp-json\/wp\/v2\/media?parent=180559"}],"wp:term":[{"taxonomy":"product_brand","embeddable":true,"href":"https:\/\/baldumarket.lt\/lt\/wp-json\/wp\/v2\/product_brand?post=180559"},{"taxonomy":"product_cat","embeddable":true,"href":"https:\/\/baldumarket.lt\/lt\/wp-json\/wp\/v2\/product_cat?post=180559"},{"taxonomy":"product_tag","embeddable":true,"href":"https:\/\/baldumarket.lt\/lt\/wp-json\/wp\/v2\/product_tag?post=180559"}],"curies":[{"name":"wp","href":"https:\/\/api.w.org\/{rel}","templated":true}]}}