{"id":180554,"date":"2025-12-21T22:18:27","date_gmt":"2025-12-21T19:18:27","guid":{"rendered":"https:\/\/baldumarket.lt\/product\/salon-skandynawski-oslo-cashmere\/"},"modified":"2026-03-30T19:31:28","modified_gmt":"2026-03-30T16:31:28","slug":"salon-skandynawski-oslo-cashmere","status":"publish","type":"product","link":"https:\/\/baldumarket.lt\/lt\/product\/salon-skandynawski-oslo-cashmere\/","title":{"rendered":"Oslo ka\u0161myro skandinavi\u0161ko stiliaus salonas"},"content":{"rendered":"<p>Moduliniai baldai \u201eOslo\u201c \u2013 modernus pasirinkimas su med\u017eio imitacijos intarpais. Parametrai:<br \/>\n16 mm laminuotos med\u017eio dro\u017eli\u0173 plok\u0161t\u0117s korpusas Riva \u0105\u017euolo spalvos, faneruotas 0,3 mm melamino apvadais<br \/>\n25 mm laminuotos med\u017eio dro\u017eli\u0173 plok\u0161t\u0117s korpuso r\u0117mas Riva \u0105\u017euolo spalvos<br \/>\nRiva galin\u0117 panel\u0117<br \/>\nPriekin\u0117 dalis: MDF plok\u0161t\u0117, laminuota ka\u0161myro spalvos PVC<br \/>\nSistema be ranken\u0173<br \/>\n35 mm pasl\u0117pti vyriai su hidrauliniu \u0161velniu u\u017edarymu<br \/>\nStal\u010diai: 35 cm gylio, 3\/4 i\u0161traukiami b\u0117geliai su \u0161velniu u\u017edarymu, montuojami apa\u010dioje<br \/>\nOslo sistemos baldai yra unikal\u016bs svetain\u0117s baldai. J\u0173 parametrai apima:<br \/>\nModernus dizainas<br \/>\nTvirtas auk\u0161tos kokyb\u0117s laminuoto PVC apdirbimas<br \/>\nPatentuotas dizainas garantuoja auk\u0161\u010diausi\u0105 kokyb\u0119 ir d\u0117mes\u012f detal\u0117ms<br \/>\nAtskir\u0173 element\u0173 pasirinkimas<br \/>\nLED ap\u0161vietimas kaip standartin\u0117 \u012franga<br \/>\n\u012e rinkin\u012f \u012feina:<br \/>\nOS2 vitrina \u2013 78\/200\/38 plotis\/auk\u0161tis\/gylis<br \/>\nTV stovas OS4 \u2013 160\/50\/44 plotis\/auk\u0161tis\/gylis<br \/>\nLentyna OS6 \u2013 160\/24\/20 plotis\/auk\u0161tis\/gylis<br \/>\nKomoda OS15 \u2013 78\/120\/38 Plotis\/Auk\u0161tis\/Gylis<br \/>\n\u00a0<br \/>\nGalerijoje \u2013 tikros nuotraukos i\u0161 antros savait\u0117s.<br \/>\n\u00a0<\/p>","protected":false},"excerpt":{"rendered":"<p>Moduliniai baldai \u201eOslo\u201c \u2013 modernus pasirinkimas su med\u017eio imitacijos intarpais. Parametrai: 16 mm laminuotos med\u017eio dro\u017eli\u0173 plok\u0161t\u0117s korpusas i\u0161 \u201eRiva Oak\u201c spalvos, faneruotas 0,3 mm melamino apvadais; 25 mm laminuotos med\u017eio dro\u017eli\u0173 plok\u0161t\u0117s korpuso r\u0117mas i\u0161 \u201eRiva Oak\u201c spalvos; \u201eRiva\u201c galin\u0117 panel\u0117; Priekin\u0117s dalys: MDF plok\u0161t\u0117, laminuota PVC ka\u0161myro spalvos; Sistema be ranken\u0117li\u0173; 35 mm pasl\u0117pti vyriai su \u0161velniu \u2013 hidrauliniu u\u017edarymu; Stal\u010diai: 35 cm gylio, 3\/4 [\u2026]<\/p>","protected":false},"featured_media":180555,"comment_status":"open","ping_status":"open","template":"","meta":[],"product_brand":[],"product_cat":[9596,4746],"product_tag":[],"class_list":{"0":"post-180554","1":"product","2":"type-product","3":"status-publish","4":"has-post-thumbnail","6":"product_cat-furniture-system-oslo-fadome","7":"product_cat-fadome","9":"first","10":"instock","11":"purchasable","12":"product-type-simple"},"_links":{"self":[{"href":"https:\/\/baldumarket.lt\/lt\/wp-json\/wp\/v2\/product\/180554","targetHints":{"allow":["GET"]}}],"collection":[{"href":"https:\/\/baldumarket.lt\/lt\/wp-json\/wp\/v2\/product"}],"about":[{"href":"https:\/\/baldumarket.lt\/lt\/wp-json\/wp\/v2\/types\/product"}],"replies":[{"embeddable":true,"href":"https:\/\/baldumarket.lt\/lt\/wp-json\/wp\/v2\/comments?post=180554"}],"wp:featuredmedia":[{"embeddable":true,"href":"https:\/\/baldumarket.lt\/lt\/wp-json\/wp\/v2\/media\/180555"}],"wp:attachment":[{"href":"https:\/\/baldumarket.lt\/lt\/wp-json\/wp\/v2\/media?parent=180554"}],"wp:term":[{"taxonomy":"product_brand","embeddable":true,"href":"https:\/\/baldumarket.lt\/lt\/wp-json\/wp\/v2\/product_brand?post=180554"},{"taxonomy":"product_cat","embeddable":true,"href":"https:\/\/baldumarket.lt\/lt\/wp-json\/wp\/v2\/product_cat?post=180554"},{"taxonomy":"product_tag","embeddable":true,"href":"https:\/\/baldumarket.lt\/lt\/wp-json\/wp\/v2\/product_tag?post=180554"}],"curies":[{"name":"wp","href":"https:\/\/api.w.org\/{rel}","templated":true}]}}