{"id":180520,"date":"2025-12-21T22:17:39","date_gmt":"2025-12-21T19:17:39","guid":{"rendered":"https:\/\/baldumarket.lt\/product\/polka-wiszaca-keks-k6-cashmere\/"},"modified":"2026-04-14T12:12:30","modified_gmt":"2026-04-14T09:12:30","slug":"polka-wiszaca-keks-k6-cashmere","status":"publish","type":"product","link":"https:\/\/baldumarket.lt\/lt\/product\/polka-wiszaca-keks-k6-cashmere\/","title":{"rendered":"Keks K6 Cashmere pakabinama lentyna"},"content":{"rendered":"<p>\u201eKeks\u201c moduliniai baldai \u2013 modernus variantas su mediniais \u012fd\u0117klais.<br \/>\nR\u0117mas:<br \/>\n16 mm laminuota med\u017eio dro\u017eli\u0173 plok\u0161t\u0117 \u201eArtisan Oak\u201c spalvos, faneruota 0,3 mm melamino apvadais<br \/>\nR\u0117mas: 25 mm laminuota med\u017eio dro\u017eli\u0173 plok\u0161t\u0117 \u201eArtisan Oak\u201c spalvos<br \/>\nGalinis skydelis: lakuotas \u201eArtisan\u201c spalva<br \/>\nPriekinis skydelis:<br \/>\nMDF plok\u0161t\u0117 su PVC folija \u2013 ka\u0161myro spalvos<br \/>\n\u0104\u017euolo medienos \u012fd\u0117klai<br \/>\nRankena: aukso spalvos plastikas<br \/>\n1D LED spaustukas\/laminuota lentyna, kojinis jungiklis. 35 mm pasl\u0117pti vyriai su \u0161velniu hidrauliniu u\u017edarymu.<br \/>\nStal\u010diai: 35 cm gylio, 3\/4 i\u0161traukiamos b\u0117gel\u0117s su \u0161velnaus u\u017edarymo sistema, montuojamos apa\u010dioje (komodose K12, K4 Bottom ir K4a)<br \/>\nKojel\u0117s: n\u0117ra, su 10 cm auk\u0161\u010dio pagrindu<br \/>\n\u201eKeks\u201c sistemos baldai yra unikal\u016bs svetain\u0117s baldai. J\u0173 savyb\u0117s:<br \/>\nmodernus dizainas<br \/>\ntvirta konstrukcija su auk\u0161tos kokyb\u0117s PVC laminatu<br \/>\npatentuotas dizainas, garantuojantis auk\u0161\u010diausi\u0105 kokyb\u0119 ir d\u0117mes\u012f detal\u0117ms<br \/>\npasirenkami atskiri elementai<br \/>\nLED ap\u0161vietimas kaip standartin\u0117 \u012franga<br \/>\nPapildomose nuotraukose matoma grafito spalva \u2013 \u017er. pasi\u016blym\u0105 \u017eemiau:<\/p>","protected":false},"excerpt":{"rendered":"<p>Plotis [cm] 120<br \/>\n\u016agis [cm] 32<br \/>\ngylis [cm] 20<\/p>","protected":false},"featured_media":180521,"comment_status":"open","ping_status":"open","template":"","meta":[],"product_brand":[],"product_cat":[9593,4746,1174],"product_tag":[],"class_list":{"0":"post-180520","1":"product","2":"type-product","3":"status-publish","4":"has-post-thumbnail","6":"product_cat-furniture-system-keks-fadome","7":"product_cat-fadome","8":"product_cat-hanging-shelves","10":"first","11":"instock","12":"purchasable","13":"product-type-simple"},"_links":{"self":[{"href":"https:\/\/baldumarket.lt\/lt\/wp-json\/wp\/v2\/product\/180520","targetHints":{"allow":["GET"]}}],"collection":[{"href":"https:\/\/baldumarket.lt\/lt\/wp-json\/wp\/v2\/product"}],"about":[{"href":"https:\/\/baldumarket.lt\/lt\/wp-json\/wp\/v2\/types\/product"}],"replies":[{"embeddable":true,"href":"https:\/\/baldumarket.lt\/lt\/wp-json\/wp\/v2\/comments?post=180520"}],"wp:featuredmedia":[{"embeddable":true,"href":"https:\/\/baldumarket.lt\/lt\/wp-json\/wp\/v2\/media\/180521"}],"wp:attachment":[{"href":"https:\/\/baldumarket.lt\/lt\/wp-json\/wp\/v2\/media?parent=180520"}],"wp:term":[{"taxonomy":"product_brand","embeddable":true,"href":"https:\/\/baldumarket.lt\/lt\/wp-json\/wp\/v2\/product_brand?post=180520"},{"taxonomy":"product_cat","embeddable":true,"href":"https:\/\/baldumarket.lt\/lt\/wp-json\/wp\/v2\/product_cat?post=180520"},{"taxonomy":"product_tag","embeddable":true,"href":"https:\/\/baldumarket.lt\/lt\/wp-json\/wp\/v2\/product_tag?post=180520"}],"curies":[{"name":"wp","href":"https:\/\/api.w.org\/{rel}","templated":true}]}}