{"id":180497,"date":"2025-12-21T22:17:08","date_gmt":"2025-12-21T19:17:08","guid":{"rendered":"https:\/\/baldumarket.lt\/product\/polka-roma-rom6\/"},"modified":"2026-04-14T12:12:30","modified_gmt":"2026-04-14T09:12:30","slug":"polka-roma-rom6","status":"publish","type":"product","link":"https:\/\/baldumarket.lt\/lt\/product\/polka-roma-rom6\/","title":{"rendered":"Roma ROM6 lentyna"},"content":{"rendered":"<p>\u201eRoma ROM6\u201c lentyna \u2013 galima \u012fsigyti tik guobos medienos spalvos.<br \/>\nSpalva:<br \/>\nk\u016bnas \u2013 guoba<br \/>\nfasadai \u2013 blizgi balta + matin\u0117s pilkos spalvos intarpai<br \/>\nLED foninis ap\u0161vietimas<br \/>\n\u201eRoma\u201c sistemos baldai \u2013 tai unikal\u016bs svetain\u0117s ar jaunimo kambario baldai. J\u0173 savyb\u0117s:<br \/>\nmodernus dizainas<br \/>\ntvirta konstrukcija, pagaminta i\u0161 auk\u0161tos kokyb\u0117s laminuotos plok\u0161t\u0117s su MDF dekoru<br \/>\npatentuotas dizainas, garantuojantis auk\u0161\u010diausi\u0105 kokyb\u0119 ir d\u0117mes\u012f detal\u0117ms<br \/>\natskir\u0173 element\u0173 pasirinkimas<br \/>\nLED ap\u0161vietimas kaip standartin\u0117 \u012franga<br \/>\nkorpusas: laminuota bald\u0173 plok\u0161t\u0117<br \/>\npriekis: laminuota bald\u0173 plok\u0161t\u0117 + PVC laminatas<\/p>","protected":false},"excerpt":{"rendered":"<p>Gylis [cm] 18<br \/>\nPlotis [cm] 110<br \/>\n\u016agis [cm] 28<\/p>","protected":false},"featured_media":180498,"comment_status":"open","ping_status":"open","template":"","meta":[],"product_brand":[],"product_cat":[9583,4746,1174],"product_tag":[],"class_list":{"0":"post-180497","1":"product","2":"type-product","3":"status-publish","4":"has-post-thumbnail","6":"product_cat-furniture-system-roma-fadome","7":"product_cat-fadome","8":"product_cat-hanging-shelves","10":"first","11":"instock","12":"purchasable","13":"product-type-simple"},"_links":{"self":[{"href":"https:\/\/baldumarket.lt\/lt\/wp-json\/wp\/v2\/product\/180497","targetHints":{"allow":["GET"]}}],"collection":[{"href":"https:\/\/baldumarket.lt\/lt\/wp-json\/wp\/v2\/product"}],"about":[{"href":"https:\/\/baldumarket.lt\/lt\/wp-json\/wp\/v2\/types\/product"}],"replies":[{"embeddable":true,"href":"https:\/\/baldumarket.lt\/lt\/wp-json\/wp\/v2\/comments?post=180497"}],"wp:featuredmedia":[{"embeddable":true,"href":"https:\/\/baldumarket.lt\/lt\/wp-json\/wp\/v2\/media\/180498"}],"wp:attachment":[{"href":"https:\/\/baldumarket.lt\/lt\/wp-json\/wp\/v2\/media?parent=180497"}],"wp:term":[{"taxonomy":"product_brand","embeddable":true,"href":"https:\/\/baldumarket.lt\/lt\/wp-json\/wp\/v2\/product_brand?post=180497"},{"taxonomy":"product_cat","embeddable":true,"href":"https:\/\/baldumarket.lt\/lt\/wp-json\/wp\/v2\/product_cat?post=180497"},{"taxonomy":"product_tag","embeddable":true,"href":"https:\/\/baldumarket.lt\/lt\/wp-json\/wp\/v2\/product_tag?post=180497"}],"curies":[{"name":"wp","href":"https:\/\/api.w.org\/{rel}","templated":true}]}}