{"id":180473,"date":"2025-12-21T22:16:38","date_gmt":"2025-12-21T19:16:38","guid":{"rendered":"https:\/\/baldumarket.lt\/product\/polka-molto-ml6\/"},"modified":"2026-04-14T12:12:30","modified_gmt":"2026-04-14T09:12:30","slug":"polka-molto-ml6","status":"publish","type":"product","link":"https:\/\/baldumarket.lt\/lt\/product\/polka-molto-ml6\/","title":{"rendered":"Molto ML6 l\u0119\u0161is"},"content":{"rendered":"<p>Molto 6 lentyna \u2013 Artisan Oak<br \/>\n\u201eMolto\u201c sistemos baldai \u2013 tai unikal\u016bs svetain\u0117s baldai, pasi\u017eymintys:<br \/>\nmodernus dizainas<br \/>\ntvirta konstrukcija, pagaminta i\u0161 auk\u0161tos kokyb\u0117s laminuotos PVC plok\u0161t\u0117s<br \/>\npatentuotas dizainas, garantuojantis auk\u0161\u010diausi\u0105 kokyb\u0119 ir d\u0117mes\u012f detal\u0117ms<br \/>\npasirenkami atskiri elementai<br \/>\nLED ap\u0161vietimas kaip standartin\u0117 \u012franga<br \/>\nkorpusas: laminuota bald\u0173 plok\u0161t\u0117<br \/>\npriekis: PVC dengta MDF plok\u0161t\u0117<br \/>\n\u0161velniai u\u017esidarantys vyriai<br \/>\n3\/4 prailginimo stal\u010di\u0173 b\u0117geliai, tvirtinami apa\u010dioje, \u0161velnaus u\u017edarymo<\/p>","protected":false},"excerpt":{"rendered":"<p>Plotis [cm] 130<br \/>\nAuk\u0161tis [cm] 20<br \/>\ngylis [cm] 20<\/p>","protected":false},"featured_media":180474,"comment_status":"open","ping_status":"open","template":"","meta":[],"product_brand":[],"product_cat":[9594,4746,1174],"product_tag":[],"class_list":{"0":"post-180473","1":"product","2":"type-product","3":"status-publish","4":"has-post-thumbnail","6":"product_cat-furniture-system-molto-fadome","7":"product_cat-fadome","8":"product_cat-hanging-shelves","10":"first","11":"instock","12":"purchasable","13":"product-type-simple"},"_links":{"self":[{"href":"https:\/\/baldumarket.lt\/lt\/wp-json\/wp\/v2\/product\/180473","targetHints":{"allow":["GET"]}}],"collection":[{"href":"https:\/\/baldumarket.lt\/lt\/wp-json\/wp\/v2\/product"}],"about":[{"href":"https:\/\/baldumarket.lt\/lt\/wp-json\/wp\/v2\/types\/product"}],"replies":[{"embeddable":true,"href":"https:\/\/baldumarket.lt\/lt\/wp-json\/wp\/v2\/comments?post=180473"}],"wp:featuredmedia":[{"embeddable":true,"href":"https:\/\/baldumarket.lt\/lt\/wp-json\/wp\/v2\/media\/180474"}],"wp:attachment":[{"href":"https:\/\/baldumarket.lt\/lt\/wp-json\/wp\/v2\/media?parent=180473"}],"wp:term":[{"taxonomy":"product_brand","embeddable":true,"href":"https:\/\/baldumarket.lt\/lt\/wp-json\/wp\/v2\/product_brand?post=180473"},{"taxonomy":"product_cat","embeddable":true,"href":"https:\/\/baldumarket.lt\/lt\/wp-json\/wp\/v2\/product_cat?post=180473"},{"taxonomy":"product_tag","embeddable":true,"href":"https:\/\/baldumarket.lt\/lt\/wp-json\/wp\/v2\/product_tag?post=180473"}],"curies":[{"name":"wp","href":"https:\/\/api.w.org\/{rel}","templated":true}]}}