{"id":180467,"date":"2025-12-21T22:16:31","date_gmt":"2025-12-21T19:16:31","guid":{"rendered":"https:\/\/baldumarket.lt\/product\/plyta-bok-maskujacy-dolny-82-cm\/"},"modified":"2026-03-30T19:31:43","modified_gmt":"2026-03-30T16:31:43","slug":"plyta-bok-maskujacy-dolny-82-cm","status":"publish","type":"product","link":"https:\/\/baldumarket.lt\/lt\/product\/plyta-bok-maskujacy-dolny-82-cm\/","title":{"rendered":"Apatin\u0117 \u0161onin\u0117 dengiamoji plok\u0161t\u0117 82 cm"},"content":{"rendered":"<p>Apatin\u0117s dengiamosios plok\u0161t\u0117s ilgis yra 82 cm, o gylis \u2013 2,5 cm.<br \/>\n\u0160onin\u0117 dalis yra trij\u0173 spalv\u0173: Sonoma \u0105\u017euolo, Artisan \u0105\u017euolo ir Andersen pu\u0161ies.<br \/>\nPASTABA \u2013 \u0160io produkto \u012fsigyti negalima neu\u017esakius gamintojo virtuv\u0117s 028.<\/p>","protected":false},"excerpt":{"rendered":"<p>\u016agis [cm] 82<br \/>\nGylis [cm] 2,5<br \/>\nPlotis [cm] 58<\/p>","protected":false},"featured_media":180468,"comment_status":"open","ping_status":"open","template":"","meta":[],"product_brand":[],"product_cat":[1043,4746],"product_tag":[],"class_list":{"0":"post-180467","1":"product","2":"type-product","3":"status-publish","4":"has-post-thumbnail","6":"product_cat-extras","7":"product_cat-fadome","9":"first","10":"instock","11":"purchasable","12":"product-type-simple"},"_links":{"self":[{"href":"https:\/\/baldumarket.lt\/lt\/wp-json\/wp\/v2\/product\/180467","targetHints":{"allow":["GET"]}}],"collection":[{"href":"https:\/\/baldumarket.lt\/lt\/wp-json\/wp\/v2\/product"}],"about":[{"href":"https:\/\/baldumarket.lt\/lt\/wp-json\/wp\/v2\/types\/product"}],"replies":[{"embeddable":true,"href":"https:\/\/baldumarket.lt\/lt\/wp-json\/wp\/v2\/comments?post=180467"}],"wp:featuredmedia":[{"embeddable":true,"href":"https:\/\/baldumarket.lt\/lt\/wp-json\/wp\/v2\/media\/180468"}],"wp:attachment":[{"href":"https:\/\/baldumarket.lt\/lt\/wp-json\/wp\/v2\/media?parent=180467"}],"wp:term":[{"taxonomy":"product_brand","embeddable":true,"href":"https:\/\/baldumarket.lt\/lt\/wp-json\/wp\/v2\/product_brand?post=180467"},{"taxonomy":"product_cat","embeddable":true,"href":"https:\/\/baldumarket.lt\/lt\/wp-json\/wp\/v2\/product_cat?post=180467"},{"taxonomy":"product_tag","embeddable":true,"href":"https:\/\/baldumarket.lt\/lt\/wp-json\/wp\/v2\/product_tag?post=180467"}],"curies":[{"name":"wp","href":"https:\/\/api.w.org\/{rel}","templated":true}]}}