{"id":180459,"date":"2025-12-21T22:16:20","date_gmt":"2025-12-21T19:16:20","guid":{"rendered":"https:\/\/baldumarket.lt\/product\/nadstawka-rtv-roma-rom5\/"},"modified":"2026-04-14T12:10:31","modified_gmt":"2026-04-14T09:10:31","slug":"nadstawka-rtv-roma-rom5","status":"publish","type":"product","link":"https:\/\/baldumarket.lt\/lt\/product\/nadstawka-rtv-roma-rom5\/","title":{"rendered":"\u201eRoma ROM5\u201c televizijos priestatas"},"content":{"rendered":"<p>\u201eRoma ROM5\u201c televizoriaus prapl\u0117timo blokas \u2013 prapl\u0117timo blokas su spintele ir ni\u0161omis.<br \/>\nSpalva:<br \/>\nk\u016bnas \u2013 guoba<br \/>\nfasadai \u2013 blizgi balta + matin\u0117s pilkos spalvos intarpai<br \/>\nLED foninis ap\u0161vietimas<br \/>\n\u201eRoma\u201c sistemos baldai \u2013 tai unikal\u016bs svetain\u0117s ar jaunimo kambario baldai. J\u0173 savyb\u0117s:<br \/>\nmodernus dizainas<br \/>\ntvirta konstrukcija, pagaminta i\u0161 auk\u0161tos kokyb\u0117s laminuotos plok\u0161t\u0117s su MDF dekoru<br \/>\npatentuotas dizainas, garantuojantis auk\u0161\u010diausi\u0105 kokyb\u0119 ir d\u0117mes\u012f detal\u0117ms<br \/>\natskir\u0173 element\u0173 pasirinkimas<br \/>\nLED ap\u0161vietimas kaip standartin\u0117 \u012franga<br \/>\nkorpusas: laminuota bald\u0173 plok\u0161t\u0117<br \/>\npriekis: laminuota bald\u0173 plok\u0161t\u0117 + PVC laminatas<\/p>","protected":false},"excerpt":{"rendered":"<p>Gylis [cm] 31<br \/>\nPlotis [cm] 120<br \/>\n\u016agis [cm] 138<\/p>","protected":false},"featured_media":180460,"comment_status":"open","ping_status":"open","template":"","meta":[],"product_brand":[],"product_cat":[9583,4746,1987],"product_tag":[],"class_list":{"0":"post-180459","1":"product","2":"type-product","3":"status-publish","4":"has-post-thumbnail","6":"product_cat-furniture-system-roma-fadome","7":"product_cat-fadome","8":"product_cat-shelving-units","10":"first","11":"instock","12":"purchasable","13":"product-type-simple"},"_links":{"self":[{"href":"https:\/\/baldumarket.lt\/lt\/wp-json\/wp\/v2\/product\/180459","targetHints":{"allow":["GET"]}}],"collection":[{"href":"https:\/\/baldumarket.lt\/lt\/wp-json\/wp\/v2\/product"}],"about":[{"href":"https:\/\/baldumarket.lt\/lt\/wp-json\/wp\/v2\/types\/product"}],"replies":[{"embeddable":true,"href":"https:\/\/baldumarket.lt\/lt\/wp-json\/wp\/v2\/comments?post=180459"}],"wp:featuredmedia":[{"embeddable":true,"href":"https:\/\/baldumarket.lt\/lt\/wp-json\/wp\/v2\/media\/180460"}],"wp:attachment":[{"href":"https:\/\/baldumarket.lt\/lt\/wp-json\/wp\/v2\/media?parent=180459"}],"wp:term":[{"taxonomy":"product_brand","embeddable":true,"href":"https:\/\/baldumarket.lt\/lt\/wp-json\/wp\/v2\/product_brand?post=180459"},{"taxonomy":"product_cat","embeddable":true,"href":"https:\/\/baldumarket.lt\/lt\/wp-json\/wp\/v2\/product_cat?post=180459"},{"taxonomy":"product_tag","embeddable":true,"href":"https:\/\/baldumarket.lt\/lt\/wp-json\/wp\/v2\/product_tag?post=180459"}],"curies":[{"name":"wp","href":"https:\/\/api.w.org\/{rel}","templated":true}]}}