{"id":180449,"date":"2025-12-21T22:16:06","date_gmt":"2025-12-21T19:16:06","guid":{"rendered":"https:\/\/baldumarket.lt\/product\/mebloscianka-roma-zestaw-mlodziezowy\/"},"modified":"2026-04-14T12:10:31","modified_gmt":"2026-04-14T09:10:31","slug":"mebloscianka-roma-zestaw-mlodziezowy","status":"publish","type":"product","link":"https:\/\/baldumarket.lt\/lt\/product\/mebloscianka-roma-zestaw-mlodziezowy\/","title":{"rendered":"Roma sienin\u0117 spintel\u0117 jaunimo komplektui"},"content":{"rendered":"<p>\u201eRoma\u201c jaunimo sienin\u0117s spintel\u0117s komplektas \u2013 modernus pasirinkimas jaunimui \u2013 apima:<br \/>\n\u2013 ROM1 spinta (194\/90\/53 cm)<br \/>\n\u2013 ROM10 stalas (77\/130\/58 cm)<br \/>\n\u2013 ROM6 lentyna (28\/110\/18 cm) \u2013 dvi dalys<br \/>\n\u2013 ROM11 knyg\u0173 lentyna (190\/46\/43 cm) \u2013 dvi dalys<br \/>\nSpalva:<br \/>\nr\u0117mas \u2013 guoba<br \/>\nfasadai \u2013 blizgi balta + matin\u0117s pilkos spalvos intarpai<br \/>\nLED foninis ap\u0161vietimas<br \/>\n\u201eRoma\u201c sistemos baldai \u2013 tai unikal\u016bs svetain\u0117s ar jaunimo kambario baldai. J\u0173 savyb\u0117s:<br \/>\nmodernus dizainas<br \/>\ntvirta konstrukcija, pagaminta i\u0161 auk\u0161tos kokyb\u0117s laminuotos plok\u0161t\u0117s su MDF apdaila<br \/>\nPatentuotas dizainas garantuoja auk\u0161\u010diausi\u0105 kokyb\u0119 ir d\u0117mes\u012f detal\u0117ms<br \/>\ngalimyb\u0117 pasirinkti atskirus elementus<br \/>\nLED ap\u0161vietimas kaip standartin\u0117 \u012franga<br \/>\nr\u0117mas: laminuota bald\u0173 plok\u0161t\u0117<br \/>\npriekis: laminuota bald\u0173 plok\u0161t\u0117 + laminuotas PVC<\/p>","protected":false},"excerpt":{"rendered":"<p>Gylis [cm] 43\/58<br \/>\nPlotis [cm] 312<br \/>\n\u016agis [cm] 194<\/p>","protected":false},"featured_media":180450,"comment_status":"open","ping_status":"open","template":"","meta":[],"product_brand":[],"product_cat":[9583,4746,2008],"product_tag":[],"class_list":{"0":"post-180449","1":"product","2":"type-product","3":"status-publish","4":"has-post-thumbnail","6":"product_cat-furniture-system-roma-fadome","7":"product_cat-fadome","8":"product_cat-wall-units","10":"first","11":"instock","12":"purchasable","13":"product-type-simple"},"_links":{"self":[{"href":"https:\/\/baldumarket.lt\/lt\/wp-json\/wp\/v2\/product\/180449","targetHints":{"allow":["GET"]}}],"collection":[{"href":"https:\/\/baldumarket.lt\/lt\/wp-json\/wp\/v2\/product"}],"about":[{"href":"https:\/\/baldumarket.lt\/lt\/wp-json\/wp\/v2\/types\/product"}],"replies":[{"embeddable":true,"href":"https:\/\/baldumarket.lt\/lt\/wp-json\/wp\/v2\/comments?post=180449"}],"wp:featuredmedia":[{"embeddable":true,"href":"https:\/\/baldumarket.lt\/lt\/wp-json\/wp\/v2\/media\/180450"}],"wp:attachment":[{"href":"https:\/\/baldumarket.lt\/lt\/wp-json\/wp\/v2\/media?parent=180449"}],"wp:term":[{"taxonomy":"product_brand","embeddable":true,"href":"https:\/\/baldumarket.lt\/lt\/wp-json\/wp\/v2\/product_brand?post=180449"},{"taxonomy":"product_cat","embeddable":true,"href":"https:\/\/baldumarket.lt\/lt\/wp-json\/wp\/v2\/product_cat?post=180449"},{"taxonomy":"product_tag","embeddable":true,"href":"https:\/\/baldumarket.lt\/lt\/wp-json\/wp\/v2\/product_tag?post=180449"}],"curies":[{"name":"wp","href":"https:\/\/api.w.org\/{rel}","templated":true}]}}