{"id":180440,"date":"2025-12-21T22:15:54","date_gmt":"2025-12-21T19:15:54","guid":{"rendered":"https:\/\/baldumarket.lt\/product\/mebloscianka-meble-system-candy-ryflowane-fronty-a\/"},"modified":"2026-04-14T12:10:31","modified_gmt":"2026-04-14T09:10:31","slug":"mebloscianka-meble-system-candy-ryflowane-fronty-a","status":"publish","type":"product","link":"https:\/\/baldumarket.lt\/lt\/product\/mebloscianka-meble-system-candy-ryflowane-fronty-a\/","title":{"rendered":"\u201eCandy\u201c bald\u0173 sistemos sienin\u0117 spintel\u0117 su grioveliais fasaduose A"},"content":{"rendered":"<p>\u201eCandy\u201c sienin\u0117 spintel\u0117 su grioveliais ant fasado A \u2013 modernus pasirinkimas j\u016bs\u0173 svetainei \u2013 \u012f kain\u0105 \u012fskai\u010diuoti \u0161ie baldai:<br \/>\nC1 Pusin\u0117 spinta \u2013 49\/199\/38 \u2013 P\/A\/G<br \/>\nC2 Vitrina \u2013 25\/153\/38 \u2013 P\/A\/G<br \/>\nC4 televizorius \u2013 175\/45\/43 \u2013 plotis\/auk\u0161tis\/gylis<br \/>\nC6 lentyna \u2013 140\/27\/20 \u2013 P\/A\/G<br \/>\nC11 Knyg\u0173 lentyna \u2013 25\/103\/38 \u2013 P\/A\/G<br \/>\nC2a \u017eema vitrina \u2013 75\/148\/38 \u2013 P\/A\/G<br \/>\nSpalva:<br \/>\nR\u0117mas \u2013 Artisan \u0105\u017euolas<br \/>\nFasadai \u2013 Artisan Oak + Cashmere<br \/>\nGrioveliais i\u0161rai\u017eyti fasadai<br \/>\nRankenos \u2013 auksin\u0117s<br \/>\n\u012e komplekt\u0105 \u012feina LED ap\u0161viestos vitrinos<br \/>\n\u201eCandy\u201c sistemos baldai \u2013 tai unikal\u016bs svetain\u0117s baldai, pasi\u017eymintys:<br \/>\nmodernus dizainas<br \/>\ntvirta konstrukcija, pagaminta i\u0161 auk\u0161tos kokyb\u0117s laminuotos PVC plok\u0161t\u0117s<br \/>\npatentuotas dizainas, garantuojantis auk\u0161\u010diausi\u0105 kokyb\u0119 ir d\u0117mes\u012f detal\u0117ms<br \/>\natskir\u0173 element\u0173 pasirinkimas<br \/>\nLED ap\u0161vietimas yra standartin\u0117je komplektacijoje<br \/>\nkorpusas: laminuota bald\u0173 plok\u0161t\u0117<br \/>\npriekis: PVC dengta MDF plok\u0161t\u0117<\/p>","protected":false},"excerpt":{"rendered":"<p>Plotis [cm] 299<br \/>\n\u016agis [cm] 199<br \/>\nGylis [cm] 38\u201343<br \/>\nGarantija [m\u0117nesi\u0173] 24<br \/>\nSurinkimas Savaranki\u0161kas surinkimas \u2013 baldai pristatomi pakuot\u0117se su instrukcijomis ir surinkimo priedais<\/p>","protected":false},"featured_media":180441,"comment_status":"open","ping_status":"open","template":"","meta":[],"product_brand":[],"product_cat":[9578,4746,2008],"product_tag":[],"class_list":{"0":"post-180440","1":"product","2":"type-product","3":"status-publish","4":"has-post-thumbnail","6":"product_cat-furniture-system-candy-fadome","7":"product_cat-fadome","8":"product_cat-wall-units","10":"first","11":"instock","12":"purchasable","13":"product-type-simple"},"_links":{"self":[{"href":"https:\/\/baldumarket.lt\/lt\/wp-json\/wp\/v2\/product\/180440","targetHints":{"allow":["GET"]}}],"collection":[{"href":"https:\/\/baldumarket.lt\/lt\/wp-json\/wp\/v2\/product"}],"about":[{"href":"https:\/\/baldumarket.lt\/lt\/wp-json\/wp\/v2\/types\/product"}],"replies":[{"embeddable":true,"href":"https:\/\/baldumarket.lt\/lt\/wp-json\/wp\/v2\/comments?post=180440"}],"wp:featuredmedia":[{"embeddable":true,"href":"https:\/\/baldumarket.lt\/lt\/wp-json\/wp\/v2\/media\/180441"}],"wp:attachment":[{"href":"https:\/\/baldumarket.lt\/lt\/wp-json\/wp\/v2\/media?parent=180440"}],"wp:term":[{"taxonomy":"product_brand","embeddable":true,"href":"https:\/\/baldumarket.lt\/lt\/wp-json\/wp\/v2\/product_brand?post=180440"},{"taxonomy":"product_cat","embeddable":true,"href":"https:\/\/baldumarket.lt\/lt\/wp-json\/wp\/v2\/product_cat?post=180440"},{"taxonomy":"product_tag","embeddable":true,"href":"https:\/\/baldumarket.lt\/lt\/wp-json\/wp\/v2\/product_tag?post=180440"}],"curies":[{"name":"wp","href":"https:\/\/api.w.org\/{rel}","templated":true}]}}