{"id":180432,"date":"2025-12-21T22:15:43","date_gmt":"2025-12-21T19:15:43","guid":{"rendered":"https:\/\/baldumarket.lt\/product\/meble-systemowe-mebloscianka-keks-a-cashmere\/"},"modified":"2026-04-14T12:10:31","modified_gmt":"2026-04-14T09:10:31","slug":"meble-systemowe-mebloscianka-keks-a-cashmere","status":"publish","type":"product","link":"https:\/\/baldumarket.lt\/lt\/product\/meble-systemowe-mebloscianka-keks-a-cashmere\/","title":{"rendered":"Keks A ka\u0161myro sienini\u0173 spinteli\u0173 sistema"},"content":{"rendered":"<p>Keks sistemos baldai \u2013 modernus svetain\u0117s sprendimas \u2013 \u012f kain\u0105 \u012fskai\u010diuoti \u0161ie baldai:<br \/>\nK2 vitrina \u2013 89\/194\/37 \u2013 plotis\/auk\u0161tis\/gylis<br \/>\nK4 televizoriaus stovas \u2013 130\/49\/37 \u2013 plotis\/auk\u0161tis\/gylis<br \/>\nK7 TV staliukas \u2013 80\/13\/30 \u2013 plotis\/auk\u0161tis\/gylis<br \/>\nK6 lentyna \u2013 120\/32\/20 \u2013 plotis\/auk\u0161tis\/gylis<br \/>\nK15 komoda \u2013 89\/130\/37 \u2013 plotis\/auk\u0161tis\/gylis<br \/>\nK\u016bnas:<br \/>\n16 mm laminuota med\u017eio dro\u017eli\u0173 plok\u0161t\u0117 \u201eArtisan Oak\u201c spalvos, padengta 0,3 mm melamino apvadu<br \/>\nKorpuso r\u0117mas: 25 mm laminuota med\u017eio dro\u017eli\u0173 plok\u0161t\u0117 \u201eArtisan Oak\u201c spalvos<br \/>\nGalin\u0117 siena: lakuota \u201eArtisan\u201c spalva<br \/>\nPriekin\u0117 dalis:<br \/>\nMDF plok\u0161t\u0117 su PVC laminatu \u2013 ka\u0161myro spalva<br \/>\n\u012ed\u0117klai \u2013 \u0105\u017euolo mediena<br \/>\nRankena: aukso spalvos plastikas<br \/>\nLED \u201c1D\u201d spaustukas\/laminuota lentyna, kojinis jungiklis. 35 mm pasl\u0117pti vyriai su \u0161velniu hidrauliniu u\u017edarymu.<br \/>\nStal\u010diai: 35 cm gylio, 3\/4 i\u0161traukiamos b\u0117gel\u0117s su \u0161velnaus u\u017edarymo sistema, montuojamos apa\u010dioje (komodose K12, K4 Bottom ir K4a)<br \/>\nKojel\u0117s: n\u0117ra, su 10 cm auk\u0161\u010dio pagrindu<br \/>\n\u201eKeks\u201c sistemos baldai \u2013 tai unikal\u016bs svetain\u0117s baldai, pasi\u017eymintys:<br \/>\nmodernus dizainas<br \/>\ntvirta konstrukcija, pagaminta i\u0161 auk\u0161tos kokyb\u0117s PVC laminato<br \/>\npatentuotas dizainas, garantuojantis auk\u0161\u010diausi\u0105 kokyb\u0119 ir d\u0117mes\u012f detal\u0117ms<br \/>\npasirenkami atskiri elementai<br \/>\n\u012etrauktas LED ap\u0161vietimas<\/p>","protected":false},"excerpt":{"rendered":"<p>Keks system furniture &#8211; a modern proposition for the living room &#8211; the price includes the following furniture: K2 display cabinet &#8211; 89\/194\/37 &#8211; width\/height\/depth K4 TV stand &#8211; 130\/49\/37 &#8211; width\/height\/depth K7 TV stand &#8211; 80\/13\/30 &#8211; width\/height\/depth K6 shelf &#8211; 120\/32\/20 &#8211; width\/height\/depth K15 chest of drawers &#8211; 89\/130\/37 &#8211; width\/height\/depth Body: 16mm [&hellip;]<\/p>","protected":false},"featured_media":180433,"comment_status":"open","ping_status":"open","template":"","meta":[],"product_brand":[],"product_cat":[9593,4746,2008],"product_tag":[],"class_list":{"0":"post-180432","1":"product","2":"type-product","3":"status-publish","4":"has-post-thumbnail","6":"product_cat-furniture-system-keks-fadome","7":"product_cat-fadome","8":"product_cat-wall-units","10":"first","11":"instock","12":"purchasable","13":"product-type-simple"},"_links":{"self":[{"href":"https:\/\/baldumarket.lt\/lt\/wp-json\/wp\/v2\/product\/180432","targetHints":{"allow":["GET"]}}],"collection":[{"href":"https:\/\/baldumarket.lt\/lt\/wp-json\/wp\/v2\/product"}],"about":[{"href":"https:\/\/baldumarket.lt\/lt\/wp-json\/wp\/v2\/types\/product"}],"replies":[{"embeddable":true,"href":"https:\/\/baldumarket.lt\/lt\/wp-json\/wp\/v2\/comments?post=180432"}],"wp:featuredmedia":[{"embeddable":true,"href":"https:\/\/baldumarket.lt\/lt\/wp-json\/wp\/v2\/media\/180433"}],"wp:attachment":[{"href":"https:\/\/baldumarket.lt\/lt\/wp-json\/wp\/v2\/media?parent=180432"}],"wp:term":[{"taxonomy":"product_brand","embeddable":true,"href":"https:\/\/baldumarket.lt\/lt\/wp-json\/wp\/v2\/product_brand?post=180432"},{"taxonomy":"product_cat","embeddable":true,"href":"https:\/\/baldumarket.lt\/lt\/wp-json\/wp\/v2\/product_cat?post=180432"},{"taxonomy":"product_tag","embeddable":true,"href":"https:\/\/baldumarket.lt\/lt\/wp-json\/wp\/v2\/product_tag?post=180432"}],"curies":[{"name":"wp","href":"https:\/\/api.w.org\/{rel}","templated":true}]}}