{"id":180427,"date":"2025-12-21T22:15:37","date_gmt":"2025-12-21T19:15:37","guid":{"rendered":"https:\/\/baldumarket.lt\/product\/meble-systemowe-mebloscianka-keks-a\/"},"modified":"2026-04-14T12:10:31","modified_gmt":"2026-04-14T09:10:31","slug":"meble-systemowe-mebloscianka-keks-a","status":"publish","type":"product","link":"https:\/\/baldumarket.lt\/lt\/product\/meble-systemowe-mebloscianka-keks-a\/","title":{"rendered":"Sistemini\u0173 bald\u0173 sienin\u0117 spintel\u0117 Keks A"},"content":{"rendered":"<p>\u201eKeks\u201c sistemos sienin\u0117 spintel\u0117 \u2013 modernus pasirinkimas j\u016bs\u0173 svetainei \u2013 \u012f kain\u0105 \u012fskai\u010diuoti \u0161ie baldai:<br \/>\nK2 vitrina \u2013 89\/194\/37 \u2013 plotis\/auk\u0161tis\/gylis<br \/>\nK4 televizoriaus spintel\u0117 \u2013 130\/49\/37 \u2013 plotis\/auk\u0161tis\/gylis<br \/>\nK7 televizoriaus prailginimas \u2013 80\/13\/30 \u2013 plotis\/auk\u0161tis\/gylis<br \/>\nK6 lentyna \u2013 120\/32\/20 \u2013 plotis\/auk\u0161tis\/gylis<br \/>\nK15 komoda \u2013 89\/130\/37 \u2013 plotis\/auk\u0161tis\/gylis<br \/>\nSpalva:<br \/>\nr\u0117mas \u2013 \u0105\u017euolas<br \/>\nfasadai \u2013 grafitas + \u0105\u017euolo lenta<br \/>\nmediniai \u012fd\u0117klai<br \/>\nrinkinys be ranken\u0117li\u0173<br \/>\n\u012e komplekt\u0105 \u012feina LED ap\u0161viestos vitrinos<br \/>\n\u201eKeks\u201c sistemos baldai \u2013 tai unikal\u016bs svetain\u0117s baldai, pasi\u017eymintys \u0161iais parametrais:<br \/>\nmodernus dizainas<br \/>\nTvirta konstrukcija, pagaminta i\u0161 auk\u0161tos kokyb\u0117s laminuotos PVC plok\u0161t\u0117s<br \/>\nPatentuotas dizainas garantuoja auk\u0161\u010diausi\u0105 kokyb\u0119 ir d\u0117mes\u012f detal\u0117ms<br \/>\nGalima pasirinkti atskirus elementus<br \/>\nLED ap\u0161vietimas kaip standartin\u0117 \u012franga<br \/>\nKorpusas: laminuota bald\u0173 plok\u0161t\u0117<br \/>\nPriekin\u0117 dalis: MDF plok\u0161t\u0117 su PVC fanera<br \/>\nPapildomoje nuotraukoje parodyti visi turimi rinkinio komponentai su kainomis \u2013 jei jus domina konkretus dizainas, prane\u0161kite mums el. pa\u0161tu salon@meblem4.pl<\/p>","protected":false},"excerpt":{"rendered":"<p>The Keks system wall unit &#8211; a modern option for your living room &#8211; the price includes the following furniture: K2 display cabinet &#8211; 89\/194\/37 &#8211; width\/height\/depth K4 TV cabinet &#8211; 130\/49\/37 &#8211; width\/height\/depth K7 TV extension &#8211; 80\/13\/30 &#8211; width\/height\/depth K6 shelf &#8211; 120\/32\/20 &#8211; width\/height\/depth K15 chest of drawers &#8211; 89\/130\/37 &#8211; width\/height\/depth [&hellip;]<\/p>","protected":false},"featured_media":180428,"comment_status":"open","ping_status":"open","template":"","meta":[],"product_brand":[],"product_cat":[9593,4746,2008],"product_tag":[],"class_list":{"0":"post-180427","1":"product","2":"type-product","3":"status-publish","4":"has-post-thumbnail","6":"product_cat-furniture-system-keks-fadome","7":"product_cat-fadome","8":"product_cat-wall-units","10":"first","11":"instock","12":"purchasable","13":"product-type-simple"},"_links":{"self":[{"href":"https:\/\/baldumarket.lt\/lt\/wp-json\/wp\/v2\/product\/180427","targetHints":{"allow":["GET"]}}],"collection":[{"href":"https:\/\/baldumarket.lt\/lt\/wp-json\/wp\/v2\/product"}],"about":[{"href":"https:\/\/baldumarket.lt\/lt\/wp-json\/wp\/v2\/types\/product"}],"replies":[{"embeddable":true,"href":"https:\/\/baldumarket.lt\/lt\/wp-json\/wp\/v2\/comments?post=180427"}],"wp:featuredmedia":[{"embeddable":true,"href":"https:\/\/baldumarket.lt\/lt\/wp-json\/wp\/v2\/media\/180428"}],"wp:attachment":[{"href":"https:\/\/baldumarket.lt\/lt\/wp-json\/wp\/v2\/media?parent=180427"}],"wp:term":[{"taxonomy":"product_brand","embeddable":true,"href":"https:\/\/baldumarket.lt\/lt\/wp-json\/wp\/v2\/product_brand?post=180427"},{"taxonomy":"product_cat","embeddable":true,"href":"https:\/\/baldumarket.lt\/lt\/wp-json\/wp\/v2\/product_cat?post=180427"},{"taxonomy":"product_tag","embeddable":true,"href":"https:\/\/baldumarket.lt\/lt\/wp-json\/wp\/v2\/product_tag?post=180427"}],"curies":[{"name":"wp","href":"https:\/\/api.w.org\/{rel}","templated":true}]}}