{"id":180419,"date":"2025-12-21T22:15:26","date_gmt":"2025-12-21T19:15:26","guid":{"rendered":"https:\/\/baldumarket.lt\/product\/meble-loftowe-system-molto-black\/"},"modified":"2026-04-14T12:10:31","modified_gmt":"2026-04-14T09:10:31","slug":"meble-loftowe-system-molto-black","status":"publish","type":"product","link":"https:\/\/baldumarket.lt\/lt\/product\/meble-loftowe-system-molto-black\/","title":{"rendered":"Lofto bald\u0173 sistema Molto juoda"},"content":{"rendered":"<p>\u201eMolto System\u201c \u2013 modernus svetain\u0117s sprendimas \u2013 \u012f kain\u0105 \u012fskai\u010diuoti \u0161ie baldai:<br \/>\nML2 vitrina (93\/201\/37 cm) (P\/A\/G)<br \/>\n\u017dema vitrina ML2a (93\/141\/37 cm) (P\/A\/G)<br \/>\nML6 lentyna (130\/20\/20 cm) (P\/A\/G)<br \/>\nML6a lentyna (175\/20\/20 cm) (P\/A\/G)<br \/>\nML4 televizoriaus stovas (150\/59\/37 cm) (P\/A\/G)<br \/>\nKair\u0117je pus\u0117je pavaizduota komoda \u012f komplekt\u0105 ne\u012feina.<br \/>\nSpalva:<br \/>\nr\u0117mas \u2013 \u0105\u017euolas<br \/>\nfasadai \u2013 meni\u0161kas \u0105\u017euolas + matin\u0117 juoda<br \/>\ngroteli\u0173 \u012fd\u0117klai<br \/>\nrankenos \u2013 juodos<br \/>\n\u012etrauktas LED ap\u0161vietimas<br \/>\n\u201eFurniture Molto\u201c sistemos baldai \u2013 tai unikal\u016bs svetain\u0117s baldai, pasi\u017eymintys \u0161iomis savyb\u0117mis:<br \/>\nmodernus dizainas<br \/>\ntvirta konstrukcija, pagaminta i\u0161 auk\u0161tos kokyb\u0117s laminuotos PVC plok\u0161t\u0117s<br \/>\npatentuotas dizainas, garantuojantis auk\u0161\u010diausi\u0105 kokyb\u0119 ir d\u0117mes\u012f detal\u0117ms<br \/>\natskir\u0173 element\u0173 pasirinkimas<br \/>\nLED ap\u0161vietimas kaip standartin\u0117 \u012franga<br \/>\nkorpusas: laminuota bald\u0173 plok\u0161t\u0117<br \/>\npriekis: PVC dengta MDF plok\u0161t\u0117<br \/>\n\u0161velniai u\u017esidarantys vyriai<br \/>\n\u00be prailginimo stal\u010di\u0173 b\u0117geliai, tvirtinami apa\u010dioje, \u0161velnaus u\u017edarymo<\/p>","protected":false},"excerpt":{"rendered":"<p>Molto System &#8211; a modern living room solution &#8211; the price includes the following furniture: ML2 display cabinet (93\/201\/37 cm) (W\/H\/D) ML2a low display cabinet (93\/141\/37 cm) (W\/H\/D) ML6 shelf (130\/20\/20 cm) (W\/H\/D) ML6a shelf (175\/20\/20 cm) (W\/H\/D) ML4 TV stand (150\/59\/37 cm) (W\/H\/D) The chest of drawers shown on the left is not included. [&hellip;]<\/p>","protected":false},"featured_media":180420,"comment_status":"open","ping_status":"open","template":"","meta":[],"product_brand":[],"product_cat":[9594,4746,2008],"product_tag":[],"class_list":{"0":"post-180419","1":"product","2":"type-product","3":"status-publish","4":"has-post-thumbnail","6":"product_cat-furniture-system-molto-fadome","7":"product_cat-fadome","8":"product_cat-wall-units","10":"first","11":"instock","12":"purchasable","13":"product-type-simple"},"_links":{"self":[{"href":"https:\/\/baldumarket.lt\/lt\/wp-json\/wp\/v2\/product\/180419","targetHints":{"allow":["GET"]}}],"collection":[{"href":"https:\/\/baldumarket.lt\/lt\/wp-json\/wp\/v2\/product"}],"about":[{"href":"https:\/\/baldumarket.lt\/lt\/wp-json\/wp\/v2\/types\/product"}],"replies":[{"embeddable":true,"href":"https:\/\/baldumarket.lt\/lt\/wp-json\/wp\/v2\/comments?post=180419"}],"wp:featuredmedia":[{"embeddable":true,"href":"https:\/\/baldumarket.lt\/lt\/wp-json\/wp\/v2\/media\/180420"}],"wp:attachment":[{"href":"https:\/\/baldumarket.lt\/lt\/wp-json\/wp\/v2\/media?parent=180419"}],"wp:term":[{"taxonomy":"product_brand","embeddable":true,"href":"https:\/\/baldumarket.lt\/lt\/wp-json\/wp\/v2\/product_brand?post=180419"},{"taxonomy":"product_cat","embeddable":true,"href":"https:\/\/baldumarket.lt\/lt\/wp-json\/wp\/v2\/product_cat?post=180419"},{"taxonomy":"product_tag","embeddable":true,"href":"https:\/\/baldumarket.lt\/lt\/wp-json\/wp\/v2\/product_tag?post=180419"}],"curies":[{"name":"wp","href":"https:\/\/api.w.org\/{rel}","templated":true}]}}