{"id":180416,"date":"2025-12-21T22:15:23","date_gmt":"2025-12-21T19:15:23","guid":{"rendered":"https:\/\/baldumarket.lt\/product\/lozko-ze-stelazem-i-pojemnikiem-160-200-cm-canada-ca-1g\/"},"modified":"2026-04-14T12:21:51","modified_gmt":"2026-04-14T09:21:51","slug":"lozko-ze-stelazem-i-pojemnikiem-160-200-cm-canada-ca-1g","status":"publish","type":"product","link":"https:\/\/baldumarket.lt\/lt\/product\/lozko-ze-stelazem-i-pojemnikiem-160-200-cm-canada-ca-1g\/","title":{"rendered":"Lova su r\u0117mu ir daiktad\u0117\u017ee 160\/200 cm Kanada CA-1G"},"content":{"rendered":"<p>Lova \u201eCanada CA-1G\u201c \u2013 su r\u0117mu ir patalyn\u0117s d\u0117\u017ee \u2013 miegojimo plotas 160\/200 cm.<br \/>\nLova be naktinio stalelio (naktinis staliukas Kanadoje)<br \/>\nLova be \u010diu\u017einio \u2013 galima \u012fsigyti atskirai i\u0161 m\u016bs\u0173 \u010diu\u017eini\u0173 pasi\u016blymo<br \/>\nLova yra \u201eCanada\u201c miegamojo sistemos dalis \u2013 yra spintos, naktinis staliukas ir komodos.<br \/>\nSavyb\u0117s:<br \/>\nK\u016bnas \u2013 Artisan Oak<br \/>\nPriekin\u0117s dalies \u2013 \u201eArtisan Oak\u201c + grafito spalvos apmu\u0161tas galv\u016bgalis<br \/>\nModernus dizainas<br \/>\nTvirtai pagaminta i\u0161 auk\u0161tos kokyb\u0117s laminuotos PVC plok\u0161t\u0117s<br \/>\nPatentuotas dizainas garantuoja auk\u0161\u010diausi\u0105 kokyb\u0119 ir d\u0117mes\u012f detal\u0117ms<br \/>\nKorpusas: laminuota bald\u0173 plok\u0161t\u0117<br \/>\nPriekin\u0117 dalis: PVC dengta MDF plok\u0161t\u0117<\/p>","protected":false},"excerpt":{"rendered":"<p>Plotis [cm] 165<br \/>\n\u016agis [cm] 102<br \/>\ngylis [cm] 205<\/p>","protected":false},"featured_media":180417,"comment_status":"open","ping_status":"open","template":"","meta":[],"product_brand":[],"product_cat":[9577,505,1971,4746],"product_tag":[],"class_list":{"0":"post-180416","1":"product","2":"type-product","3":"status-publish","4":"has-post-thumbnail","6":"product_cat-wardrobes-canada-fadome","7":"product_cat-bedroom-beds","8":"product_cat-beds-160x200","9":"product_cat-fadome","11":"first","12":"instock","13":"purchasable","14":"product-type-simple"},"_links":{"self":[{"href":"https:\/\/baldumarket.lt\/lt\/wp-json\/wp\/v2\/product\/180416","targetHints":{"allow":["GET"]}}],"collection":[{"href":"https:\/\/baldumarket.lt\/lt\/wp-json\/wp\/v2\/product"}],"about":[{"href":"https:\/\/baldumarket.lt\/lt\/wp-json\/wp\/v2\/types\/product"}],"replies":[{"embeddable":true,"href":"https:\/\/baldumarket.lt\/lt\/wp-json\/wp\/v2\/comments?post=180416"}],"wp:featuredmedia":[{"embeddable":true,"href":"https:\/\/baldumarket.lt\/lt\/wp-json\/wp\/v2\/media\/180417"}],"wp:attachment":[{"href":"https:\/\/baldumarket.lt\/lt\/wp-json\/wp\/v2\/media?parent=180416"}],"wp:term":[{"taxonomy":"product_brand","embeddable":true,"href":"https:\/\/baldumarket.lt\/lt\/wp-json\/wp\/v2\/product_brand?post=180416"},{"taxonomy":"product_cat","embeddable":true,"href":"https:\/\/baldumarket.lt\/lt\/wp-json\/wp\/v2\/product_cat?post=180416"},{"taxonomy":"product_tag","embeddable":true,"href":"https:\/\/baldumarket.lt\/lt\/wp-json\/wp\/v2\/product_tag?post=180416"}],"curies":[{"name":"wp","href":"https:\/\/api.w.org\/{rel}","templated":true}]}}