{"id":180394,"date":"2025-12-21T22:14:50","date_gmt":"2025-12-21T19:14:50","guid":{"rendered":"https:\/\/baldumarket.lt\/product\/lozko-effect-ef-1l-z-szafkami\/"},"modified":"2026-04-14T12:21:38","modified_gmt":"2026-04-14T09:21:38","slug":"lozko-effect-ef-1l-z-szafkami","status":"publish","type":"product","link":"https:\/\/baldumarket.lt\/lt\/product\/lozko-effect-ef-1l-z-szafkami\/","title":{"rendered":"Effect EF-1L lova su spintel\u0117mis"},"content":{"rendered":"<p>Lova \u201eEffect\u201c su daiktad\u0117\u017e\u0117mis pagaminta i\u0161 auk\u0161tos kokyb\u0117s laminuotos plok\u0161t\u0117s, atsparios \u012fbr\u0117\u017eimams, dr\u0117gmei ir auk\u0161tai temperat\u016brai.<br \/>\nKra\u0161tai apdirbti ABS plastiku, kuris \u017eymiai pailgina bald\u0173 tarnavimo laik\u0105.<br \/>\n\u012e komplekt\u0105 \u012feina du naktiniai staleliai.<br \/>\nLovos specifikacijos:<br \/>\nLovos pertvaros auk\u0161tis \u2013 101 cm<br \/>\nPlotis su daiktad\u0117\u017e\u0117mis \u2013 275 cm<br \/>\nIlgis \u2013 208 cm<br \/>\nMiegamoji erdv\u0117: 160 x 200 cm<br \/>\nSu r\u0117mu<br \/>\nApmu\u0161tas galv\u016bgalis \u2013 spalva kaip parodyta paveiksl\u0117lyje<br \/>\nSpalvos: Andersen, \u012fd\u0117klai: Lancelot<br \/>\nLova be \u010diu\u017einio \u2013 galima \u012fsigyti i\u0161 m\u016bs\u0173 \u010diu\u017eini\u0173 asortimento<\/p>","protected":false},"excerpt":{"rendered":"<p>Plotis [cm] 275 su spintel\u0117mis<br \/>\n\u016agis [cm] 101<br \/>\nGylis [cm] 208<\/p>","protected":false},"featured_media":180395,"comment_status":"open","ping_status":"open","template":"","meta":[],"product_brand":[],"product_cat":[9590,505,4746],"product_tag":[],"class_list":{"0":"post-180394","1":"product","2":"type-product","3":"status-publish","4":"has-post-thumbnail","6":"product_cat-furniture-system-effect-fadome","7":"product_cat-bedroom-beds","8":"product_cat-fadome","10":"first","11":"instock","12":"purchasable","13":"product-type-simple"},"_links":{"self":[{"href":"https:\/\/baldumarket.lt\/lt\/wp-json\/wp\/v2\/product\/180394","targetHints":{"allow":["GET"]}}],"collection":[{"href":"https:\/\/baldumarket.lt\/lt\/wp-json\/wp\/v2\/product"}],"about":[{"href":"https:\/\/baldumarket.lt\/lt\/wp-json\/wp\/v2\/types\/product"}],"replies":[{"embeddable":true,"href":"https:\/\/baldumarket.lt\/lt\/wp-json\/wp\/v2\/comments?post=180394"}],"wp:featuredmedia":[{"embeddable":true,"href":"https:\/\/baldumarket.lt\/lt\/wp-json\/wp\/v2\/media\/180395"}],"wp:attachment":[{"href":"https:\/\/baldumarket.lt\/lt\/wp-json\/wp\/v2\/media?parent=180394"}],"wp:term":[{"taxonomy":"product_brand","embeddable":true,"href":"https:\/\/baldumarket.lt\/lt\/wp-json\/wp\/v2\/product_brand?post=180394"},{"taxonomy":"product_cat","embeddable":true,"href":"https:\/\/baldumarket.lt\/lt\/wp-json\/wp\/v2\/product_cat?post=180394"},{"taxonomy":"product_tag","embeddable":true,"href":"https:\/\/baldumarket.lt\/lt\/wp-json\/wp\/v2\/product_tag?post=180394"}],"curies":[{"name":"wp","href":"https:\/\/api.w.org\/{rel}","templated":true}]}}