{"id":180392,"date":"2025-12-21T22:14:45","date_gmt":"2025-12-21T19:14:45","guid":{"rendered":"https:\/\/baldumarket.lt\/product\/listwa-zabezpieczajaca-boczna-prawa\/"},"modified":"2026-03-30T19:31:59","modified_gmt":"2026-03-30T16:31:59","slug":"listwa-zabezpieczajaca-boczna-prawa","status":"publish","type":"product","link":"https:\/\/baldumarket.lt\/lt\/product\/listwa-zabezpieczajaca-boczna-prawa\/","title":{"rendered":"De\u0161in\u0117s pus\u0117s apsaugin\u0117 juostel\u0117"},"content":{"rendered":"<p>De\u0161in\u0117s pus\u0117s apsaugin\u0117 juostel\u0117.<br \/>\nPASTABA \u2013 \u0161io produkto \u012fsigyti negalima neu\u017esakius gamintojo virtuv\u0117s 028.<\/p>","protected":false},"excerpt":{"rendered":"<p>De\u0161in\u0117s pus\u0117s apsaugin\u0117 juostel\u0117. PASTABA \u2013 \u0161io gaminio \u012fsigyti negalima neu\u017esakius gamintojo virtuv\u0117s komplekto 028.<\/p>","protected":false},"featured_media":180393,"comment_status":"open","ping_status":"open","template":"","meta":[],"product_brand":[],"product_cat":[1043,4746],"product_tag":[],"class_list":{"0":"post-180392","1":"product","2":"type-product","3":"status-publish","4":"has-post-thumbnail","6":"product_cat-extras","7":"product_cat-fadome","9":"first","10":"instock","11":"purchasable","12":"product-type-simple"},"_links":{"self":[{"href":"https:\/\/baldumarket.lt\/lt\/wp-json\/wp\/v2\/product\/180392","targetHints":{"allow":["GET"]}}],"collection":[{"href":"https:\/\/baldumarket.lt\/lt\/wp-json\/wp\/v2\/product"}],"about":[{"href":"https:\/\/baldumarket.lt\/lt\/wp-json\/wp\/v2\/types\/product"}],"replies":[{"embeddable":true,"href":"https:\/\/baldumarket.lt\/lt\/wp-json\/wp\/v2\/comments?post=180392"}],"wp:featuredmedia":[{"embeddable":true,"href":"https:\/\/baldumarket.lt\/lt\/wp-json\/wp\/v2\/media\/180393"}],"wp:attachment":[{"href":"https:\/\/baldumarket.lt\/lt\/wp-json\/wp\/v2\/media?parent=180392"}],"wp:term":[{"taxonomy":"product_brand","embeddable":true,"href":"https:\/\/baldumarket.lt\/lt\/wp-json\/wp\/v2\/product_brand?post=180392"},{"taxonomy":"product_cat","embeddable":true,"href":"https:\/\/baldumarket.lt\/lt\/wp-json\/wp\/v2\/product_cat?post=180392"},{"taxonomy":"product_tag","embeddable":true,"href":"https:\/\/baldumarket.lt\/lt\/wp-json\/wp\/v2\/product_tag?post=180392"}],"curies":[{"name":"wp","href":"https:\/\/api.w.org\/{rel}","templated":true}]}}