{"id":180388,"date":"2025-12-21T22:14:38","date_gmt":"2025-12-21T19:14:38","guid":{"rendered":"https:\/\/baldumarket.lt\/product\/listwa-szczelinowa-do-laczenia-blatow\/"},"modified":"2026-03-30T19:32:08","modified_gmt":"2026-03-30T16:32:08","slug":"listwa-szczelinowa-do-laczenia-blatow","status":"publish","type":"product","link":"https:\/\/baldumarket.lt\/lt\/product\/listwa-szczelinowa-do-laczenia-blatow\/","title":{"rendered":"Tarpin\u0117 juostel\u0117 stalvir\u0161i\u0173 sujungimui"},"content":{"rendered":"<p>Stalvir\u0161io jung\u010di\u0173 juostel\u0117.<br \/>\n\u00a0<br \/>\nSveiki atvyk\u0119 \u012f m\u016bs\u0173 internetin\u0119 parduotuv\u0119, skirt\u0105 baldams ir aksesuarams, kurie papuo\u0161 j\u016bs\u0173 interjer\u0105. Si\u016blome plat\u0173 auk\u0161tos kokyb\u0117s bald\u0173 pasirinkim\u0105, kuris atitiks j\u016bs\u0173 l\u016bkes\u010dius tiek funkcionalumo, tiek estetikos po\u017ei\u016briu.<br \/>\nVienas i\u0161 m\u016bs\u0173 i\u0161skirtini\u0173 gamini\u0173 yra stalvir\u0161i\u0173 jungiamoji juostel\u0117. \u0160is produktas specialiai sukurtas stalvir\u0161iams sujungti, u\u017etikrinant tobul\u0105 ir patvar\u0173 sujungim\u0105. Tiksliai suprojektuota forma ir prigludimas leid\u017eia efektyviai pasl\u0117pti tarpus tarp stalvir\u0161i\u0173, suteikiant visai konstrukcijai rafinuot\u0105 estetik\u0105. Stalvir\u0161i\u0173 jungiamoji juostel\u0117 ne tik apsaugo stalvir\u0161ius nuo u\u017eter\u0161imo, bet ir neleid\u017eia ne\u0161varumams bei skys\u010diams kauptis sunkiai pasiekiamose vietose. M\u016bs\u0173 stalvir\u0161i\u0173 jungiamosios juostel\u0117s pagamintos i\u0161 auk\u0161tos kokyb\u0117s med\u017eiag\u0173, u\u017etikrinan\u010di\u0173 patvarum\u0105 ir tvirtum\u0105.<br \/>\nApsilankykite m\u016bs\u0173 internetin\u0117je parduotuv\u0117je, kurioje rasite plat\u0173 stalvir\u0161i\u0173 jung\u010di\u0173 juosteli\u0173 ir kit\u0173 gamini\u0173 asortiment\u0105, kuris suteiks j\u016bs\u0173 baldams tobul\u0105 i\u0161vaizd\u0105. M\u016bs\u0173 komanda pasiruo\u0161usi atsakyti \u012f visus j\u016bs\u0173 klausimus ir pad\u0117ti jums i\u0161sirinkti tinkam\u0105 variant\u0105. Si\u016blome paprast\u0105 ir patog\u0173 u\u017esakymo internetu proces\u0105, kad gal\u0117tum\u0117te m\u0117gautis apsipirkimu bet kur ir bet kada.<br \/>\nPASTABA: Ne\u012fmanoma \u012fsigyti produkto neu\u017esakius virtuv\u0117s i\u0161 gamintojo 028.<\/p>","protected":false},"excerpt":{"rendered":"<p>Countertop Joint Strip. \u00a0 Welcome to our online store dedicated to furniture and accessories that will enhance your interiors. We offer a wide selection of high-quality furniture that will meet your expectations in both functionality and aesthetics. One of our standout products is the countertop joint strip. This product is specifically designed for joining countertops, [&hellip;]<\/p>","protected":false},"featured_media":180389,"comment_status":"open","ping_status":"open","template":"","meta":[],"product_brand":[],"product_cat":[1043,4746],"product_tag":[],"class_list":{"0":"post-180388","1":"product","2":"type-product","3":"status-publish","4":"has-post-thumbnail","6":"product_cat-extras","7":"product_cat-fadome","9":"first","10":"instock","11":"purchasable","12":"product-type-simple"},"_links":{"self":[{"href":"https:\/\/baldumarket.lt\/lt\/wp-json\/wp\/v2\/product\/180388","targetHints":{"allow":["GET"]}}],"collection":[{"href":"https:\/\/baldumarket.lt\/lt\/wp-json\/wp\/v2\/product"}],"about":[{"href":"https:\/\/baldumarket.lt\/lt\/wp-json\/wp\/v2\/types\/product"}],"replies":[{"embeddable":true,"href":"https:\/\/baldumarket.lt\/lt\/wp-json\/wp\/v2\/comments?post=180388"}],"wp:featuredmedia":[{"embeddable":true,"href":"https:\/\/baldumarket.lt\/lt\/wp-json\/wp\/v2\/media\/180389"}],"wp:attachment":[{"href":"https:\/\/baldumarket.lt\/lt\/wp-json\/wp\/v2\/media?parent=180388"}],"wp:term":[{"taxonomy":"product_brand","embeddable":true,"href":"https:\/\/baldumarket.lt\/lt\/wp-json\/wp\/v2\/product_brand?post=180388"},{"taxonomy":"product_cat","embeddable":true,"href":"https:\/\/baldumarket.lt\/lt\/wp-json\/wp\/v2\/product_cat?post=180388"},{"taxonomy":"product_tag","embeddable":true,"href":"https:\/\/baldumarket.lt\/lt\/wp-json\/wp\/v2\/product_tag?post=180388"}],"curies":[{"name":"wp","href":"https:\/\/api.w.org\/{rel}","templated":true}]}}