{"id":180386,"date":"2025-12-21T22:14:36","date_gmt":"2025-12-21T19:14:36","guid":{"rendered":"https:\/\/baldumarket.lt\/product\/listwa-przyblatowa-w-kolorze-blatow-2-m-zakonczenia\/"},"modified":"2026-03-30T19:32:08","modified_gmt":"2026-03-30T16:32:08","slug":"listwa-przyblatowa-w-kolorze-blatow-2-m-zakonczenia","status":"publish","type":"product","link":"https:\/\/baldumarket.lt\/lt\/product\/listwa-przyblatowa-w-kolorze-blatow-2-m-zakonczenia\/","title":{"rendered":"Stalvir\u0161io juostel\u0117 stalvir\u0161io spalvos, 2 m + galai"},"content":{"rendered":"<p>Stalvir\u0161io apdaila tokios pa\u010dios spalvos kaip ir stalvir\u0161iai, 2 m ilgio, plius galiniai dangteliai.<br \/>\nTaip pat galima \u012fsigyti vidinius ir i\u0161orinius kampus \u2013 susisiekite su mumis el. pa\u0161tu kuchnie@meblem4.pl<br \/>\nPASTABA \u2013 \u0161io produkto \u012fsigyti negalima neu\u017esakius gamintojo virtuv\u0117s 028.<\/p>","protected":false},"excerpt":{"rendered":"<p>Stalvir\u0161io apdaila tokios pa\u010dios spalvos kaip ir stalvir\u0161iai, 2 m ilgio, plius galiniai dangteliai. Taip pat galima \u012fsigyti vidinius ir i\u0161orinius kampus \u2013 susisiekite su mumis el. pa\u0161tu kuchnie@meblem4.pl. PASTABA \u2013 \u0161io gaminio \u012fsigyti negalima neu\u017esakius gamintojo virtuv\u0117s komplekto 028.<\/p>","protected":false},"featured_media":180387,"comment_status":"open","ping_status":"open","template":"","meta":[],"product_brand":[],"product_cat":[1043,4746],"product_tag":[],"class_list":{"0":"post-180386","1":"product","2":"type-product","3":"status-publish","4":"has-post-thumbnail","6":"product_cat-extras","7":"product_cat-fadome","9":"first","10":"instock","11":"purchasable","12":"product-type-simple"},"_links":{"self":[{"href":"https:\/\/baldumarket.lt\/lt\/wp-json\/wp\/v2\/product\/180386","targetHints":{"allow":["GET"]}}],"collection":[{"href":"https:\/\/baldumarket.lt\/lt\/wp-json\/wp\/v2\/product"}],"about":[{"href":"https:\/\/baldumarket.lt\/lt\/wp-json\/wp\/v2\/types\/product"}],"replies":[{"embeddable":true,"href":"https:\/\/baldumarket.lt\/lt\/wp-json\/wp\/v2\/comments?post=180386"}],"wp:featuredmedia":[{"embeddable":true,"href":"https:\/\/baldumarket.lt\/lt\/wp-json\/wp\/v2\/media\/180387"}],"wp:attachment":[{"href":"https:\/\/baldumarket.lt\/lt\/wp-json\/wp\/v2\/media?parent=180386"}],"wp:term":[{"taxonomy":"product_brand","embeddable":true,"href":"https:\/\/baldumarket.lt\/lt\/wp-json\/wp\/v2\/product_brand?post=180386"},{"taxonomy":"product_cat","embeddable":true,"href":"https:\/\/baldumarket.lt\/lt\/wp-json\/wp\/v2\/product_cat?post=180386"},{"taxonomy":"product_tag","embeddable":true,"href":"https:\/\/baldumarket.lt\/lt\/wp-json\/wp\/v2\/product_tag?post=180386"}],"curies":[{"name":"wp","href":"https:\/\/api.w.org\/{rel}","templated":true}]}}