{"id":180384,"date":"2025-12-21T22:14:33","date_gmt":"2025-12-21T19:14:33","guid":{"rendered":"https:\/\/baldumarket.lt\/product\/listwa-montazowa-szafek-wiszacych-200-cm-fadome\/"},"modified":"2026-03-30T19:32:08","modified_gmt":"2026-03-30T16:32:08","slug":"listwa-montazowa-szafek-wiszacych-200-cm-fadome","status":"publish","type":"product","link":"https:\/\/baldumarket.lt\/lt\/product\/listwa-montazowa-szafek-wiszacych-200-cm-fadome\/","title":{"rendered":"Tvirtinimo juostel\u0117 sienin\u0117ms spintel\u0117ms, 200 cm, Fadome"},"content":{"rendered":"<p>Tvirtinimo juostel\u0117 u\u017etikrina saug\u0173 ir greit\u0105 vir\u0161utini\u0173 spinteli\u0173 pakabinim\u0105 tiesia linija. Spintel\u0117s ant jos kabinamos reguliuojamais pakabomis, kurios yra pridedamos prie kiekvienos spintel\u0117s. Juostel\u0119 galima sulenkti, kad b\u016bt\u0173 pasiektas norimas ilgis.<br \/>\nPASTABA \u2013 \u0161io produkto \u012fsigyti negalima neu\u017esakius gamintojo virtuv\u0117s 028.<\/p>","protected":false},"excerpt":{"rendered":"<p>Tvirtinimo juostel\u0117 u\u017etikrina saug\u0173 ir greit\u0105 vir\u0161utini\u0173 spinteli\u0173 pakabinim\u0105 tiesia linija. Spintel\u0117s ant jos kabinamos reguliuojamais pakabomis, kurios yra pridedamos prie kiekvienos spintel\u0117s. Juostel\u0119 galima sulenkti, kad b\u016bt\u0173 pasiektas norimas ilgis. PASTABA \u2013 \u0161io gaminio \u012fsigyti negalima neu\u017esakius gamintojo virtuv\u0117s 028.<\/p>","protected":false},"featured_media":180385,"comment_status":"open","ping_status":"open","template":"","meta":[],"product_brand":[],"product_cat":[1043,4746],"product_tag":[],"class_list":{"0":"post-180384","1":"product","2":"type-product","3":"status-publish","4":"has-post-thumbnail","6":"product_cat-extras","7":"product_cat-fadome","9":"first","10":"instock","11":"purchasable","12":"product-type-simple"},"_links":{"self":[{"href":"https:\/\/baldumarket.lt\/lt\/wp-json\/wp\/v2\/product\/180384","targetHints":{"allow":["GET"]}}],"collection":[{"href":"https:\/\/baldumarket.lt\/lt\/wp-json\/wp\/v2\/product"}],"about":[{"href":"https:\/\/baldumarket.lt\/lt\/wp-json\/wp\/v2\/types\/product"}],"replies":[{"embeddable":true,"href":"https:\/\/baldumarket.lt\/lt\/wp-json\/wp\/v2\/comments?post=180384"}],"wp:featuredmedia":[{"embeddable":true,"href":"https:\/\/baldumarket.lt\/lt\/wp-json\/wp\/v2\/media\/180385"}],"wp:attachment":[{"href":"https:\/\/baldumarket.lt\/lt\/wp-json\/wp\/v2\/media?parent=180384"}],"wp:term":[{"taxonomy":"product_brand","embeddable":true,"href":"https:\/\/baldumarket.lt\/lt\/wp-json\/wp\/v2\/product_brand?post=180384"},{"taxonomy":"product_cat","embeddable":true,"href":"https:\/\/baldumarket.lt\/lt\/wp-json\/wp\/v2\/product_cat?post=180384"},{"taxonomy":"product_tag","embeddable":true,"href":"https:\/\/baldumarket.lt\/lt\/wp-json\/wp\/v2\/product_tag?post=180384"}],"curies":[{"name":"wp","href":"https:\/\/api.w.org\/{rel}","templated":true}]}}