{"id":180382,"date":"2025-12-21T22:14:31","date_gmt":"2025-12-21T19:14:31","guid":{"rendered":"https:\/\/baldumarket.lt\/product\/listwa-katowa-do-laczenia-blatow-pod-katem-90\/"},"modified":"2026-03-30T19:32:08","modified_gmt":"2026-03-30T16:32:08","slug":"listwa-katowa-do-laczenia-blatow-pod-katem-90","status":"publish","type":"product","link":"https:\/\/baldumarket.lt\/lt\/product\/listwa-katowa-do-laczenia-blatow-pod-katem-90\/","title":{"rendered":"Kampin\u0117 juostel\u0117 stalvir\u0161i\u0173 sujungimui 90 laipsni\u0173 kampu"},"content":{"rendered":"<p>Kampin\u0117 juostel\u0117 stalvir\u0161i\u0173 sujungimui 90 laipsni\u0173 kampu.<br \/>\nPASTABA \u2013 \u0161io produkto \u012fsigyti negalima neu\u017esakius virtuv\u0117s i\u0161 gamintojo 028.<\/p>","protected":false},"excerpt":{"rendered":"<p>Kampin\u0117 juostel\u0117 stalvir\u0161i\u0173 sujungimui 90 laipsni\u0173 kampu. PASTABA \u2013 \u0161io gaminio \u012fsigyti negalima neu\u017esakius virtuv\u0117s i\u0161 gamintojo 028.<\/p>","protected":false},"featured_media":180383,"comment_status":"open","ping_status":"open","template":"","meta":[],"product_brand":[],"product_cat":[1043,4746],"product_tag":[],"class_list":{"0":"post-180382","1":"product","2":"type-product","3":"status-publish","4":"has-post-thumbnail","6":"product_cat-extras","7":"product_cat-fadome","9":"first","10":"instock","11":"purchasable","12":"product-type-simple"},"_links":{"self":[{"href":"https:\/\/baldumarket.lt\/lt\/wp-json\/wp\/v2\/product\/180382","targetHints":{"allow":["GET"]}}],"collection":[{"href":"https:\/\/baldumarket.lt\/lt\/wp-json\/wp\/v2\/product"}],"about":[{"href":"https:\/\/baldumarket.lt\/lt\/wp-json\/wp\/v2\/types\/product"}],"replies":[{"embeddable":true,"href":"https:\/\/baldumarket.lt\/lt\/wp-json\/wp\/v2\/comments?post=180382"}],"wp:featuredmedia":[{"embeddable":true,"href":"https:\/\/baldumarket.lt\/lt\/wp-json\/wp\/v2\/media\/180383"}],"wp:attachment":[{"href":"https:\/\/baldumarket.lt\/lt\/wp-json\/wp\/v2\/media?parent=180382"}],"wp:term":[{"taxonomy":"product_brand","embeddable":true,"href":"https:\/\/baldumarket.lt\/lt\/wp-json\/wp\/v2\/product_brand?post=180382"},{"taxonomy":"product_cat","embeddable":true,"href":"https:\/\/baldumarket.lt\/lt\/wp-json\/wp\/v2\/product_cat?post=180382"},{"taxonomy":"product_tag","embeddable":true,"href":"https:\/\/baldumarket.lt\/lt\/wp-json\/wp\/v2\/product_tag?post=180382"}],"curies":[{"name":"wp","href":"https:\/\/api.w.org\/{rel}","templated":true}]}}