{"id":180366,"date":"2025-12-21T22:14:10","date_gmt":"2025-12-21T19:14:10","guid":{"rendered":"https:\/\/baldumarket.lt\/product\/kuchnia-stylowa-smart-270-cm\/"},"modified":"2026-03-30T19:32:08","modified_gmt":"2026-03-30T16:32:08","slug":"kuchnia-stylowa-smart-270-cm","status":"publish","type":"product","link":"https:\/\/baldumarket.lt\/lt\/product\/kuchnia-stylowa-smart-270-cm\/","title":{"rendered":"Eleganti\u0161ka stilinga virtuv\u0117 270 cm"},"content":{"rendered":"<p>\u201eSmart Kitchen\u201c \u2013 tai modernus ir ergonomi\u0161kas virtuv\u0117s bald\u0173 komplektas, kuriam b\u016bdingos \u0161ios savyb\u0117s:<br \/>\nlaminuot\u0173 plok\u0161\u010di\u0173 korpusai<br \/>\nlaminuot\u0173 plok\u0161\u010di\u0173 pagrindai<br \/>\nlaminuot\u0173 plok\u0161\u010di\u0173 fasadai<br \/>\n10 cm auk\u0161\u010dio reguliuojamo auk\u0161\u010dio kojel\u0117s (9,5\u201313 cm reguliuojamos)<br \/>\nmetalin\u0117s rankenos<br \/>\n\u0161velniai u\u017esidarantys vyriai, kurie u\u017edaro duris neu\u017etrenkdami<br \/>\nvir\u0161utin\u0117s spintel\u0117s su auk\u0161\u010dio ir kampo reguliavimu<br \/>\nPapildomos funkcijos:<br \/>\nPagrindin\u0117 aparatin\u0117 \u012franga:<br \/>\nGTV arba NTP b\u0117giai (metalin\u0117 d\u0117\u017e\u0117 su stabd\u017eiais)<br \/>\nduj\u0173 keltuvai<br \/>\nPrabangi \u012franga galima \u012fsigyti u\u017e papildom\u0105 mokest\u012f:<br \/>\nHafele b\u0117geliai (\u0161velniai u\u017esidarantys)<br \/>\nBlum keltuvai<br \/>\nSpalvos:<br \/>\nfrezuoti fasadai \u2013 matin\u0117s baltos spalvos PVC<br \/>\nkorpusas \u2013 galima rinktis i\u0161 trij\u0173 spalv\u0173 \u2013 Sonoma \u0105\u017euolo, Artisan \u0105\u017euolo arba Andersen pu\u0161ies<br \/>\nCokolin\u0117s grindys \u2013 trij\u0173 spalv\u0173 pasirinkimas \u2013 Sonoma \u0105\u017euolas, Artisan \u0105\u017euolas arba Andersen pu\u0161is<br \/>\n270 cm komplekt\u0105 sudaro:<br \/>\nApatin\u0117s spintel\u0117s:<br \/>\n12D \u2013 80 cm kriaukl\u0117<br \/>\n8D \u2013 40 cm stal\u010diai<br \/>\n17D \u2013 60 cm skersmens orkait\u0117<br \/>\n7D \u2013 90 cm su stal\u010diumi<br \/>\nVir\u0161utin\u0117s spintel\u0117s:<br \/>\n41G \u2013 80 cm vitrina su atlenkiamais atvartais<br \/>\n31G \u2013 40 cm<br \/>\n36G \u2013 60 cm gaubtas<br \/>\n42G \u2013 90 cm vitrina su atlenkiamais atvartais<\/p>","protected":false},"excerpt":{"rendered":"<p>Gylis [cm] 32 vir\u0161uje<br \/>\nGylis be vir\u0161utinio sluoksnio [cm] 51<br \/>\nGylis su stalvir\u0161iu [cm] 60<\/p>","protected":false},"featured_media":180367,"comment_status":"open","ping_status":"open","template":"","meta":[],"product_brand":[],"product_cat":[9585,4746,1932],"product_tag":[],"class_list":{"0":"post-180366","1":"product","2":"type-product","3":"status-publish","4":"has-post-thumbnail","6":"product_cat-kitchen-furniture-smart-fadome","7":"product_cat-fadome","8":"product_cat-kitchen-sets","10":"first","11":"instock","12":"purchasable","13":"product-type-simple"},"_links":{"self":[{"href":"https:\/\/baldumarket.lt\/lt\/wp-json\/wp\/v2\/product\/180366","targetHints":{"allow":["GET"]}}],"collection":[{"href":"https:\/\/baldumarket.lt\/lt\/wp-json\/wp\/v2\/product"}],"about":[{"href":"https:\/\/baldumarket.lt\/lt\/wp-json\/wp\/v2\/types\/product"}],"replies":[{"embeddable":true,"href":"https:\/\/baldumarket.lt\/lt\/wp-json\/wp\/v2\/comments?post=180366"}],"wp:featuredmedia":[{"embeddable":true,"href":"https:\/\/baldumarket.lt\/lt\/wp-json\/wp\/v2\/media\/180367"}],"wp:attachment":[{"href":"https:\/\/baldumarket.lt\/lt\/wp-json\/wp\/v2\/media?parent=180366"}],"wp:term":[{"taxonomy":"product_brand","embeddable":true,"href":"https:\/\/baldumarket.lt\/lt\/wp-json\/wp\/v2\/product_brand?post=180366"},{"taxonomy":"product_cat","embeddable":true,"href":"https:\/\/baldumarket.lt\/lt\/wp-json\/wp\/v2\/product_cat?post=180366"},{"taxonomy":"product_tag","embeddable":true,"href":"https:\/\/baldumarket.lt\/lt\/wp-json\/wp\/v2\/product_tag?post=180366"}],"curies":[{"name":"wp","href":"https:\/\/api.w.org\/{rel}","templated":true}]}}