{"id":180310,"date":"2025-12-21T22:12:54","date_gmt":"2025-12-21T19:12:54","guid":{"rendered":"https:\/\/baldumarket.lt\/product\/kuchnia-narozna-creativa-240-280-cm-bialy-polysk\/"},"modified":"2026-04-14T12:19:39","modified_gmt":"2026-04-14T09:19:39","slug":"kuchnia-narozna-creativa-240-280-cm-bialy-polysk","status":"publish","type":"product","link":"https:\/\/baldumarket.lt\/lt\/product\/kuchnia-narozna-creativa-240-280-cm-bialy-polysk\/","title":{"rendered":"\u201eCreativa\u201c kampin\u0117 virtuv\u0117 240\u2013280 cm, balta, blizgi"},"content":{"rendered":"<p>\u201eCreativa\u201c virtuv\u0117 \u2013 tai modernus ir ergonomi\u0161kas virtuv\u0117s bald\u0173 komplektas, kuriam b\u016bdingos:<br \/>\nlaminuot\u0173 plok\u0161\u010di\u0173 korpusai<br \/>\nlaminuot\u0173 plok\u0161\u010di\u0173 pagrindai<br \/>\nlaminuot\u0173 plok\u0161\u010di\u0173 fasadai<br \/>\n10 cm auk\u0161\u010dio reguliuojamo auk\u0161\u010dio kojel\u0117s (9,5\u201313 cm reguliuojamos)<br \/>\nmetalin\u0117s rankenos<br \/>\n\u0161velniai u\u017esidarantys vyriai, kurie u\u017edaro duris neu\u017etrenkdami<br \/>\nvir\u0161utin\u0117s spintel\u0117s su reguliuojamo auk\u0161\u010dio ir kampo pakabomis<br \/>\nPapildomos funkcijos:<br \/>\nPagrindin\u0117 aparatin\u0117 \u012franga:<br \/>\nGTV arba NTP b\u0117giai (metalin\u0117 d\u0117\u017e\u0117 su stabd\u017eiais)<br \/>\nduj\u0173 keltuvai<br \/>\nPrabangi \u012franga galima \u012fsigyti u\u017e papildom\u0105 mokest\u012f:<br \/>\nHafele b\u0117geliai (\u0161velniai u\u017esidarantys)<br \/>\nBlum keltuvai<br \/>\nSpalvos:<br \/>\nVir\u0161utini\u0173 spinteli\u0173 fasadai \u2013 tik blizgios baltos spalvos<br \/>\napatin\u0117s spintel\u0117s fasadai \u2013 blizgios baltos arba pilkos spalvos<br \/>\nR\u0117mas \u2013 Pasirinkite i\u0161 trij\u0173 spalv\u0173 \u2013 Sonoma Oak, Artisan Oak arba Andersen Pine<br \/>\nCokolin\u0117s grindys \u2013 pasirinkite i\u0161 trij\u0173 spalv\u0173 \u2013 Sonoma \u0105\u017euolo, Artisan \u0105\u017euolo arba Andersen pu\u0161ies<br \/>\nNuotraukoje matom\u0105 komplekt\u0105 sudaro \u0161ios spintel\u0117s:<br \/>\nApa\u010dia:<br \/>\nCRE22 80 cm \u2013 stal\u010diai<br \/>\nCRE17 60 cm \u2013 \u012fmontuojama orkait\u0117<br \/>\nCRE16 90 cm \u2013 kampin\u0117 su standartine lentyna<br \/>\nCRE9 50 cm \u2013 stal\u010diai<br \/>\nCRE12 80 cm \u2013 po kriaukle<br \/>\nCRE21 60 cm \u2013 \u012fmontuojamas \u0161aldytuvas<br \/>\nVir\u0161uje:<br \/>\nCRE41 80 cm \u2013 atver\u010diama ir pasukama vitrina su atvartais<br \/>\nCRE30 30 cm \u2013 1 priekinis<br \/>\nCRE54 60 cm \u2013 kampinis<br \/>\nCRE30 30 cm \u2013 1 priekinis<br \/>\nCRE33 50 cm \u2013 1 priekinis<br \/>\nCRE41 80 cm \u2013 atidaroma vitrina su atvartais<br \/>\nKaina nurodyta be cokoli\u0173, stalvir\u0161i\u0173 ir \u0161onini\u0173 paneli\u0173.<br \/>\nReikalingi 170 cm ir 220 cm ilgio stalvir\u0161iai.<\/p>","protected":false},"excerpt":{"rendered":"<p>Rinkinio plotis [cm] kampinis rinkinys<br \/>\nPlotis i\u0161 kair\u0117s [cm] 80 | 50 | 30 | 60\/60 | 30 | 80<br \/>\n\u016agis [cm] 72<br \/>\ngylis [cm] 32<\/p>","protected":false},"featured_media":180311,"comment_status":"open","ping_status":"open","template":"","meta":[],"product_brand":[],"product_cat":[9579,4746,1932],"product_tag":[],"class_list":{"0":"post-180310","1":"product","2":"type-product","3":"status-publish","4":"has-post-thumbnail","6":"product_cat-kitchen-furniture-creativa-fadome","7":"product_cat-fadome","8":"product_cat-kitchen-sets","10":"first","11":"instock","12":"purchasable","13":"product-type-simple"},"_links":{"self":[{"href":"https:\/\/baldumarket.lt\/lt\/wp-json\/wp\/v2\/product\/180310","targetHints":{"allow":["GET"]}}],"collection":[{"href":"https:\/\/baldumarket.lt\/lt\/wp-json\/wp\/v2\/product"}],"about":[{"href":"https:\/\/baldumarket.lt\/lt\/wp-json\/wp\/v2\/types\/product"}],"replies":[{"embeddable":true,"href":"https:\/\/baldumarket.lt\/lt\/wp-json\/wp\/v2\/comments?post=180310"}],"wp:featuredmedia":[{"embeddable":true,"href":"https:\/\/baldumarket.lt\/lt\/wp-json\/wp\/v2\/media\/180311"}],"wp:attachment":[{"href":"https:\/\/baldumarket.lt\/lt\/wp-json\/wp\/v2\/media?parent=180310"}],"wp:term":[{"taxonomy":"product_brand","embeddable":true,"href":"https:\/\/baldumarket.lt\/lt\/wp-json\/wp\/v2\/product_brand?post=180310"},{"taxonomy":"product_cat","embeddable":true,"href":"https:\/\/baldumarket.lt\/lt\/wp-json\/wp\/v2\/product_cat?post=180310"},{"taxonomy":"product_tag","embeddable":true,"href":"https:\/\/baldumarket.lt\/lt\/wp-json\/wp\/v2\/product_tag?post=180310"}],"curies":[{"name":"wp","href":"https:\/\/api.w.org\/{rel}","templated":true}]}}