{"id":180278,"date":"2025-12-21T22:12:09","date_gmt":"2025-12-21T19:12:09","guid":{"rendered":"https:\/\/baldumarket.lt\/product\/kuchnia-econo-zestaw-narozny-180-310-cm-bez-blatu\/"},"modified":"2026-04-14T12:18:56","modified_gmt":"2026-04-14T09:18:56","slug":"kuchnia-econo-zestaw-narozny-180-310-cm-bez-blatu","status":"publish","type":"product","link":"https:\/\/baldumarket.lt\/lt\/product\/kuchnia-econo-zestaw-narozny-180-310-cm-bez-blatu\/","title":{"rendered":"\u201eEcono\u201c virtuv\u0117s kampinis komplektas 180\u2013310 cm be stalvir\u0161io"},"content":{"rendered":"<p>\u201eEcono\u201c virtuv\u0117 \u2013 tai modernus ir ergonomi\u0161kas virtuv\u0117s bald\u0173 komplektas, kuriam b\u016bdingos \u0161ios savyb\u0117s:<br \/>\nlaminuot\u0173 plok\u0161\u010di\u0173 korpusai<br \/>\nlaminuot\u0173 plok\u0161\u010di\u0173 pagrindai<br \/>\nlaminuot\u0173 plok\u0161\u010di\u0173 fasadai<br \/>\n10 cm auk\u0161\u010dio reguliuojamo auk\u0161\u010dio kojel\u0117s (reguliuojamos 9,5\u201313 cm)<br \/>\nmetalin\u0117s rankenos<br \/>\npastaba \u2013 frezavimas ant kiekvienos rankenos<br \/>\n\u0161velniai u\u017esidarantys vyriai, leid\u017eiantys durims u\u017esidaryti be trenksmo<br \/>\nvir\u0161utin\u0117s spintel\u0117s su auk\u0161\u010dio ir kampo reguliavimu<br \/>\nPapildomos funkcijos:<br \/>\nPagrindin\u0117 aparatin\u0117 \u012franga:<br \/>\nGTV arba NTP b\u0117giai (metalin\u0117 d\u0117\u017e\u0117 su stabd\u017eiais)<br \/>\nduj\u0173 keltuvai<br \/>\nPrabangi \u012franga galima \u012fsigyti u\u017e papildom\u0105 mokest\u012f:<br \/>\nHafele b\u0117geliai (\u0161velniai u\u017esidarantys)<br \/>\nBlum keltuvai<br \/>\nSpalvos:<br \/>\nSan Remo fasadai + baltas PVC<br \/>\nkorpusas \u2013 trys spalvos: Sonoma \u0105\u017euolas, artisan \u0105\u017euolas arba Andersen pu\u0161is<br \/>\nCokolin\u0117s grindys \u2013 trij\u0173 spalv\u0173 pasirinkimas \u2013 Sonoma \u0105\u017euolas, artisan \u0105\u017euolas arba Andersen pu\u0161is<br \/>\nNuotraukoje matom\u0105 komplekt\u0105 sudaro \u0161ios spintel\u0117s:<br \/>\nApa\u010dia:<br \/>\n50 cm ECO4D spintel\u0117 (A. 82 x P. 50 x G. 51 cm)<br \/>\n60 cm ECO17D orkait\u0117s spintel\u0117 (A. 82 x P. 60 x G. 51 cm)<br \/>\n100\/70 cm ECO14D de\u0161ininio kampo spintel\u0117 (A. 82 x P. 100 x G. 70 cm)<br \/>\n90 cm kriaukl\u0117s spintel\u0117 ECO13D (A. 82 x P. 90 x G. 51 cm)<br \/>\n60 cm spintel\u0117 su 3 stal\u010diais ECO10D (A. 82 x P. 60 x G. 51 cm)<br \/>\n60 cm spintel\u0117 su \u012fmontuojamu \u0161aldytuvu ECO-21D (A. 211 x P. 60 x G. 58 cm)<br \/>\nVir\u0161uje:<br \/>\n50 cm spintel\u0117 ECO33G (A. 72 x P. 50 x G. 32 cm)<br \/>\n60 cm spintel\u0117 su gartraukiu ECO36G (A. 36 x P. 60 x G. 32 cm)<br \/>\n30 cm spintel\u0117 ECO30G (A. 72 x P. 30 x G. 32 cm)<br \/>\n40\/70 cm kampin\u0117 spintel\u0117 ECO45G de\u0161inin\u0117 (A 72 x P 40 x G 70 cm)<br \/>\n30 cm spintel\u0117 ECO30G (A 72 x P 30 x G 32 cm)<br \/>\n90 cm i\u0161skleid\u017eiama spintel\u0117 ECO42G (A 72 x P 90 x G 32 cm)<br \/>\n60 cm spintel\u0117 ECO34G (A 72 x P 60 x G 32 cm)<br \/>\n\u00a0<br \/>\n\u012e komplekt\u0105 ne\u012feina cokoliai, stalvir\u0161iai ar dengiamieji skydeliai.<br \/>\nReikalingi stalvir\u0161iai, kuri\u0173 ilgis yra 180 cm ir 190 cm.<br \/>\n\u00a0<\/p>","protected":false},"excerpt":{"rendered":"<p>Rinkinio plotis [cm] kampinis rinkinys<br \/>\nPlotis i\u0161 kair\u0117s [cm] 50 | 60 | 30 | 40\/70 | 30 | 90 | 60<br \/>\nSurinkimas: Savaranki\u0161kas surinkimas \u2013 baldai pristatomi plok\u0161\u010diose pakuot\u0117se su instrukcijomis ir surinkimo priedais<br \/>\nPriekin\u0117s dalies tipas: laminuota plok\u0161t\u0117 \/ MDF \/ lakuota laminuota plok\u0161t\u0117<\/p>","protected":false},"featured_media":180279,"comment_status":"open","ping_status":"open","template":"","meta":[],"product_brand":[],"product_cat":[9586,4746,1932],"product_tag":[],"class_list":{"0":"post-180278","1":"product","2":"type-product","3":"status-publish","4":"has-post-thumbnail","6":"product_cat-kitchen-furniture-econo-fadome","7":"product_cat-fadome","8":"product_cat-kitchen-sets","10":"first","11":"instock","12":"purchasable","13":"product-type-simple"},"_links":{"self":[{"href":"https:\/\/baldumarket.lt\/lt\/wp-json\/wp\/v2\/product\/180278","targetHints":{"allow":["GET"]}}],"collection":[{"href":"https:\/\/baldumarket.lt\/lt\/wp-json\/wp\/v2\/product"}],"about":[{"href":"https:\/\/baldumarket.lt\/lt\/wp-json\/wp\/v2\/types\/product"}],"replies":[{"embeddable":true,"href":"https:\/\/baldumarket.lt\/lt\/wp-json\/wp\/v2\/comments?post=180278"}],"wp:featuredmedia":[{"embeddable":true,"href":"https:\/\/baldumarket.lt\/lt\/wp-json\/wp\/v2\/media\/180279"}],"wp:attachment":[{"href":"https:\/\/baldumarket.lt\/lt\/wp-json\/wp\/v2\/media?parent=180278"}],"wp:term":[{"taxonomy":"product_brand","embeddable":true,"href":"https:\/\/baldumarket.lt\/lt\/wp-json\/wp\/v2\/product_brand?post=180278"},{"taxonomy":"product_cat","embeddable":true,"href":"https:\/\/baldumarket.lt\/lt\/wp-json\/wp\/v2\/product_cat?post=180278"},{"taxonomy":"product_tag","embeddable":true,"href":"https:\/\/baldumarket.lt\/lt\/wp-json\/wp\/v2\/product_tag?post=180278"}],"curies":[{"name":"wp","href":"https:\/\/api.w.org\/{rel}","templated":true}]}}