{"id":180238,"date":"2025-12-21T22:11:15","date_gmt":"2025-12-21T19:11:15","guid":{"rendered":"https:\/\/baldumarket.lt\/product\/kuchnia-econo-zestaw-a-270-cm-bez-blatu\/"},"modified":"2026-04-14T12:18:56","modified_gmt":"2026-04-14T09:18:56","slug":"kuchnia-econo-zestaw-a-270-cm-bez-blatu","status":"publish","type":"product","link":"https:\/\/baldumarket.lt\/lt\/product\/kuchnia-econo-zestaw-a-270-cm-bez-blatu\/","title":{"rendered":"Econo virtuv\u0117s komplektas A 270 cm be stalvir\u0161io"},"content":{"rendered":"<p>\u201eEcono\u201c virtuv\u0117 \u2013 tai modernus ir ergonomi\u0161kas virtuv\u0117s bald\u0173 komplektas, kuriam b\u016bdingos \u0161ios savyb\u0117s:<br \/>\nlaminuot\u0173 plok\u0161\u010di\u0173 korpusai<br \/>\nlaminuot\u0173 plok\u0161\u010di\u0173 pagrindai<br \/>\nlaminuot\u0173 plok\u0161\u010di\u0173 fasadai<br \/>\n10 cm auk\u0161\u010dio reguliuojamo auk\u0161\u010dio kojel\u0117s (reguliuojamos 9,5\u201313 cm)<br \/>\nmetalin\u0117s rankenos<br \/>\npastaba \u2013 frezavimas ant kiekvienos rankenos<br \/>\n\u0161velniai u\u017esidarantys vyriai, leid\u017eiantys durims u\u017esidaryti be trenksmo<br \/>\nvir\u0161utin\u0117s spintel\u0117s su auk\u0161\u010dio ir kampo reguliavimu<br \/>\nPapildomos funkcijos:<br \/>\nPagrindin\u0117 aparatin\u0117 \u012franga:<br \/>\nGTV arba NTP b\u0117giai (metalin\u0117 d\u0117\u017e\u0117 su stabd\u017eiais)<br \/>\nduj\u0173 keltuvai<br \/>\nPrabangi \u012franga galima \u012fsigyti u\u017e papildom\u0105 mokest\u012f:<br \/>\nHafele b\u0117geliai (\u0161velniai u\u017esidarantys)<br \/>\nBlum keltuvai<br \/>\nSpalvos:<br \/>\nSan Remo fasadai + baltas PVC<br \/>\nkorpusas \u2013 trys spalvos: Sonoma \u0105\u017euolas, Artisan \u0105\u017euolas arba Andersen pu\u0161is<br \/>\nCokolin\u0117s grindys \u2013 trij\u0173 spalv\u0173 pasirinkimas \u2013 Sonoma \u0105\u017euolas, Artisan \u0105\u017euolas arba Andersen pu\u0161is<br \/>\nKomplektas A 270 cm:<br \/>\nApatin\u0117s spintel\u0117s:<br \/>\n13D \u2013 90 cm kriaukl\u0117<br \/>\n8D \u2013 40 cm stal\u010diai<br \/>\n17D \u2013 60 cm skersmens orkait\u0117<br \/>\n6D \u2013 80 cm su stal\u010diumi<br \/>\nVir\u0161utin\u0117s spintel\u0117s<br \/>\n42G \u2013 90 cm vitrina su atlenkiamais atvartais<br \/>\n31G \u2013 40 cm<br \/>\n41G \u2013 80 cm vitrina su atlenkiamais atvartais<\/p>","protected":false},"excerpt":{"rendered":"<p>Gylis [cm] 32<br \/>\nGylis be vir\u0161utinio sluoksnio [cm] 51<br \/>\nGylis su stalvir\u0161iu [cm] 60<\/p>","protected":false},"featured_media":180239,"comment_status":"open","ping_status":"open","template":"","meta":[],"product_brand":[],"product_cat":[9586,4746,1932],"product_tag":[],"class_list":{"0":"post-180238","1":"product","2":"type-product","3":"status-publish","4":"has-post-thumbnail","6":"product_cat-kitchen-furniture-econo-fadome","7":"product_cat-fadome","8":"product_cat-kitchen-sets","10":"first","11":"instock","12":"purchasable","13":"product-type-simple"},"_links":{"self":[{"href":"https:\/\/baldumarket.lt\/lt\/wp-json\/wp\/v2\/product\/180238","targetHints":{"allow":["GET"]}}],"collection":[{"href":"https:\/\/baldumarket.lt\/lt\/wp-json\/wp\/v2\/product"}],"about":[{"href":"https:\/\/baldumarket.lt\/lt\/wp-json\/wp\/v2\/types\/product"}],"replies":[{"embeddable":true,"href":"https:\/\/baldumarket.lt\/lt\/wp-json\/wp\/v2\/comments?post=180238"}],"wp:featuredmedia":[{"embeddable":true,"href":"https:\/\/baldumarket.lt\/lt\/wp-json\/wp\/v2\/media\/180239"}],"wp:attachment":[{"href":"https:\/\/baldumarket.lt\/lt\/wp-json\/wp\/v2\/media?parent=180238"}],"wp:term":[{"taxonomy":"product_brand","embeddable":true,"href":"https:\/\/baldumarket.lt\/lt\/wp-json\/wp\/v2\/product_brand?post=180238"},{"taxonomy":"product_cat","embeddable":true,"href":"https:\/\/baldumarket.lt\/lt\/wp-json\/wp\/v2\/product_cat?post=180238"},{"taxonomy":"product_tag","embeddable":true,"href":"https:\/\/baldumarket.lt\/lt\/wp-json\/wp\/v2\/product_tag?post=180238"}],"curies":[{"name":"wp","href":"https:\/\/api.w.org\/{rel}","templated":true}]}}