{"id":180230,"date":"2025-12-21T22:11:07","date_gmt":"2025-12-21T19:11:07","guid":{"rendered":"https:\/\/baldumarket.lt\/product\/komoda-z-wnekami-oslo-os15-cashmere\/"},"modified":"2026-04-14T12:36:00","modified_gmt":"2026-04-14T09:36:00","slug":"komoda-z-wnekami-oslo-os15-cashmere","status":"publish","type":"product","link":"https:\/\/baldumarket.lt\/lt\/product\/komoda-z-wnekami-oslo-os15-cashmere\/","title":{"rendered":"Oslo OS15 ka\u0161myro komoda su ni\u0161omis"},"content":{"rendered":"<p>Moduliniai baldai \u201eOslo\u201c \u2013 modernus pasirinkimas su med\u017eio imitacijos intarpais. Parametrai:<br \/>\n16 mm laminuotos med\u017eio dro\u017eli\u0173 plok\u0161t\u0117s korpusas Riva \u0105\u017euolo spalvos, padengtas 0,3 mm melamino apvadu<br \/>\n25 mm laminuotos med\u017eio dro\u017eli\u0173 plok\u0161t\u0117s korpuso r\u0117mas Riva \u0105\u017euolo spalvos<br \/>\nRiva spalvos galin\u0117 panel\u0117<br \/>\nPriekin\u0117 dalis: MDF plok\u0161t\u0117, laminuota ka\u0161myro spalvos PVC<br \/>\nSistema be ranken\u0173<br \/>\n35 mm pasl\u0117pti vyriai su hidrauliniu \u0161velniu u\u017edarymu<br \/>\nStal\u010diai: 35 cm gylio, 3\/4 i\u0161traukiami b\u0117geliai su \u0161velnaus u\u017edarymo mechanizmu, montuojami apa\u010dioje<br \/>\nOslo sistemos baldai yra unikal\u016bs svetain\u0117s baldai. J\u0173 parametrai apima:<br \/>\nModernus dizainas<br \/>\nTvirta konstrukcija, pagaminta i\u0161 auk\u0161tos kokyb\u0117s laminuoto PVC<br \/>\nPatentuotas dizainas garantuoja auk\u0161\u010diausi\u0105 kokyb\u0119 ir d\u0117mes\u012f detal\u0117ms<br \/>\nAtskir\u0173 element\u0173 pasirinkimas<br \/>\nLED ap\u0161vietimas kaip standartin\u0117 \u012franga<br \/>\nKomoda \u201eOslo OS15\u201c \u2013 turi dvi spinteles, stal\u010di\u0173 ir dvi ni\u0161as. Tikros nuotraukos i\u0161 antrojo m\u0117nesio galerijoje.<br \/>\n\u00a0<\/p>","protected":false},"excerpt":{"rendered":"<p>plotis [cm] 78<br \/>\ngylis [cm] 38<br \/>\n\u016agis [cm] 120<\/p>","protected":false},"featured_media":180231,"comment_status":"open","ping_status":"open","template":"","meta":[],"product_brand":[],"product_cat":[9596,1173,4746],"product_tag":[],"class_list":{"0":"post-180230","1":"product","2":"type-product","3":"status-publish","4":"has-post-thumbnail","6":"product_cat-furniture-system-oslo-fadome","7":"product_cat-chests-of-drawers","8":"product_cat-fadome","10":"first","11":"instock","12":"purchasable","13":"product-type-simple"},"_links":{"self":[{"href":"https:\/\/baldumarket.lt\/lt\/wp-json\/wp\/v2\/product\/180230","targetHints":{"allow":["GET"]}}],"collection":[{"href":"https:\/\/baldumarket.lt\/lt\/wp-json\/wp\/v2\/product"}],"about":[{"href":"https:\/\/baldumarket.lt\/lt\/wp-json\/wp\/v2\/types\/product"}],"replies":[{"embeddable":true,"href":"https:\/\/baldumarket.lt\/lt\/wp-json\/wp\/v2\/comments?post=180230"}],"wp:featuredmedia":[{"embeddable":true,"href":"https:\/\/baldumarket.lt\/lt\/wp-json\/wp\/v2\/media\/180231"}],"wp:attachment":[{"href":"https:\/\/baldumarket.lt\/lt\/wp-json\/wp\/v2\/media?parent=180230"}],"wp:term":[{"taxonomy":"product_brand","embeddable":true,"href":"https:\/\/baldumarket.lt\/lt\/wp-json\/wp\/v2\/product_brand?post=180230"},{"taxonomy":"product_cat","embeddable":true,"href":"https:\/\/baldumarket.lt\/lt\/wp-json\/wp\/v2\/product_cat?post=180230"},{"taxonomy":"product_tag","embeddable":true,"href":"https:\/\/baldumarket.lt\/lt\/wp-json\/wp\/v2\/product_tag?post=180230"}],"curies":[{"name":"wp","href":"https:\/\/api.w.org\/{rel}","templated":true}]}}